{"id":2048,"date":"2023-11-28T22:54:47","date_gmt":"2023-11-28T22:54:47","guid":{"rendered":"https:\/\/siempre-azul.com\/locatie\/"},"modified":"2026-01-21T15:22:15","modified_gmt":"2026-01-21T15:22:15","slug":"locatie","status":"publish","type":"page","link":"https:\/\/siempre-azul.com\/nl\/locatie\/","title":{"rendered":"Locatie"},"content":{"rendered":"<p>[et_pb_section fb_built=&#8221;1&#8243; fullwidth=&#8221;on&#8221; disabled_on=&#8221;on|off|off&#8221; _builder_version=&#8221;4.23.1&#8243; _module_preset=&#8221;default&#8221; global_colors_info=&#8221;{}&#8221;][et_pb_fullwidth_image src=&#8221;https:\/\/siempre-azul.com\/wp-content\/uploads\/2023\/12\/CASA_AIRBNB_S2-45.jpg&#8221; title_text=&#8221;CASA_AIRBNB_S2-45&#8243; _builder_version=&#8221;4.23.1&#8243; _module_preset=&#8221;default&#8221; global_colors_info=&#8221;{}&#8221;][\/et_pb_fullwidth_image][\/et_pb_section][et_pb_section fb_built=&#8221;1&#8243; disabled_on=&#8221;off|on|on&#8221; _builder_version=&#8221;4.23.1&#8243; _module_preset=&#8221;default&#8221; background_image=&#8221;https:\/\/siempre-azul.com\/wp-content\/uploads\/2023\/12\/CASA_AIRBNB_S2-45.jpg&#8221; custom_padding=&#8221;150px||150px||true|false&#8221; global_colors_info=&#8221;{}&#8221;][et_pb_row _builder_version=&#8221;4.23.1&#8243; _module_preset=&#8221;default&#8221; global_colors_info=&#8221;{}&#8221;][et_pb_column type=&#8221;4_4&#8243; _builder_version=&#8221;4.23.1&#8243; _module_preset=&#8221;default&#8221; global_colors_info=&#8221;{}&#8221;][\/et_pb_column][\/et_pb_row][\/et_pb_section][et_pb_section fb_built=&#8221;1&#8243; custom_padding_last_edited=&#8221;on|phone&#8221; _builder_version=&#8221;4.23.1&#8243; _module_preset=&#8221;default&#8221; custom_padding=&#8221;||5px|||&#8221; custom_padding_tablet=&#8221;||5px|||&#8221; custom_padding_phone=&#8221;0px||||false|false&#8221; global_colors_info=&#8221;{}&#8221;][et_pb_row _builder_version=&#8221;4.23.1&#8243; _module_preset=&#8221;default&#8221; width=&#8221;90%&#8221; max_width=&#8221;1920px&#8221; custom_margin_tablet=&#8221;&#8221; custom_margin_phone=&#8221;||0px||false|false&#8221; custom_margin_last_edited=&#8221;on|tablet&#8221; custom_padding=&#8221;||0px||false|false&#8221; global_colors_info=&#8221;{}&#8221; custom_margin__hover_enabled=&#8221;on|desktop&#8221;][et_pb_column type=&#8221;4_4&#8243; _builder_version=&#8221;4.23.1&#8243; _module_preset=&#8221;default&#8221; global_colors_info=&#8221;{}&#8221;][et_pb_text _builder_version=&#8221;4.23.1&#8243; _module_preset=&#8221;default&#8221; header_font=&#8221;||||||||&#8221; custom_margin=&#8221;||-1px|||&#8221; header_font_size_tablet=&#8221;&#8221; header_font_size_phone=&#8221;30px&#8221; header_font_size_last_edited=&#8221;on|phone&#8221; global_colors_info=&#8221;{}&#8221;]<\/p>\n<h1>Locatie<\/h1>\n<p>[\/et_pb_text][et_pb_divider color=&#8221;#579A66&#8243; divider_weight=&#8221;4px&#8221; _builder_version=&#8221;4.23.1&#8243; _module_preset=&#8221;default&#8221; width=&#8221;4%&#8221; width_tablet=&#8221;4%&#8221; width_phone=&#8221;15%&#8221; width_last_edited=&#8221;on|phone&#8221; module_alignment=&#8221;left&#8221; custom_padding=&#8221;25px||||false|false&#8221; custom_padding_tablet=&#8221;25px||||false|false&#8221; custom_padding_phone=&#8221;10px||||false|false&#8221; custom_padding_last_edited=&#8221;on|phone&#8221; global_colors_info=&#8221;{}&#8221;][\/et_pb_divider][et_pb_text _builder_version=&#8221;4.23.1&#8243; _module_preset=&#8221;default&#8221; text_font=&#8221;|300|||||||&#8221; custom_margin_tablet=&#8221;&#8221; custom_margin_phone=&#8221;-20px||||false|false&#8221; custom_margin_last_edited=&#8221;on|phone&#8221; custom_padding_tablet=&#8221;&#8221; custom_padding_phone=&#8221;0px||||false|false&#8221; custom_padding_last_edited=&#8221;on|phone&#8221; global_colors_info=&#8221;{}&#8221;]<\/p>\n<p>50 min Marbella &#8211; 50 min Malaga Airport<br \/>Villa Flores ligt tussen Casarabonella en Ardales.<\/p>\n<p>[\/et_pb_text][et_pb_db_show_hide_button button_text=&#8221;show directions&#8221; db_active_text=&#8221;Close directions&#8221; db_hide_on_load=&#8221;#route&#8221; _builder_version=&#8221;4.27.4&#8243; _module_preset=&#8221;default&#8221; custom_margin=&#8221;||-8px|||&#8221; hover_enabled=&#8221;0&#8243; global_colors_info=&#8221;{}&#8221; db_toggle_on_click=&#8221;#route&#8221; sticky_enabled=&#8221;0&#8243;][\/et_pb_db_show_hide_button][dipl_button inline_buttons=&#8221;on&#8221; _builder_version=&#8221;4.27.4&#8243; _module_preset=&#8221;default&#8221; global_colors_info=&#8221;{}&#8221;][\/dipl_button][\/et_pb_column][\/et_pb_row][et_pb_row column_structure=&#8221;1_2,1_2&#8243; module_id=&#8221;route&#8221; _builder_version=&#8221;4.27.4&#8243; _module_preset=&#8221;default&#8221; width=&#8221;90%&#8221; max_width=&#8221;1920px&#8221; global_colors_info=&#8221;{}&#8221;][et_pb_column type=&#8221;1_2&#8243; _builder_version=&#8221;4.27.4&#8243; _module_preset=&#8221;default&#8221; global_colors_info=&#8221;{}&#8221;][et_pb_text _builder_version=&#8221;4.27.4&#8243; _module_preset=&#8221;default&#8221; text_font=&#8221;|300|||||||&#8221; header_font=&#8221;|600|||||||&#8221; header_2_font=&#8221;|600|||||||&#8221; header_2_text_color=&#8221;#579A66&#8243; header_2_font_size=&#8221;22px&#8221; header_3_font=&#8221;|||on|||||&#8221; header_3_font_size=&#8221;18px&#8221; global_colors_info=&#8221;{}&#8221;]<\/p>\n<h2>Hoe er te komen &#8211; Vanaf de luchthaven van M\u00e1laga<\/h2>\n<h3><\/h3>\n<h3>Met de auto<\/h3>\n<p>Siempre Azul ligt op ongeveer 50 minuten rijden van de luchthaven van M\u00e1laga (AGP).<br \/>Volg vanaf het vliegveld de hoofdwegen richting M\u00e1laga \/ Casabermeja \/ Casarabonela. De route is rechttoe rechtaan tot je Casarabonela bereikt. <\/p>\n<p><strong>Belangrijk &#8211; laatste deel van de route<\/strong><\/p>\n<p>Vanaf Casarabonela wordt de weg smal, bochtig en gestaag bergopwaarts naarmate je de bergen in klimt. Het landgoed ligt op een hoogte van meer dan 1.000 meter. <\/p>\n<p><strong>\u26a0\ufe0f Belangrijke navigatie-informatie<\/strong><br \/>Vertrouw niet op Google Maps of Waze voor het laatste deel van de reis, omdat deze apps alternatieve routes kunnen voorstellen die steiler, moeilijker of ongeschikt zijn.<\/p>\n<p>Volg in plaats daarvan zorgvuldig de weg en de kilometerpaaltjes.<\/p>\n<p>Sla na kilometerpaal 11 rechtsaf een onverharde weg in.<\/p>\n<p>Het laatste deel is onverhard en zeer steil bergafwaarts &#8211; rijd langzaam en voorzichtig.<\/p>\n<p>Het pand is bereikbaar met de auto, maar we raden sterk aan om bij daglicht te arriveren, vooral als je niet bekend bent met bergwegen.<\/p>\n<p>Na het boeken krijg je een gedetailleerde routebeschrijving en we zijn altijd beschikbaar als je hulp nodig hebt tijdens je reis.<\/p>\n<p>[\/et_pb_text][\/et_pb_column][et_pb_column type=&#8221;1_2&#8243; _builder_version=&#8221;4.27.4&#8243; _module_preset=&#8221;default&#8221; global_colors_info=&#8221;{}&#8221;][\/et_pb_column][\/et_pb_row][et_pb_row column_structure=&#8221;1_2,1_2&#8243; custom_padding_last_edited=&#8221;on|phone&#8221; _builder_version=&#8221;4.23.1&#8243; _module_preset=&#8221;default&#8221; width=&#8221;90%&#8221; max_width=&#8221;1920px&#8221; custom_margin=&#8221;10px|auto||auto||&#8221; custom_padding_tablet=&#8221;&#8221; custom_padding_phone=&#8221;0px||||false|false&#8221; global_colors_info=&#8221;{}&#8221;][et_pb_column type=&#8221;1_2&#8243; _builder_version=&#8221;4.23.1&#8243; _module_preset=&#8221;default&#8221; global_colors_info=&#8221;{}&#8221;][et_pb_text _builder_version=&#8221;4.23.1&#8243; _module_preset=&#8221;default&#8221; text_font=&#8221;|300|||||||&#8221; global_colors_info=&#8221;{}&#8221;]<\/p>\n<p>Het gebied tussen Casarabonela en Ardales is prachtig en biedt veel mogelijkheden voor natuurliefhebbers en avonturiers.<\/p>\n<p>Casarabonela is een pittoresk dorpje in de provincie M\u00e1laga, in het zuiden van Spanje. Het wordt omringd door bergen en biedt een adembenemend uitzicht op het omliggende platteland. Het dorp zelf heeft smalle straatjes en witgekalkte huizen, typisch voor de Andalusische architectuur. Je vindt er ook verschillende historische bezienswaardigheden, zoals het Moorse kasteel dat boven het dorp uittorent.<\/p>\n<p>Vanuit Casarabonela kun je beginnen aan een prachtige route naar Ardales. Deze route voert je door het natuurpark Sierra de las Nieves, dat bekend staat om zijn unieke flora en fauna. Het park heeft steile pieken, diepe valleien en dichte bossen, waardoor het ideaal is voor wandelaars en vogelaars.<\/p>\n<p>Onderweg kom je ook langs de beroemde Caminito del Rey, een spectaculair wandelpad dat bekend staat als de &#8220;Koningsweg&#8221;.<\/p>\n<p>[\/et_pb_text][\/et_pb_column][et_pb_column type=&#8221;1_2&#8243; _builder_version=&#8221;4.23.1&#8243; _module_preset=&#8221;default&#8221; global_colors_info=&#8221;{}&#8221;][supreme_leaflet_map use_custom_latlng=&#8221;on&#8221; address_custom_lat=&#8221;36.799770&#8243; address_custom_lng=&#8221;-4.843620&#8243; address_custom_zoom=&#8221;13&#8243; marker_cluster=&#8221;on&#8221; _builder_version=&#8221;4.23.1&#8243; _module_preset=&#8221;default&#8221; global_colors_info=&#8221;{}&#8221;][supreme_leaflet_map_item title=&#8221;Villa Flores&#8221; pin_address=&#8221;Villa Flores&#8221; use_custom_latlng=&#8221;on&#8221; address_custom_lat=&#8221;18.033020&#8243; address_custom_lng=&#8221;-96.913380&#8243; use_marker_custom=&#8221;on&#8221; marker_icon_src=&#8221;https:\/\/siempre-azul.com\/wp-content\/uploads\/2023\/11\/location-dot-sharp-solid.png&#8221; marker_height=&#8221;32&#8243; _builder_version=&#8221;4.23.1&#8243; _module_preset=&#8221;default&#8221; global_colors_info=&#8221;{}&#8221;][\/supreme_leaflet_map_item][supreme_leaflet_map_item title=&#8221;Luchthaven Malaga&#8221; pin_address=&#8221;Av. del Comandante Garc\u00eda Morato, s\/n, 29004, M\u00e1laga, Spanje&#8221; use_custom_latlng=&#8221;on&#8221; address_custom_lat=&#8221;36.676050&#8243; address_custom_lng=&#8221;-4.488750&#8243; use_marker_custom=&#8221;on&#8221; marker_icon_src=&#8221;https:\/\/siempre-azul.com\/wp-content\/uploads\/2023\/11\/plane-sharp-solid.png&#8221; _builder_version=&#8221;4.23.1&#8243; _module_preset=&#8221;default&#8221; global_colors_info=&#8221;{}&#8221;][\/supreme_leaflet_map_item][\/supreme_leaflet_map][\/et_pb_column][\/et_pb_row][\/et_pb_section][et_pb_section fb_built=&#8221;1&#8243; _builder_version=&#8221;4.23.1&#8243; _module_preset=&#8221;default&#8221; custom_padding=&#8221;0px||2px|||&#8221; global_colors_info=&#8221;{}&#8221;][et_pb_row use_custom_gutter=&#8221;on&#8221; gutter_width=&#8221;1&#8243; make_equal=&#8221;on&#8221; _builder_version=&#8221;4.23.1&#8243; _module_preset=&#8221;default&#8221; width=&#8221;100%&#8221; max_width=&#8221;2560px&#8221; custom_padding=&#8221;||1px|||&#8221; global_colors_info=&#8221;{}&#8221;][et_pb_column type=&#8221;4_4&#8243; _builder_version=&#8221;4.23.1&#8243; _module_preset=&#8221;default&#8221; global_colors_info=&#8221;{}&#8221;][dsm_image_accordion image_accordion_animation_sequence=&#8221;on&#8221; _builder_version=&#8221;4.23.1&#8243; _module_preset=&#8221;default&#8221; global_colors_info=&#8221;{}&#8221;][dsm_image_accordion_child image_accordion_src=&#8221;https:\/\/siempre-azul.com\/wp-content\/uploads\/2023\/11\/Casarabonela-waterfall.webp&#8221; _builder_version=&#8221;4.23.1&#8243; _module_preset=&#8221;default&#8221; global_colors_info=&#8221;{}&#8221;][\/dsm_image_accordion_child][dsm_image_accordion_child image_accordion_src=&#8221;https:\/\/siempre-azul.com\/wp-content\/uploads\/2023\/11\/Casarabonela-village.webp&#8221; _builder_version=&#8221;4.23.1&#8243; _module_preset=&#8221;default&#8221; global_colors_info=&#8221;{}&#8221;][\/dsm_image_accordion_child][dsm_image_accordion_child image_accordion_src=&#8221;https:\/\/siempre-azul.com\/wp-content\/uploads\/2023\/11\/Casarabonela-hiking.webp&#8221; _builder_version=&#8221;4.23.1&#8243; _module_preset=&#8221;default&#8221; global_colors_info=&#8221;{}&#8221;][\/dsm_image_accordion_child][dsm_image_accordion_child image_accordion_src=&#8221;https:\/\/siempre-azul.com\/wp-content\/uploads\/2023\/11\/Casarabonela-centro.webp&#8221; _builder_version=&#8221;4.23.1&#8243; _module_preset=&#8221;default&#8221; global_colors_info=&#8221;{}&#8221;][\/dsm_image_accordion_child][dsm_image_accordion_child image_accordion_src=&#8221;https:\/\/siempre-azul.com\/wp-content\/uploads\/2023\/11\/Casarabonela-cactus.webp&#8221; _builder_version=&#8221;4.23.1&#8243; _module_preset=&#8221;default&#8221; global_colors_info=&#8221;{}&#8221;][\/dsm_image_accordion_child][\/dsm_image_accordion][\/et_pb_column][\/et_pb_row][\/et_pb_section]<\/p>\n","protected":false},"excerpt":{"rendered":"<p>Locatie50 min Marbella &#8211; 50 min Malaga AirportVilla Flores ligt tussen Casarabonella en Ardales.<div class=\"et_pb_module dipl_button dipl_button_0\">\n\t\t\t\t\n\t\t\t\t\n\t\t\t\t\n\t\t\t\t\n\t\t\t\t\n\t\t\t\t\n\t\t\t\t<div class=\"et_pb_module_inner\">\n\t\t\t\t\t\n\t\t\t\t<\/div>\n\t\t\t<\/div>Hoe er te komen &#8211; Vanaf de luchthaven van M\u00e1laga Met de auto Siempre Azul ligt op ongeveer 50 minuten rijden van de luchthaven van M\u00e1laga (AGP).Volg vanaf het vliegveld de hoofdwegen richting M\u00e1laga \/ Casabermeja \/ Casarabonela. [&hellip;]<\/p>\n","protected":false},"author":1,"featured_media":0,"parent":0,"menu_order":0,"comment_status":"closed","ping_status":"closed","template":"","meta":{"_et_pb_use_builder":"on","_et_pb_old_content":"","_et_gb_content_width":"","footnotes":""},"class_list":["post-2048","page","type-page","status-publish","hentry"],"_links":{"self":[{"href":"https:\/\/siempre-azul.com\/nl\/wp-json\/wp\/v2\/pages\/2048","targetHints":{"allow":["GET"]}}],"collection":[{"href":"https:\/\/siempre-azul.com\/nl\/wp-json\/wp\/v2\/pages"}],"about":[{"href":"https:\/\/siempre-azul.com\/nl\/wp-json\/wp\/v2\/types\/page"}],"author":[{"embeddable":true,"href":"https:\/\/siempre-azul.com\/nl\/wp-json\/wp\/v2\/users\/1"}],"replies":[{"embeddable":true,"href":"https:\/\/siempre-azul.com\/nl\/wp-json\/wp\/v2\/comments?post=2048"}],"version-history":[{"count":7,"href":"https:\/\/siempre-azul.com\/nl\/wp-json\/wp\/v2\/pages\/2048\/revisions"}],"predecessor-version":[{"id":3034,"href":"https:\/\/siempre-azul.com\/nl\/wp-json\/wp\/v2\/pages\/2048\/revisions\/3034"}],"wp:attachment":[{"href":"https:\/\/siempre-azul.com\/nl\/wp-json\/wp\/v2\/media?parent=2048"}],"curies":[{"name":"wp","href":"https:\/\/api.w.org\/{rel}","templated":true}]}}