{"id":2530,"date":"2023-11-28T19:11:04","date_gmt":"2023-11-28T19:11:04","guid":{"rendered":"https:\/\/siempre-azul.com\/hebergement\/"},"modified":"2026-01-21T15:22:12","modified_gmt":"2026-01-21T15:22:12","slug":"hebergement","status":"publish","type":"page","link":"https:\/\/siempre-azul.com\/fr\/hebergement\/","title":{"rendered":"H\u00e9bergement"},"content":{"rendered":"<p>[et_pb_section fb_built=\u00a0\u00bb1&Prime; _builder_version=\u00a0\u00bb4.23.1&Prime; _module_preset=\u00a0\u00bbdefault\u00a0\u00bb global_colors_info=\u00a0\u00bb{}\u00a0\u00bb][et_pb_row _builder_version=\u00a0\u00bb4.23.1&Prime; _module_preset=\u00a0\u00bbdefault\u00a0\u00bb width=\u00a0\u00bb90%\u00a0\u00bb max_width=\u00a0\u00bb1920px\u00a0\u00bb custom_margin=\u00a0\u00bb100px||||false|false\u00a0\u00bb custom_margin_tablet=\u00a0\u00bb140px||||false|false\u00a0\u00bb custom_margin_phone=\u00a0\u00bbauto||||false|false\u00a0\u00bb custom_margin_last_edited=\u00a0\u00bbon|tablet\u00a0\u00bb global_colors_info=\u00a0\u00bb{}\u00a0\u00bb][et_pb_column type=\u00a0\u00bb4_4&Prime; _builder_version=\u00a0\u00bb4.23.1&Prime; _module_preset=\u00a0\u00bbdefault\u00a0\u00bb global_colors_info=\u00a0\u00bb{}\u00a0\u00bb][et_pb_text _builder_version=\u00a0\u00bb4.23.1&Prime; _module_preset=\u00a0\u00bbdefault\u00a0\u00bb custom_margin=\u00a0\u00bb||-1px|||\u00a0\u00bb header_font_size_tablet=\u00a0\u00bb\u00a0\u00bb header_font_size_phone=\u00a0\u00bb1.5em\u00a0\u00bb header_font_size_last_edited=\u00a0\u00bbon|phone\u00a0\u00bb global_colors_info=\u00a0\u00bb{}\u00a0\u00bb]<\/p>\n<h1>H\u00e9bergement<\/h1>\n<p>[\/et_pb_text][et_pb_divider color=\u00a0\u00bb#579A66&Prime; divider_weight=\u00a0\u00bb4px\u00a0\u00bb _builder_version=\u00a0\u00bb4.23.1&Prime; _module_preset=\u00a0\u00bbdefault\u00a0\u00bb width=\u00a0\u00bb15%\u00a0\u00bb module_alignment=\u00a0\u00bbleft\u00a0\u00bb custom_padding=\u00a0\u00bb25px||||false|false\u00a0\u00bb custom_padding_tablet=\u00a0\u00bb25px||||false|false\u00a0\u00bb custom_padding_phone=\u00a0\u00bb10px||||false|false\u00a0\u00bb custom_padding_last_edited=\u00a0\u00bbon|phone\u00a0\u00bb global_colors_info=\u00a0\u00bb{}\u00a0\u00bb][\/et_pb_divider][et_pb_text _builder_version=\u00a0\u00bb4.27.4&Prime; _module_preset=\u00a0\u00bbdefault\u00a0\u00bb text_font=\u00a0\u00bb|300|||||||\u00a0\u00bb custom_margin_tablet=\u00a0\u00bb\u00a0\u00bb custom_margin_phone=\u00a0\u00bb-20px||||false|false\u00a0\u00bb custom_margin_last_edited=\u00a0\u00bbon|phone\u00a0\u00bb global_colors_info=\u00a0\u00bb{}\u00a0\u00bb]Situ\u00e9 sur un domaine priv\u00e9, le Siempre Azul se compose d&rsquo;une villa principale spacieuse, pouvant accueillir des groupes allant jusqu&rsquo;\u00e0 7 personnes, et d&rsquo;une annexe s\u00e9par\u00e9e offrant deux chambres doubles plus petites, chacune pouvant accueillir 2 personnes.<\/p>\n<p>Pour les groupes plus petits (jusqu&rsquo;\u00e0 7 personnes), l&rsquo;h\u00e9bergement peut \u00eatre r\u00e9serv\u00e9 par chambre. Dans ce cas, le domaine et ses installations communes peuvent \u00eatre partag\u00e9s avec d&rsquo;autres h\u00f4tes partageant les m\u00eames id\u00e9es.<\/p>\n<p>Pour les groupes de plus de 7 personnes, l&rsquo;ensemble du logement est r\u00e9serv\u00e9 en exclusivit\u00e9, ce qui garantit l&rsquo;utilisation priv\u00e9e de tous les \u00e9quipements de la propri\u00e9t\u00e9.<\/p>\n<p>Un h\u00f4te est pr\u00e9sent pendant votre s\u00e9jour pour vous assurer un confort et une exp\u00e9rience sans faille.<\/p>\n<p>Pour conna\u00eetre les disponibilit\u00e9s, les prix et les conditions de r\u00e9servation d\u00e9taill\u00e9es, veuillez consulter la page de r\u00e9servation.[\/et_pb_text][\/et_pb_column][\/et_pb_row][et_pb_row column_structure=\u00a0\u00bb2_5,3_5&Prime; use_custom_gutter=\u00a0\u00bbon\u00a0\u00bb gutter_width=\u00a0\u00bb1&Prime; make_equal=\u00a0\u00bbon\u00a0\u00bb custom_padding_last_edited=\u00a0\u00bbon|phone\u00a0\u00bb _builder_version=\u00a0\u00bb4.27.4&Prime; _module_preset=\u00a0\u00bbdefault\u00a0\u00bb width=\u00a0\u00bb90%\u00a0\u00bb max_width=\u00a0\u00bb1920px\u00a0\u00bb custom_margin_tablet=\u00a0\u00bb\u00a0\u00bb custom_margin_phone=\u00a0\u00bb\u00a0\u00bb custom_margin_last_edited=\u00a0\u00bbon|phone\u00a0\u00bb custom_padding_tablet=\u00a0\u00bb\u00a0\u00bb custom_padding_phone=\u00a0\u00bb0px||||false|false\u00a0\u00bb global_colors_info=\u00a0\u00bb{}\u00a0\u00bb][et_pb_column type=\u00a0\u00bb2_5&Prime; _builder_version=\u00a0\u00bb4.23.1&Prime; _module_preset=\u00a0\u00bbdefault\u00a0\u00bb background_color=\u00a0\u00bb#579A66&Prime; custom_padding=\u00a0\u00bb20px|20px|20px|20px|true|true\u00a0\u00bb custom_padding_tablet=\u00a0\u00bb20px|20px|20px|20px|true|true\u00a0\u00bb custom_padding_phone=\u00a0\u00bb|0px||0px|true|true\u00a0\u00bb custom_padding_last_edited=\u00a0\u00bbon|phone\u00a0\u00bb global_colors_info=\u00a0\u00bb{}\u00a0\u00bb][et_pb_text _builder_version=\u00a0\u00bb4.27.4&Prime; _module_preset=\u00a0\u00bbdefault\u00a0\u00bb text_text_color=\u00a0\u00bb#FFFFFF\u00a0\u00bb header_3_text_align=\u00a0\u00bbleft\u00a0\u00bb header_3_text_color=\u00a0\u00bb#FFFFFF\u00a0\u00bb header_3_font_size=\u00a0\u00bb40px\u00a0\u00bb text_orientation=\u00a0\u00bbright\u00a0\u00bb custom_padding=\u00a0\u00bb40px|40px|6px|40px|false|true\u00a0\u00bb custom_padding_tablet=\u00a0\u00bb40px|40px||40px|false|true\u00a0\u00bb custom_padding_phone=\u00a0\u00bb10px|10px||10px|false|true\u00a0\u00bb custom_padding_last_edited=\u00a0\u00bbon|phone\u00a0\u00bb header_3_font_size_tablet=\u00a0\u00bb40px\u00a0\u00bb header_3_font_size_phone=\u00a0\u00bb30px\u00a0\u00bb header_3_font_size_last_edited=\u00a0\u00bbon|phone\u00a0\u00bb global_colors_info=\u00a0\u00bb{}\u00a0\u00bb]<\/p>\n<h3>La Villa<\/h3>\n<p><i class=\"fa-solid fa-users\"><\/i>  7 personnes<\/p>\n<p>[\/et_pb_text][et_pb_divider color=\u00a0\u00bbrgba(255,255,255,0.42)\u00a0\u00bb divider_weight=\u00a0\u00bb2px\u00a0\u00bb _builder_version=\u00a0\u00bb4.23.1&Prime; _module_preset=\u00a0\u00bbdefault\u00a0\u00bb custom_padding=\u00a0\u00bb|40px||40px|false|true\u00a0\u00bb custom_padding_tablet=\u00a0\u00bb|40px||40px|false|true\u00a0\u00bb custom_padding_phone=\u00a0\u00bb|10px||10px|false|true\u00a0\u00bb custom_padding_last_edited=\u00a0\u00bbon|phone\u00a0\u00bb global_colors_info=\u00a0\u00bb{}\u00a0\u00bb][\/et_pb_divider][et_pb_text _builder_version=\u00a0\u00bb4.27.4&Prime; _module_preset=\u00a0\u00bbdefault\u00a0\u00bb text_text_color=\u00a0\u00bb#FFFFFF\u00a0\u00bb text_font_size=\u00a0\u00bb14px\u00a0\u00bb custom_padding=\u00a0\u00bb|40px||40px|false|true\u00a0\u00bb custom_padding_tablet=\u00a0\u00bb|40px||40px|false|true\u00a0\u00bb custom_padding_phone=\u00a0\u00bb|10px||10px|false|true\u00a0\u00bb custom_padding_last_edited=\u00a0\u00bbon|phone\u00a0\u00bb global_colors_info=\u00a0\u00bb{}\u00a0\u00bb]<\/p>\n<p>Le b\u00e2timent principal offre trois chambres spacieuses, con\u00e7ues pour le confort et la flexibilit\u00e9 :<\/p>\n<p><strong>Chambre 1<\/strong><br \/>Une chambre confortable avec un lit double ou deux lits simples.<br \/>Une salle de bain adjacente avec une baignoire et une douche est disponible.<br \/>Cette salle de bain a un acc\u00e8s s\u00e9par\u00e9 et peut \u00e9galement \u00eatre partag\u00e9e avec la chambre 3.<\/p>\n<p><strong>Chambre 2<\/strong><br \/>Une chambre tr\u00e8s spacieuse avec un lit double et un lit simple, ou trois lits simples.<br \/>Cette chambre comprend une salle de bain priv\u00e9e avec douche.<\/p>\n<p><strong>Chambre 3<\/strong><br \/>Une chambre confortable avec un lit double.<br \/>La salle de bain de la chambre 1 est partag\u00e9e.<\/p>\n<p>&nbsp;<\/p>\n<p>[\/et_pb_text][et_pb_text _builder_version=\u00a0\u00bb4.27.4&Prime; _module_preset=\u00a0\u00bbdefault\u00a0\u00bb custom_margin=\u00a0\u00bb|40px||40px|true|true\u00a0\u00bb hover_enabled=\u00a0\u00bb0&Prime; global_colors_info=\u00a0\u00bb{}\u00a0\u00bb text_text_color=\u00a0\u00bb#FFFFFF\u00a0\u00bb sticky_enabled=\u00a0\u00bb0&Prime;]<\/p>\n<p>Le salon, dot\u00e9 d&rsquo;une chemin\u00e9e, est confortable et accueillant. Cela cr\u00e9e une atmosph\u00e8re chaleureuse et confortable, id\u00e9ale pour se d\u00e9tendre pendant les soir\u00e9es plus fra\u00eeches. Il y a un patio int\u00e9rieur avec de la vigne.<\/p>\n<p>La terrasse couverte, d&rsquo;une superficie impressionnante de 70 m\u00e8tres carr\u00e9s, permet de profiter de la beaut\u00e9 de l&rsquo;environnement ext\u00e9rieur. C&rsquo;est un endroit id\u00e9al pour se d\u00e9tendre et manger en plein air.<\/p>\n<p>Pour ceux qui aiment cuisiner et recevoir en plein air, la villa dispose d&rsquo;un espace barbecue couvert. R\u00e9unissez vos proches et d\u00e9gustez de d\u00e9licieux repas dans un cadre pittoresque.<\/p>\n<p>Restez connect\u00e9 et diverti gr\u00e2ce au son Bluetooth et \u00e0 l&rsquo;acc\u00e8s \u00e0 Internet disponible dans la villa.<\/p>\n<p>Rafra\u00eechissez-vous en faisant un plongeon dans la piscine de la villa. Que vous souhaitiez vous rafra\u00eechir ou simplement profiter du soleil, la piscine est un v\u00e9ritable oasis.<\/p>\n<p>La villa est situ\u00e9e sur un vaste terrain de 32 781 m\u00e8tres carr\u00e9s, ce qui vous offre beaucoup d&rsquo;espace et d&rsquo;intimit\u00e9.<\/p>\n<p>[\/et_pb_text][et_pb_text _builder_version=\u00a0\u00bb4.27.4&Prime; _module_preset=\u00a0\u00bbdefault\u00a0\u00bb text_text_color=\u00a0\u00bb#FFFFFF\u00a0\u00bb header_3_text_align=\u00a0\u00bbleft\u00a0\u00bb header_3_text_color=\u00a0\u00bb#FFFFFF\u00a0\u00bb header_3_font_size=\u00a0\u00bb40px\u00a0\u00bb text_orientation=\u00a0\u00bbright\u00a0\u00bb min_height=\u00a0\u00bb121.8px\u00a0\u00bb custom_padding=\u00a0\u00bb40px|40px||40px|false|true\u00a0\u00bb custom_padding_tablet=\u00a0\u00bb40px|40px||40px|false|true\u00a0\u00bb custom_padding_phone=\u00a0\u00bb10px|10px||10px|false|true\u00a0\u00bb custom_padding_last_edited=\u00a0\u00bbon|phone\u00a0\u00bb header_3_font_size_tablet=\u00a0\u00bb40px\u00a0\u00bb header_3_font_size_phone=\u00a0\u00bb30px\u00a0\u00bb header_3_font_size_last_edited=\u00a0\u00bbon|phone\u00a0\u00bb global_colors_info=\u00a0\u00bb{}\u00a0\u00bb]<\/p>\n<h3>Annexe<\/h3>\n<p><i class=\"fa-solid fa-users\"><\/i>  4 personnes<\/p>\n<p>[\/et_pb_text][et_pb_divider color=\u00a0\u00bbrgba(255,255,255,0.42)\u00a0\u00bb divider_weight=\u00a0\u00bb2px\u00a0\u00bb _builder_version=\u00a0\u00bb4.23.1&Prime; _module_preset=\u00a0\u00bbdefault\u00a0\u00bb custom_padding=\u00a0\u00bb|40px||40px|false|true\u00a0\u00bb custom_padding_tablet=\u00a0\u00bb|40px||40px|false|true\u00a0\u00bb custom_padding_phone=\u00a0\u00bb|10px||10px|false|true\u00a0\u00bb custom_padding_last_edited=\u00a0\u00bbon|phone\u00a0\u00bb global_colors_info=\u00a0\u00bb{}\u00a0\u00bb][\/et_pb_divider][et_pb_text _builder_version=\u00a0\u00bb4.27.4&Prime; _module_preset=\u00a0\u00bbdefault\u00a0\u00bb text_text_color=\u00a0\u00bb#FFFFFF\u00a0\u00bb text_font_size=\u00a0\u00bb14px\u00a0\u00bb custom_padding=\u00a0\u00bb|40px||40px|false|true\u00a0\u00bb global_colors_info=\u00a0\u00bb{}\u00a0\u00bb]<\/p>\n<p>L&rsquo;annexe offre deux chambres confortables, chacune avec sa propre salle de bain priv\u00e9e avec douche :<\/p>\n<p><strong>Chambre 1<\/strong><br \/>Une chambre confortable avec un lit double et une salle de bain priv\u00e9e avec douche.<\/p>\n<p><strong>Chambre 2<\/strong><br \/>Une chambre lumineuse et flexible avec un lit double ou deux lits simples, disposant \u00e9galement d&rsquo;une salle de bain priv\u00e9e avec douche.<\/p>\n<p>[\/et_pb_text][dipl_button buttons_alignment=\u00a0\u00bbright\u00a0\u00bb _builder_version=\u00a0\u00bb4.27.4&Prime; _module_preset=\u00a0\u00bbdefault\u00a0\u00bb positioning=\u00a0\u00bbrelative\u00a0\u00bb position_origin_r=\u00a0\u00bbbottom_right\u00a0\u00bb vertical_offset=\u00a0\u00bb-40px\u00a0\u00bb vertical_offset_tablet=\u00a0\u00bb-40px\u00a0\u00bb vertical_offset_phone=\u00a0\u00bb-40px\u00a0\u00bb vertical_offset_last_edited=\u00a0\u00bbon|tablet\u00a0\u00bb width=\u00a0\u00bb100%\u00a0\u00bb module_alignment=\u00a0\u00bbright\u00a0\u00bb hover_enabled=\u00a0\u00bb0&Prime; button_font_size_tablet=\u00a0\u00bb\u00a0\u00bb button_font_size_phone=\u00a0\u00bb14px\u00a0\u00bb button_font_size_last_edited=\u00a0\u00bbon|phone\u00a0\u00bb global_colors_info=\u00a0\u00bb{}\u00a0\u00bb inline_buttons=\u00a0\u00bbon\u00a0\u00bb sticky_enabled=\u00a0\u00bb0&Prime;][dipl_button_item button_text=\u00a0\u00bbbooking details\u00a0\u00bb button_url=\u00a0\u00bb\/book\u00a0\u00bb button_use_icon=\u00a0\u00bbon\u00a0\u00bb button_icon=\u00a0\u00bb&#x24;||divi||400&Prime; button_on_hover=\u00a0\u00bboff\u00a0\u00bb button_custom_margin=\u00a0\u00bb|40px|40px||false|false\u00a0\u00bb _builder_version=\u00a0\u00bb4.27.4&Prime; _module_preset=\u00a0\u00bbdefault\u00a0\u00bb button_font=\u00a0\u00bb|||on|||||\u00a0\u00bb button_text_color=\u00a0\u00bb#FFFFFF\u00a0\u00bb text_orientation=\u00a0\u00bbright\u00a0\u00bb hover_enabled=\u00a0\u00bb0&Prime; button_letter_spacing_tablet=\u00a0\u00bb\u00a0\u00bb button_letter_spacing_phone=\u00a0\u00bb\u00a0\u00bb button_letter_spacing_last_edited=\u00a0\u00bbon|desktop\u00a0\u00bb border_width_all=\u00a0\u00bb1px\u00a0\u00bb border_color_all=\u00a0\u00bb#FFFFFF\u00a0\u00bb global_colors_info=\u00a0\u00bb{}\u00a0\u00bb button_letter_spacing__hover_enabled=\u00a0\u00bbon|desktop\u00a0\u00bb button_letter_spacing__hover=\u00a0\u00bb2px\u00a0\u00bb button_bg_color__hover_enabled=\u00a0\u00bbon|hover\u00a0\u00bb button_bg_color__hover=\u00a0\u00bbrgba(255,255,255,0.08)\u00a0\u00bb button_bg_enable_color__hover=\u00a0\u00bbon\u00a0\u00bb sticky_enabled=\u00a0\u00bb0&Prime;][\/dipl_button_item][dipl_button_item _builder_version=\u00a0\u00bb4.27.4&Prime; _module_preset=\u00a0\u00bbdefault\u00a0\u00bb button_text=\u00a0\u00bbImpressions\u00a0\u00bb button_url=\u00a0\u00bb@ET-DC@eyJkeW5hbWljIjp0cnVlLCJjb250ZW50IjoicG9zdF9saW5rX3VybF9wYWdlIiwic2V0dGluZ3MiOnsicG9zdF9pZCI6IjIwMSIsImVuYWJsZV9odG1sIjoib2ZmIn19@\u00a0\u00bb _dynamic_attributes=\u00a0\u00bbbutton_url\u00a0\u00bb sticky_enabled=\u00a0\u00bb0&Prime; button_use_icon=\u00a0\u00bbon\u00a0\u00bb button_icon=\u00a0\u00bb&#x24;||divi||400&Prime; button_on_hover=\u00a0\u00bboff\u00a0\u00bb button_custom_margin=\u00a0\u00bb|40px|40px||false|false\u00a0\u00bb button_font=\u00a0\u00bb|||on|||||\u00a0\u00bb button_text_color=\u00a0\u00bb#FFFFFF\u00a0\u00bb text_orientation=\u00a0\u00bbright\u00a0\u00bb border_width_all=\u00a0\u00bb1px\u00a0\u00bb border_color_all=\u00a0\u00bb#FFFFFF\u00a0\u00bb button_bg_color__hover=\u00a0\u00bbrgba(255,255,255,0.08)\u00a0\u00bb button_bg_color__hover_enabled=\u00a0\u00bbon|hover\u00a0\u00bb button_letter_spacing__hover=\u00a0\u00bb2px\u00a0\u00bb button_letter_spacing__hover_enabled=\u00a0\u00bbon|desktop\u00a0\u00bb button_letter_spacing_last_edited=\u00a0\u00bbon|desktop\u00a0\u00bb][\/dipl_button_item][\/dipl_button][\/et_pb_column][et_pb_column type=\u00a0\u00bb3_5&Prime; _builder_version=\u00a0\u00bb4.23.1&Prime; _module_preset=\u00a0\u00bbdefault\u00a0\u00bb global_colors_info=\u00a0\u00bb{}\u00a0\u00bb][et_pb_slider show_arrows=\u00a0\u00bboff\u00a0\u00bb dot_nav_custom_color=\u00a0\u00bb#FFFFFF\u00a0\u00bb _builder_version=\u00a0\u00bb4.23.1&Prime; _module_preset=\u00a0\u00bbdefault\u00a0\u00bb global_colors_info=\u00a0\u00bb{}\u00a0\u00bb][et_pb_slide dot_nav_custom_color=\u00a0\u00bb#FFFFFF\u00a0\u00bb image_tablet=\u00a0\u00bb\u00a0\u00bb image_phone=\u00a0\u00bb\u00a0\u00bb image_last_edited=\u00a0\u00bbon|phone\u00a0\u00bb _builder_version=\u00a0\u00bb4.23.1&Prime; _module_preset=\u00a0\u00bbdefault\u00a0\u00bb background_color=\u00a0\u00bbRGBA(255,255,255,0)\u00a0\u00bb background_enable_color=\u00a0\u00bbon\u00a0\u00bb background_image=\u00a0\u00bbhttps:\/\/siempre-azul.com\/wp-content\/uploads\/2023\/11\/CASA_AIRBNB-98.jpg\u00a0\u00bb background_enable_image=\u00a0\u00bbon\u00a0\u00bb width=\u00a0\u00bb100%\u00a0\u00bb custom_padding=\u00a0\u00bb400px||400px||true|false\u00a0\u00bb custom_padding_tablet=\u00a0\u00bb290px||290px||true|false\u00a0\u00bb custom_padding_phone=\u00a0\u00bb290px||290px||true|false\u00a0\u00bb custom_padding_last_edited=\u00a0\u00bbon|desktop\u00a0\u00bb global_colors_info=\u00a0\u00bb{}\u00a0\u00bb sticky_transition=\u00a0\u00bbon\u00a0\u00bb][\/et_pb_slide][et_pb_slide dot_nav_custom_color=\u00a0\u00bb#FFFFFF\u00a0\u00bb image_tablet=\u00a0\u00bb\u00a0\u00bb image_phone=\u00a0\u00bb\u00a0\u00bb image_last_edited=\u00a0\u00bbon|phone\u00a0\u00bb _builder_version=\u00a0\u00bb4.23.1&Prime; _module_preset=\u00a0\u00bbdefault\u00a0\u00bb background_color=\u00a0\u00bbRGBA(255,255,255,0)\u00a0\u00bb background_enable_color=\u00a0\u00bbon\u00a0\u00bb background_image=\u00a0\u00bbhttps:\/\/siempre-azul.com\/wp-content\/uploads\/2023\/12\/CASA_AIRBNB_S2.jpg\u00a0\u00bb background_enable_image=\u00a0\u00bbon\u00a0\u00bb width=\u00a0\u00bb100%\u00a0\u00bb custom_padding=\u00a0\u00bb400px||400px||true|false\u00a0\u00bb custom_padding_tablet=\u00a0\u00bb290px||290px||true|false\u00a0\u00bb custom_padding_phone=\u00a0\u00bb290px||290px||true|false\u00a0\u00bb custom_padding_last_edited=\u00a0\u00bbon|desktop\u00a0\u00bb global_colors_info=\u00a0\u00bb{}\u00a0\u00bb sticky_transition=\u00a0\u00bbon\u00a0\u00bb][\/et_pb_slide][et_pb_slide dot_nav_custom_color=\u00a0\u00bb#FFFFFF\u00a0\u00bb _builder_version=\u00a0\u00bb4.23.1&Prime; _module_preset=\u00a0\u00bbdefault\u00a0\u00bb background_color=\u00a0\u00bbRGBA(255,255,255,0)\u00a0\u00bb background_enable_color=\u00a0\u00bbon\u00a0\u00bb background_image=\u00a0\u00bbhttps:\/\/siempre-azul.com\/wp-content\/uploads\/2023\/11\/CASA_AIRBNB-57.jpg\u00a0\u00bb background_enable_image=\u00a0\u00bbon\u00a0\u00bb global_colors_info=\u00a0\u00bb{}\u00a0\u00bb sticky_transition=\u00a0\u00bbon\u00a0\u00bb][\/et_pb_slide][et_pb_slide dot_nav_custom_color=\u00a0\u00bb#FFFFFF\u00a0\u00bb _builder_version=\u00a0\u00bb4.23.1&Prime; _module_preset=\u00a0\u00bbdefault\u00a0\u00bb background_color=\u00a0\u00bbRGBA(255,255,255,0)\u00a0\u00bb background_enable_color=\u00a0\u00bbon\u00a0\u00bb background_image=\u00a0\u00bbhttps:\/\/siempre-azul.com\/wp-content\/uploads\/2023\/11\/CASA_AIRBNB-8.jpg\u00a0\u00bb background_enable_image=\u00a0\u00bbon\u00a0\u00bb global_colors_info=\u00a0\u00bb{}\u00a0\u00bb sticky_transition=\u00a0\u00bbon\u00a0\u00bb][\/et_pb_slide][\/et_pb_slider][et_pb_slider show_arrows=\u00a0\u00bboff\u00a0\u00bb dot_nav_custom_color=\u00a0\u00bb#FFFFFF\u00a0\u00bb _builder_version=\u00a0\u00bb4.27.4&Prime; _module_preset=\u00a0\u00bbdefault\u00a0\u00bb hover_enabled=\u00a0\u00bb0&Prime; global_colors_info=\u00a0\u00bb{}\u00a0\u00bb sticky_enabled=\u00a0\u00bb0&Prime;][et_pb_slide dot_nav_custom_color=\u00a0\u00bb#FFFFFF\u00a0\u00bb _builder_version=\u00a0\u00bb4.23.1&Prime; _module_preset=\u00a0\u00bbdefault\u00a0\u00bb background_color=\u00a0\u00bbRGBA(255,255,255,0)\u00a0\u00bb background_enable_color=\u00a0\u00bbon\u00a0\u00bb background_image=\u00a0\u00bbhttps:\/\/siempre-azul.com\/wp-content\/uploads\/2023\/11\/CASA_AIRBNB-8.jpg\u00a0\u00bb background_enable_image=\u00a0\u00bbon\u00a0\u00bb global_colors_info=\u00a0\u00bb{}\u00a0\u00bb sticky_transition=\u00a0\u00bbon\u00a0\u00bb][\/et_pb_slide][et_pb_slide dot_nav_custom_color=\u00a0\u00bb#FFFFFF\u00a0\u00bb image_tablet=\u00a0\u00bb\u00a0\u00bb image_phone=\u00a0\u00bb\u00a0\u00bb image_last_edited=\u00a0\u00bbon|phone\u00a0\u00bb _builder_version=\u00a0\u00bb4.23.1&Prime; _module_preset=\u00a0\u00bbdefault\u00a0\u00bb background_color=\u00a0\u00bbRGBA(255,255,255,0)\u00a0\u00bb background_enable_color=\u00a0\u00bbon\u00a0\u00bb background_image=\u00a0\u00bbhttps:\/\/siempre-azul.com\/wp-content\/uploads\/2023\/12\/CASA_AIRBNB_S2.jpg\u00a0\u00bb background_enable_image=\u00a0\u00bbon\u00a0\u00bb width=\u00a0\u00bb100%\u00a0\u00bb custom_padding=\u00a0\u00bb400px||400px||true|false\u00a0\u00bb custom_padding_tablet=\u00a0\u00bb290px||290px||true|false\u00a0\u00bb custom_padding_phone=\u00a0\u00bb290px||290px||true|false\u00a0\u00bb custom_padding_last_edited=\u00a0\u00bbon|desktop\u00a0\u00bb global_colors_info=\u00a0\u00bb{}\u00a0\u00bb sticky_transition=\u00a0\u00bbon\u00a0\u00bb][\/et_pb_slide][et_pb_slide dot_nav_custom_color=\u00a0\u00bb#FFFFFF\u00a0\u00bb _builder_version=\u00a0\u00bb4.23.1&Prime; _module_preset=\u00a0\u00bbdefault\u00a0\u00bb background_color=\u00a0\u00bbRGBA(255,255,255,0)\u00a0\u00bb background_enable_color=\u00a0\u00bbon\u00a0\u00bb background_image=\u00a0\u00bbhttps:\/\/siempre-azul.com\/wp-content\/uploads\/2023\/11\/CASA_AIRBNB-57.jpg\u00a0\u00bb background_enable_image=\u00a0\u00bbon\u00a0\u00bb global_colors_info=\u00a0\u00bb{}\u00a0\u00bb sticky_transition=\u00a0\u00bbon\u00a0\u00bb][\/et_pb_slide][et_pb_slide dot_nav_custom_color=\u00a0\u00bb#FFFFFF\u00a0\u00bb image_tablet=\u00a0\u00bb\u00a0\u00bb image_phone=\u00a0\u00bb\u00a0\u00bb image_last_edited=\u00a0\u00bbon|phone\u00a0\u00bb _builder_version=\u00a0\u00bb4.23.1&Prime; _module_preset=\u00a0\u00bbdefault\u00a0\u00bb background_color=\u00a0\u00bbRGBA(255,255,255,0)\u00a0\u00bb background_enable_color=\u00a0\u00bbon\u00a0\u00bb background_image=\u00a0\u00bbhttps:\/\/siempre-azul.com\/wp-content\/uploads\/2023\/11\/CASA_AIRBNB-98.jpg\u00a0\u00bb background_enable_image=\u00a0\u00bbon\u00a0\u00bb width=\u00a0\u00bb100%\u00a0\u00bb custom_padding=\u00a0\u00bb400px||400px||true|false\u00a0\u00bb custom_padding_tablet=\u00a0\u00bb290px||290px||true|false\u00a0\u00bb custom_padding_phone=\u00a0\u00bb290px||290px||true|false\u00a0\u00bb custom_padding_last_edited=\u00a0\u00bbon|desktop\u00a0\u00bb global_colors_info=\u00a0\u00bb{}\u00a0\u00bb sticky_transition=\u00a0\u00bbon\u00a0\u00bb][\/et_pb_slide][\/et_pb_slider][\/et_pb_column][\/et_pb_row][\/et_pb_section]<\/p>\n","protected":false},"excerpt":{"rendered":"<p>H\u00e9bergementSitu\u00e9 sur un domaine priv\u00e9, le Siempre Azul se compose d&rsquo;une villa principale spacieuse, pouvant accueillir des groupes allant jusqu&rsquo;\u00e0 7 personnes, et d&rsquo;une annexe s\u00e9par\u00e9e offrant deux chambres doubles plus petites, chacune pouvant accueillir 2 personnes. Pour les groupes plus petits (jusqu&rsquo;\u00e0 7 personnes), l&rsquo;h\u00e9bergement peut \u00eatre r\u00e9serv\u00e9 par chambre. Dans ce cas, le [&hellip;]<\/p>\n","protected":false},"author":1,"featured_media":0,"parent":0,"menu_order":0,"comment_status":"closed","ping_status":"closed","template":"","meta":{"_et_pb_use_builder":"on","_et_pb_old_content":"","_et_gb_content_width":"","footnotes":""},"class_list":["post-2530","page","type-page","status-publish","hentry"],"_links":{"self":[{"href":"https:\/\/siempre-azul.com\/fr\/wp-json\/wp\/v2\/pages\/2530","targetHints":{"allow":["GET"]}}],"collection":[{"href":"https:\/\/siempre-azul.com\/fr\/wp-json\/wp\/v2\/pages"}],"about":[{"href":"https:\/\/siempre-azul.com\/fr\/wp-json\/wp\/v2\/types\/page"}],"author":[{"embeddable":true,"href":"https:\/\/siempre-azul.com\/fr\/wp-json\/wp\/v2\/users\/1"}],"replies":[{"embeddable":true,"href":"https:\/\/siempre-azul.com\/fr\/wp-json\/wp\/v2\/comments?post=2530"}],"version-history":[{"count":19,"href":"https:\/\/siempre-azul.com\/fr\/wp-json\/wp\/v2\/pages\/2530\/revisions"}],"predecessor-version":[{"id":3031,"href":"https:\/\/siempre-azul.com\/fr\/wp-json\/wp\/v2\/pages\/2530\/revisions\/3031"}],"wp:attachment":[{"href":"https:\/\/siempre-azul.com\/fr\/wp-json\/wp\/v2\/media?parent=2530"}],"curies":[{"name":"wp","href":"https:\/\/api.w.org\/{rel}","templated":true}]}}