{"id":2090,"date":"2023-11-28T22:54:47","date_gmt":"2023-11-28T22:54:47","guid":{"rendered":"https:\/\/siempre-azul.com\/localisation\/"},"modified":"2026-01-21T15:22:02","modified_gmt":"2026-01-21T15:22:02","slug":"localisation","status":"publish","type":"page","link":"https:\/\/siempre-azul.com\/fr\/localisation\/","title":{"rendered":"Localisation"},"content":{"rendered":"<p>[et_pb_section fb_built=\u00a0\u00bb1&Prime; fullwidth=\u00a0\u00bbon\u00a0\u00bb disabled_on=\u00a0\u00bbon|off|off\u00a0\u00bb _builder_version=\u00a0\u00bb4.23.1&Prime; _module_preset=\u00a0\u00bbdefault\u00a0\u00bb global_colors_info=\u00a0\u00bb{}\u00a0\u00bb][et_pb_fullwidth_image src=\u00a0\u00bbhttps:\/\/siempre-azul.com\/wp-content\/uploads\/2023\/12\/CASA_AIRBNB_S2-45.jpg\u00a0\u00bb title_text=\u00a0\u00bbCASA_AIRBNB_S2-45&Prime; _builder_version=\u00a0\u00bb4.23.1&Prime; _module_preset=\u00a0\u00bbdefault\u00a0\u00bb global_colors_info=\u00a0\u00bb{}\u00a0\u00bb][\/et_pb_fullwidth_image][\/et_pb_section][et_pb_section fb_built=\u00a0\u00bb1&Prime; disabled_on=\u00a0\u00bboff|on|on\u00a0\u00bb _builder_version=\u00a0\u00bb4.23.1&Prime; _module_preset=\u00a0\u00bbdefault\u00a0\u00bb background_image=\u00a0\u00bbhttps:\/\/siempre-azul.com\/wp-content\/uploads\/2023\/12\/CASA_AIRBNB_S2-45.jpg\u00a0\u00bb custom_padding=\u00a0\u00bb150px||150px||true|false\u00a0\u00bb global_colors_info=\u00a0\u00bb{}\u00a0\u00bb][et_pb_row _builder_version=\u00a0\u00bb4.23.1&Prime; _module_preset=\u00a0\u00bbdefault\u00a0\u00bb global_colors_info=\u00a0\u00bb{}\u00a0\u00bb][et_pb_column type=\u00a0\u00bb4_4&Prime; _builder_version=\u00a0\u00bb4.23.1&Prime; _module_preset=\u00a0\u00bbdefault\u00a0\u00bb global_colors_info=\u00a0\u00bb{}\u00a0\u00bb][\/et_pb_column][\/et_pb_row][\/et_pb_section][et_pb_section fb_built=\u00a0\u00bb1&Prime; custom_padding_last_edited=\u00a0\u00bbon|phone\u00a0\u00bb _builder_version=\u00a0\u00bb4.23.1&Prime; _module_preset=\u00a0\u00bbdefault\u00a0\u00bb custom_padding=\u00a0\u00bb||5px|||\u00a0\u00bb custom_padding_tablet=\u00a0\u00bb||5px|||\u00a0\u00bb custom_padding_phone=\u00a0\u00bb0px||||false|false\u00a0\u00bb global_colors_info=\u00a0\u00bb{}\u00a0\u00bb][et_pb_row _builder_version=\u00a0\u00bb4.23.1&Prime; _module_preset=\u00a0\u00bbdefault\u00a0\u00bb width=\u00a0\u00bb90%\u00a0\u00bb max_width=\u00a0\u00bb1920px\u00a0\u00bb custom_margin_tablet=\u00a0\u00bb\u00a0\u00bb custom_margin_phone=\u00a0\u00bb||0px||false|false\u00a0\u00bb custom_margin_last_edited=\u00a0\u00bbon|tablet\u00a0\u00bb custom_padding=\u00a0\u00bb||0px||false|false\u00a0\u00bb global_colors_info=\u00a0\u00bb{}\u00a0\u00bb custom_margin__hover_enabled=\u00a0\u00bbon|desktop\u00a0\u00bb][et_pb_column type=\u00a0\u00bb4_4&Prime; _builder_version=\u00a0\u00bb4.23.1&Prime; _module_preset=\u00a0\u00bbdefault\u00a0\u00bb global_colors_info=\u00a0\u00bb{}\u00a0\u00bb][et_pb_text _builder_version=\u00a0\u00bb4.23.1&Prime; _module_preset=\u00a0\u00bbdefault\u00a0\u00bb header_font=\u00a0\u00bb||||||||\u00a0\u00bb custom_margin=\u00a0\u00bb||-1px|||\u00a0\u00bb header_font_size_tablet=\u00a0\u00bb\u00a0\u00bb header_font_size_phone=\u00a0\u00bb30px\u00a0\u00bb header_font_size_last_edited=\u00a0\u00bbon|phone\u00a0\u00bb global_colors_info=\u00a0\u00bb{}\u00a0\u00bb]<\/p>\n<h1>Localisation<\/h1>\n<p>[\/et_pb_text][et_pb_divider color=\u00a0\u00bb#579A66&Prime; divider_weight=\u00a0\u00bb4px\u00a0\u00bb _builder_version=\u00a0\u00bb4.23.1&Prime; _module_preset=\u00a0\u00bbdefault\u00a0\u00bb width=\u00a0\u00bb4%\u00a0\u00bb width_tablet=\u00a0\u00bb4%\u00a0\u00bb width_phone=\u00a0\u00bb15%\u00a0\u00bb width_last_edited=\u00a0\u00bbon|phone\u00a0\u00bb module_alignment=\u00a0\u00bbleft\u00a0\u00bb custom_padding=\u00a0\u00bb25px||||false|false\u00a0\u00bb custom_padding_tablet=\u00a0\u00bb25px||||false|false\u00a0\u00bb custom_padding_phone=\u00a0\u00bb10px||||false|false\u00a0\u00bb custom_padding_last_edited=\u00a0\u00bbon|phone\u00a0\u00bb global_colors_info=\u00a0\u00bb{}\u00a0\u00bb][\/et_pb_divider][et_pb_text _builder_version=\u00a0\u00bb4.23.1&Prime; _module_preset=\u00a0\u00bbdefault\u00a0\u00bb text_font=\u00a0\u00bb|300|||||||\u00a0\u00bb custom_margin_tablet=\u00a0\u00bb\u00a0\u00bb custom_margin_phone=\u00a0\u00bb-20px||||false|false\u00a0\u00bb custom_margin_last_edited=\u00a0\u00bbon|phone\u00a0\u00bb custom_padding_tablet=\u00a0\u00bb\u00a0\u00bb custom_padding_phone=\u00a0\u00bb0px||||false|false\u00a0\u00bb custom_padding_last_edited=\u00a0\u00bbon|phone\u00a0\u00bb global_colors_info=\u00a0\u00bb{}\u00a0\u00bb]<\/p>\n<p>50 min Marbella &#8211; 50 min A\u00e9roport de Malaga<br \/>La Villa Flores est situ\u00e9e entre Casarabonella et Ardales.<\/p>\n<p>[\/et_pb_text][et_pb_db_show_hide_button button_text=\u00a0\u00bbshow directions\u00a0\u00bb db_active_text=\u00a0\u00bbClose directions\u00a0\u00bb db_hide_on_load=\u00a0\u00bb#route\u00a0\u00bb _builder_version=\u00a0\u00bb4.27.4&Prime; _module_preset=\u00a0\u00bbdefault\u00a0\u00bb custom_margin=\u00a0\u00bb||-8px|||\u00a0\u00bb hover_enabled=\u00a0\u00bb0&Prime; global_colors_info=\u00a0\u00bb{}\u00a0\u00bb db_toggle_on_click=\u00a0\u00bb#route\u00a0\u00bb sticky_enabled=\u00a0\u00bb0&Prime;][\/et_pb_db_show_hide_button][dipl_button inline_buttons=\u00a0\u00bbon\u00a0\u00bb _builder_version=\u00a0\u00bb4.27.4&Prime; _module_preset=\u00a0\u00bbdefault\u00a0\u00bb global_colors_info=\u00a0\u00bb{}\u00a0\u00bb][\/dipl_button][\/et_pb_column][\/et_pb_row][et_pb_row column_structure=\u00a0\u00bb1_2,1_2&Prime; module_id=\u00a0\u00bbroute\u00a0\u00bb _builder_version=\u00a0\u00bb4.27.4&Prime; _module_preset=\u00a0\u00bbdefault\u00a0\u00bb width=\u00a0\u00bb90%\u00a0\u00bb max_width=\u00a0\u00bb1920px\u00a0\u00bb global_colors_info=\u00a0\u00bb{}\u00a0\u00bb][et_pb_column type=\u00a0\u00bb1_2&Prime; _builder_version=\u00a0\u00bb4.27.4&Prime; _module_preset=\u00a0\u00bbdefault\u00a0\u00bb global_colors_info=\u00a0\u00bb{}\u00a0\u00bb][et_pb_text _builder_version=\u00a0\u00bb4.27.4&Prime; _module_preset=\u00a0\u00bbdefault\u00a0\u00bb text_font=\u00a0\u00bb|300|||||||\u00a0\u00bb header_font=\u00a0\u00bb|600|||||||\u00a0\u00bb header_2_font=\u00a0\u00bb|600|||||||\u00a0\u00bb header_2_text_color=\u00a0\u00bb#579A66&Prime; header_2_font_size=\u00a0\u00bb22px\u00a0\u00bb header_3_font=\u00a0\u00bb|||on|||||\u00a0\u00bb header_3_font_size=\u00a0\u00bb18px\u00a0\u00bb global_colors_info=\u00a0\u00bb{}\u00a0\u00bb]<\/p>\n<h2>Comment s&rsquo;y rendre &#8211; Depuis l&rsquo;a\u00e9roport de M\u00e1laga<\/h2>\n<h3><\/h3>\n<h3>En voiture<\/h3>\n<p>Le Siempre Azul se trouve \u00e0 environ 50 minutes en voiture de l&rsquo;a\u00e9roport de Malaga (AGP).<br \/>Depuis l&rsquo;a\u00e9roport, suivez les routes principales en direction de M\u00e1laga \/ Casabermeja \/ Casarabonela. L&rsquo;itin\u00e9raire est simple jusqu&rsquo;\u00e0 ce que vous arriviez \u00e0 Casarabonela. <\/p>\n<p><strong>Important &#8211; derni\u00e8re partie de l&rsquo;itin\u00e9raire<\/strong><\/p>\n<p>\u00c0 partir de Casarabonela, la route devient \u00e9troite, sinueuse et monte r\u00e9guli\u00e8rement \u00e0 mesure que l&rsquo;on s&rsquo;\u00e9l\u00e8ve dans les montagnes. La propri\u00e9t\u00e9 est situ\u00e9e \u00e0 plus de 1 000 m\u00e8tres d&rsquo;altitude. <\/p>\n<p><strong>\u26a0\ufe0f Avis de navigation important<\/strong><br \/>Ne vous fiez pas \u00e0 Google Maps ou \u00e0 Waze pour la derni\u00e8re partie du trajet, car ces applications peuvent sugg\u00e9rer des itin\u00e9raires alternatifs plus escarp\u00e9s, plus difficiles ou inadapt\u00e9s.<\/p>\n<p>Au lieu de cela, suivez attentivement la route et les bornes kilom\u00e9triques.<\/p>\n<p>Apr\u00e8s avoir pass\u00e9 la borne kilom\u00e9trique 11, tournez \u00e0 droite sur une route non goudronn\u00e9e.<\/p>\n<p>Le dernier tron\u00e7on n&rsquo;est pas asphalt\u00e9 et la descente est tr\u00e8s raide &#8211; veuillez conduire lentement et avec prudence.<\/p>\n<p>La propri\u00e9t\u00e9 est accessible en voiture, mais nous vous recommandons vivement d&rsquo;arriver de jour, surtout si vous n&rsquo;\u00eates pas familier avec les routes de montagne.<\/p>\n<p>Des indications d\u00e9taill\u00e9es vous seront fournies apr\u00e8s la r\u00e9servation, et nous sommes toujours disponibles si vous avez besoin d&rsquo;aide pendant votre voyage.<\/p>\n<p>[\/et_pb_text][\/et_pb_column][et_pb_column type=\u00a0\u00bb1_2&Prime; _builder_version=\u00a0\u00bb4.27.4&Prime; _module_preset=\u00a0\u00bbdefault\u00a0\u00bb global_colors_info=\u00a0\u00bb{}\u00a0\u00bb][\/et_pb_column][\/et_pb_row][et_pb_row column_structure=\u00a0\u00bb1_2,1_2&Prime; custom_padding_last_edited=\u00a0\u00bbon|phone\u00a0\u00bb _builder_version=\u00a0\u00bb4.23.1&Prime; _module_preset=\u00a0\u00bbdefault\u00a0\u00bb width=\u00a0\u00bb90%\u00a0\u00bb max_width=\u00a0\u00bb1920px\u00a0\u00bb custom_margin=\u00a0\u00bb10px|auto||auto||\u00a0\u00bb custom_padding_tablet=\u00a0\u00bb\u00a0\u00bb custom_padding_phone=\u00a0\u00bb0px||||false|false\u00a0\u00bb global_colors_info=\u00a0\u00bb{}\u00a0\u00bb][et_pb_column type=\u00a0\u00bb1_2&Prime; _builder_version=\u00a0\u00bb4.23.1&Prime; _module_preset=\u00a0\u00bbdefault\u00a0\u00bb global_colors_info=\u00a0\u00bb{}\u00a0\u00bb][et_pb_text _builder_version=\u00a0\u00bb4.23.1&Prime; _module_preset=\u00a0\u00bbdefault\u00a0\u00bb text_font=\u00a0\u00bb|300|||||||\u00a0\u00bb global_colors_info=\u00a0\u00bb{}\u00a0\u00bb]<\/p>\n<p>La r\u00e9gion situ\u00e9e entre Casarabonela et Ardales est magnifique et offre de nombreuses possibilit\u00e9s aux amoureux de la nature et aux aventuriers.<\/p>\n<p>Casarabonela est un village pittoresque situ\u00e9 dans la province de Malaga, dans le sud de l&rsquo;Espagne. Il est entour\u00e9 de montagnes et offre une vue imprenable sur la campagne environnante. Le village lui-m\u00eame pr\u00e9sente des rues \u00e9troites et des maisons blanchies \u00e0 la chaux, typiques de l&rsquo;architecture andalouse. Vous y trouverez \u00e9galement plusieurs sites historiques, comme le ch\u00e2teau maure qui domine le village.<\/p>\n<p>Depuis Casarabonela, vous pouvez emprunter une belle route vers Ardales. Cet itin\u00e9raire traverse le parc naturel de la Sierra de las Nieves, connu pour sa flore et sa faune uniques. Le parc pr\u00e9sente des sommets escarp\u00e9s, des vall\u00e9es profondes et des for\u00eats denses, ce qui en fait un lieu id\u00e9al pour les randonneurs et les ornithologues.<\/p>\n<p>En chemin, vous passerez \u00e9galement par le c\u00e9l\u00e8bre Caminito del Rey, un sentier de randonn\u00e9e spectaculaire connu sous le nom de \u00ab\u00a0route du roi\u00a0\u00bb.<\/p>\n<p>[\/et_pb_text][\/et_pb_column][et_pb_column type=\u00a0\u00bb1_2&Prime; _builder_version=\u00a0\u00bb4.23.1&Prime; _module_preset=\u00a0\u00bbdefault\u00a0\u00bb global_colors_info=\u00a0\u00bb{}\u00a0\u00bb][supreme_leaflet_map use_custom_latlng=\u00a0\u00bbon\u00a0\u00bb address_custom_lat=\u00a0\u00bb36.799770&Prime; address_custom_lng=\u00a0\u00bb-4.843620&Prime; address_custom_zoom=\u00a0\u00bb13&Prime; marker_cluster=\u00a0\u00bbon\u00a0\u00bb _builder_version=\u00a0\u00bb4.23.1&Prime; _module_preset=\u00a0\u00bbdefault\u00a0\u00bb global_colors_info=\u00a0\u00bb{}\u00a0\u00bb][supreme_leaflet_map_item title=\u00a0\u00bbVilla Flores\u00a0\u00bb pin_address=\u00a0\u00bbVilla Flores\u00a0\u00bb use_custom_latlng=\u00a0\u00bbon\u00a0\u00bb address_custom_lat=\u00a0\u00bb18.033020&Prime; address_custom_lng=\u00a0\u00bb-96.913380&Prime; use_marker_custom=\u00a0\u00bbon\u00a0\u00bb marker_icon_src=\u00a0\u00bbhttps:\/\/siempre-azul.com\/wp-content\/uploads\/2023\/11\/location-dot-sharp-solid.png\u00a0\u00bb marker_height=\u00a0\u00bb32&Prime; _builder_version=\u00a0\u00bb4.23.1&Prime; _module_preset=\u00a0\u00bbdefault\u00a0\u00bb global_colors_info=\u00a0\u00bb{}\u00a0\u00bb][\/supreme_leaflet_map_item][supreme_leaflet_map_item title=\u00a0\u00bbA\u00e9roport de Malaga\u00a0\u00bb pin_address=\u00a0\u00bbAv. del Comandante Garc\u00eda Morato, s\/n, 29004, M\u00e1laga, Spanje\u00a0\u00bb use_custom_latlng=\u00a0\u00bbon\u00a0\u00bb address_custom_lat=\u00a0\u00bb36.676050&Prime; address_custom_lng=\u00a0\u00bb-4.488750&Prime; use_marker_custom=\u00a0\u00bbon\u00a0\u00bb marker_icon_src=\u00a0\u00bbhttps:\/\/siempre-azul.com\/wp-content\/uploads\/2023\/11\/plane-sharp-solid.png\u00a0\u00bb _builder_version=\u00a0\u00bb4.23.1&Prime; _module_preset=\u00a0\u00bbdefault\u00a0\u00bb global_colors_info=\u00a0\u00bb{}\u00a0\u00bb][\/supreme_leaflet_map_item][\/supreme_leaflet_map][\/et_pb_column][\/et_pb_row][\/et_pb_section][et_pb_section fb_built=\u00a0\u00bb1&Prime; _builder_version=\u00a0\u00bb4.23.1&Prime; _module_preset=\u00a0\u00bbdefault\u00a0\u00bb custom_padding=\u00a0\u00bb0px||2px|||\u00a0\u00bb global_colors_info=\u00a0\u00bb{}\u00a0\u00bb][et_pb_row use_custom_gutter=\u00a0\u00bbon\u00a0\u00bb gutter_width=\u00a0\u00bb1&Prime; make_equal=\u00a0\u00bbon\u00a0\u00bb _builder_version=\u00a0\u00bb4.23.1&Prime; _module_preset=\u00a0\u00bbdefault\u00a0\u00bb width=\u00a0\u00bb100%\u00a0\u00bb max_width=\u00a0\u00bb2560px\u00a0\u00bb custom_padding=\u00a0\u00bb||1px|||\u00a0\u00bb global_colors_info=\u00a0\u00bb{}\u00a0\u00bb][et_pb_column type=\u00a0\u00bb4_4&Prime; _builder_version=\u00a0\u00bb4.23.1&Prime; _module_preset=\u00a0\u00bbdefault\u00a0\u00bb global_colors_info=\u00a0\u00bb{}\u00a0\u00bb][dsm_image_accordion image_accordion_animation_sequence=\u00a0\u00bbon\u00a0\u00bb _builder_version=\u00a0\u00bb4.23.1&Prime; _module_preset=\u00a0\u00bbdefault\u00a0\u00bb global_colors_info=\u00a0\u00bb{}\u00a0\u00bb][dsm_image_accordion_child image_accordion_src=\u00a0\u00bbhttps:\/\/siempre-azul.com\/wp-content\/uploads\/2023\/11\/Casarabonela-waterfall.webp\u00a0\u00bb _builder_version=\u00a0\u00bb4.23.1&Prime; _module_preset=\u00a0\u00bbdefault\u00a0\u00bb global_colors_info=\u00a0\u00bb{}\u00a0\u00bb][\/dsm_image_accordion_child][dsm_image_accordion_child image_accordion_src=\u00a0\u00bbhttps:\/\/siempre-azul.com\/wp-content\/uploads\/2023\/11\/Casarabonela-village.webp\u00a0\u00bb _builder_version=\u00a0\u00bb4.23.1&Prime; _module_preset=\u00a0\u00bbdefault\u00a0\u00bb global_colors_info=\u00a0\u00bb{}\u00a0\u00bb][\/dsm_image_accordion_child][dsm_image_accordion_child image_accordion_src=\u00a0\u00bbhttps:\/\/siempre-azul.com\/wp-content\/uploads\/2023\/11\/Casarabonela-hiking.webp\u00a0\u00bb _builder_version=\u00a0\u00bb4.23.1&Prime; _module_preset=\u00a0\u00bbdefault\u00a0\u00bb global_colors_info=\u00a0\u00bb{}\u00a0\u00bb][\/dsm_image_accordion_child][dsm_image_accordion_child image_accordion_src=\u00a0\u00bbhttps:\/\/siempre-azul.com\/wp-content\/uploads\/2023\/11\/Casarabonela-centro.webp\u00a0\u00bb _builder_version=\u00a0\u00bb4.23.1&Prime; _module_preset=\u00a0\u00bbdefault\u00a0\u00bb global_colors_info=\u00a0\u00bb{}\u00a0\u00bb][\/dsm_image_accordion_child][dsm_image_accordion_child image_accordion_src=\u00a0\u00bbhttps:\/\/siempre-azul.com\/wp-content\/uploads\/2023\/11\/Casarabonela-cactus.webp\u00a0\u00bb _builder_version=\u00a0\u00bb4.23.1&Prime; _module_preset=\u00a0\u00bbdefault\u00a0\u00bb global_colors_info=\u00a0\u00bb{}\u00a0\u00bb][\/dsm_image_accordion_child][\/dsm_image_accordion][\/et_pb_column][\/et_pb_row][\/et_pb_section]<\/p>\n","protected":false},"excerpt":{"rendered":"<p>Localisation50 min Marbella &#8211; 50 min A\u00e9roport de MalagaLa Villa Flores est situ\u00e9e entre Casarabonella et Ardales.<div class=\"et_pb_module dipl_button dipl_button_0\">\n\t\t\t\t\n\t\t\t\t\n\t\t\t\t\n\t\t\t\t\n\t\t\t\t\n\t\t\t\t\n\t\t\t\t<div class=\"et_pb_module_inner\">\n\t\t\t\t\t\n\t\t\t\t<\/div>\n\t\t\t<\/div>Comment s&rsquo;y rendre &#8211; Depuis l&rsquo;a\u00e9roport de M\u00e1laga En voiture Le Siempre Azul se trouve \u00e0 environ 50 minutes en voiture de l&rsquo;a\u00e9roport de Malaga (AGP).Depuis l&rsquo;a\u00e9roport, suivez les routes principales en direction de M\u00e1laga [&hellip;]<\/p>\n","protected":false},"author":1,"featured_media":0,"parent":0,"menu_order":0,"comment_status":"closed","ping_status":"closed","template":"","meta":{"_et_pb_use_builder":"on","_et_pb_old_content":"","_et_gb_content_width":"","footnotes":""},"class_list":["post-2090","page","type-page","status-publish","hentry"],"_links":{"self":[{"href":"https:\/\/siempre-azul.com\/fr\/wp-json\/wp\/v2\/pages\/2090","targetHints":{"allow":["GET"]}}],"collection":[{"href":"https:\/\/siempre-azul.com\/fr\/wp-json\/wp\/v2\/pages"}],"about":[{"href":"https:\/\/siempre-azul.com\/fr\/wp-json\/wp\/v2\/types\/page"}],"author":[{"embeddable":true,"href":"https:\/\/siempre-azul.com\/fr\/wp-json\/wp\/v2\/users\/1"}],"replies":[{"embeddable":true,"href":"https:\/\/siempre-azul.com\/fr\/wp-json\/wp\/v2\/comments?post=2090"}],"version-history":[{"count":6,"href":"https:\/\/siempre-azul.com\/fr\/wp-json\/wp\/v2\/pages\/2090\/revisions"}],"predecessor-version":[{"id":3023,"href":"https:\/\/siempre-azul.com\/fr\/wp-json\/wp\/v2\/pages\/2090\/revisions\/3023"}],"wp:attachment":[{"href":"https:\/\/siempre-azul.com\/fr\/wp-json\/wp\/v2\/media?parent=2090"}],"curies":[{"name":"wp","href":"https:\/\/api.w.org\/{rel}","templated":true}]}}