{"id":2062,"date":"2023-11-15T20:31:24","date_gmt":"2023-11-15T20:31:24","guid":{"rendered":"https:\/\/siempre-azul.com\/livre\/"},"modified":"2026-01-21T15:24:12","modified_gmt":"2026-01-21T15:24:12","slug":"livre","status":"publish","type":"page","link":"https:\/\/siempre-azul.com\/fr\/livre\/","title":{"rendered":"Livre-2"},"content":{"rendered":"<p>[et_pb_section fb_built=\u00a0\u00bb1&Prime; _builder_version=\u00a0\u00bb4.27.4&Prime; _module_preset=\u00a0\u00bbdefault\u00a0\u00bb custom_margin=\u00a0\u00bb64px||||false|false\u00a0\u00bb custom_margin_tablet=\u00a0\u00bb250px||||false|false\u00a0\u00bb custom_margin_phone=\u00a0\u00bb20px||||false|false\u00a0\u00bb custom_margin_last_edited=\u00a0\u00bbon|phone\u00a0\u00bb custom_padding=\u00a0\u00bb3px||4px|||\u00a0\u00bb global_colors_info=\u00a0\u00bb{}\u00a0\u00bb collapsed=\u00a0\u00bbon\u00a0\u00bb][et_pb_row _builder_version=\u00a0\u00bb4.23.1&Prime; _module_preset=\u00a0\u00bbdefault\u00a0\u00bb custom_padding=\u00a0\u00bb||3px|||\u00a0\u00bb global_colors_info=\u00a0\u00bb{}\u00a0\u00bb][et_pb_column type=\u00a0\u00bb4_4&Prime; _builder_version=\u00a0\u00bb4.23.1&Prime; _module_preset=\u00a0\u00bbdefault\u00a0\u00bb global_colors_info=\u00a0\u00bb{}\u00a0\u00bb][et_pb_text disabled_on=\u00a0\u00bboff|off|off\u00a0\u00bb _builder_version=\u00a0\u00bb4.27.4&Prime; _module_preset=\u00a0\u00bbdefault\u00a0\u00bb custom_margin_tablet=\u00a0\u00bb\u00a0\u00bb custom_margin_phone=\u00a0\u00bb0px||||false|false\u00a0\u00bb custom_margin_last_edited=\u00a0\u00bbon|phone\u00a0\u00bb custom_padding_tablet=\u00a0\u00bb\u00a0\u00bb custom_padding_phone=\u00a0\u00bb0px||||false|false\u00a0\u00bb custom_padding_last_edited=\u00a0\u00bbon|phone\u00a0\u00bb header_font_size_tablet=\u00a0\u00bb\u00a0\u00bb header_font_size_phone=\u00a0\u00bb30px\u00a0\u00bb header_font_size_last_edited=\u00a0\u00bbon|phone\u00a0\u00bb global_colors_info=\u00a0\u00bb{}\u00a0\u00bb]<\/p>\n<h1>R\u00e9servez vos vacances <br \/>\u00e0 la Villa Flores<\/h1>\n<p>[\/et_pb_text][et_pb_divider color=\u00a0\u00bb#579A66&Prime; divider_weight=\u00a0\u00bb4px\u00a0\u00bb _builder_version=\u00a0\u00bb4.23.1&Prime; _module_preset=\u00a0\u00bbdefault\u00a0\u00bb width=\u00a0\u00bb15%\u00a0\u00bb module_alignment=\u00a0\u00bbleft\u00a0\u00bb custom_padding=\u00a0\u00bb24px||||false|false\u00a0\u00bb custom_padding_tablet=\u00a0\u00bb0px||||false|false\u00a0\u00bb custom_padding_phone=\u00a0\u00bb0px||||false|false\u00a0\u00bb custom_padding_last_edited=\u00a0\u00bbon|phone\u00a0\u00bb global_colors_info=\u00a0\u00bb{}\u00a0\u00bb][\/et_pb_divider][\/et_pb_column][\/et_pb_row][et_pb_row _builder_version=\u00a0\u00bb4.27.4&Prime; _module_preset=\u00a0\u00bbdefault\u00a0\u00bb global_colors_info=\u00a0\u00bb{}\u00a0\u00bb][et_pb_column type=\u00a0\u00bb4_4&Prime; _builder_version=\u00a0\u00bb4.27.4&Prime; _module_preset=\u00a0\u00bbdefault\u00a0\u00bb global_colors_info=\u00a0\u00bb{}\u00a0\u00bb][et_pb_text _builder_version=\u00a0\u00bb4.27.4&Prime; _module_preset=\u00a0\u00bbdefault\u00a0\u00bb custom_margin=\u00a0\u00bb||-12px|||\u00a0\u00bb global_colors_info=\u00a0\u00bb{}\u00a0\u00bb]Choisissez votre mode de s\u00e9jour<br \/>\nNotre villa peut \u00eatre r\u00e9serv\u00e9e de mani\u00e8re exclusive ou par chambre individuelle.<br \/>\nVeuillez s\u00e9lectionner l&rsquo;option qui convient le mieux \u00e0 votre s\u00e9jour avant de continuer.<\/p>\n<p>R\u00e9servation par chambre : maximum 7 personnes<br \/>\nR\u00e9servation de la villa enti\u00e8re : jusqu&rsquo;\u00e0 11 personnes (7 + 4)[\/et_pb_text][\/et_pb_column][\/et_pb_row][et_pb_row column_structure=\u00a0\u00bb1_2,1_2&Prime; disabled_on=\u00a0\u00bbon|on|on\u00a0\u00bb _builder_version=\u00a0\u00bb4.27.4&Prime; _module_preset=\u00a0\u00bbdefault\u00a0\u00bb disabled=\u00a0\u00bbon\u00a0\u00bb global_colors_info=\u00a0\u00bb{}\u00a0\u00bb][et_pb_column type=\u00a0\u00bb1_2&Prime; _builder_version=\u00a0\u00bb4.27.4&Prime; _module_preset=\u00a0\u00bbdefault\u00a0\u00bb global_colors_info=\u00a0\u00bb{}\u00a0\u00bb][et_pb_text _builder_version=\u00a0\u00bb4.27.4&Prime; _module_preset=\u00a0\u00bbdefault\u00a0\u00bb text_font_size=\u00a0\u00bb14px\u00a0\u00bb header_2_font=\u00a0\u00bb|600|||||||\u00a0\u00bb header_2_text_color=\u00a0\u00bb#666666&Prime; header_2_font_size=\u00a0\u00bb22px\u00a0\u00bb header_3_font=\u00a0\u00bb|600|||||||\u00a0\u00bb header_3_text_color=\u00a0\u00bb#666666&Prime; header_3_font_size=\u00a0\u00bb16px\u00a0\u00bb custom_margin=\u00a0\u00bb||5px|||\u00a0\u00bb global_colors_info=\u00a0\u00bb{}\u00a0\u00bb]<\/p>\n<h3>Maison principale<\/h3>\n<ul>\n<li><strong>Chambre 1<\/strong><br \/>Deux lits simples (ou un lit double), salle de bain attenante avec lavabo, toilettes et baignoire avec option douche.<\/li>\n<li><strong>Chambre 2<\/strong><br \/>Trois lits simples ou un lit double plus un lit simple, salle de bains attenante avec lavabo, toilettes et douche.<\/li>\n<li><strong>Chambre 3<\/strong><br \/>Un lit double.<\/li>\n<\/ul>\n<p>[\/et_pb_text][\/et_pb_column][et_pb_column type=\u00a0\u00bb1_2&Prime; _builder_version=\u00a0\u00bb4.27.4&Prime; _module_preset=\u00a0\u00bbdefault\u00a0\u00bb global_colors_info=\u00a0\u00bb{}\u00a0\u00bb][et_pb_text _builder_version=\u00a0\u00bb4.27.4&Prime; _module_preset=\u00a0\u00bbdefault\u00a0\u00bb text_font_size=\u00a0\u00bb14px\u00a0\u00bb header_2_font=\u00a0\u00bb|600|||||||\u00a0\u00bb header_2_text_color=\u00a0\u00bb#666666&Prime; header_2_font_size=\u00a0\u00bb22px\u00a0\u00bb header_3_font=\u00a0\u00bb|600|||||||\u00a0\u00bb header_3_text_color=\u00a0\u00bb#666666&Prime; header_3_font_size=\u00a0\u00bb16px\u00a0\u00bb global_colors_info=\u00a0\u00bb{}\u00a0\u00bb]<\/p>\n<h3>Maison d&rsquo;h\u00f4tes \/ Annexe<\/h3>\n<ul>\n<li><strong>Chambre 1<\/strong><br \/>Un lit double avec salle de bain attenante (lavabo, toilettes et douche).<\/li>\n<li><strong>Chambre 2<\/strong><br \/>Deux lits simples ou un lit double, salle de bain attenante (lavabo, toilettes et douche).<\/li>\n<\/ul>\n<p>[\/et_pb_text][\/et_pb_column][\/et_pb_row][et_pb_row column_structure=\u00a0\u00bb1_5,1_5,1_5,1_5,1_5&Prime; use_custom_gutter=\u00a0\u00bbon\u00a0\u00bb gutter_width=\u00a0\u00bb2&Prime; _builder_version=\u00a0\u00bb4.27.4&Prime; _module_preset=\u00a0\u00bbdefault\u00a0\u00bb custom_padding=\u00a0\u00bb0px||0px|||\u00a0\u00bb global_colors_info=\u00a0\u00bb{}\u00a0\u00bb][et_pb_column type=\u00a0\u00bb1_5&Prime; _builder_version=\u00a0\u00bb4.27.4&Prime; _module_preset=\u00a0\u00bbdefault\u00a0\u00bb global_colors_info=\u00a0\u00bb{}\u00a0\u00bb][et_pb_db_show_hide_button button_text=\u00a0\u00bbbook entire villa\u00a0\u00bb db_show_on_click=\u00a0\u00bb#villa\u00a0\u00bb db_hide_on_click=\u00a0\u00bb#room\u00a0\u00bb _builder_version=\u00a0\u00bb4.27.4&Prime; _module_preset=\u00a0\u00bbdefault\u00a0\u00bb custom_css_main_element=\u00a0\u00bbdisplay: flex;||gap: 20px;           \/* ruimte tussen modules *\/||align-items: center; \/* optioneel *\/||\u00a0\u00bb global_colors_info=\u00a0\u00bb{}\u00a0\u00bb][\/et_pb_db_show_hide_button][\/et_pb_column][et_pb_column type=\u00a0\u00bb1_5&Prime; _builder_version=\u00a0\u00bb4.27.4&Prime; _module_preset=\u00a0\u00bbdefault\u00a0\u00bb global_colors_info=\u00a0\u00bb{}\u00a0\u00bb][et_pb_db_show_hide_button button_text=\u00a0\u00bbBook a room\u00a0\u00bb db_show_on_click=\u00a0\u00bb#room\u00a0\u00bb db_hide_on_click=\u00a0\u00bb#villa\u00a0\u00bb _builder_version=\u00a0\u00bb4.27.4&Prime; _module_preset=\u00a0\u00bbdefault\u00a0\u00bb custom_css_main_element=\u00a0\u00bbdisplay: flex;||gap: 20px;           \/* ruimte tussen modules *\/||align-items: center; \/* optioneel *\/||\u00a0\u00bb global_colors_info=\u00a0\u00bb{}\u00a0\u00bb][\/et_pb_db_show_hide_button][\/et_pb_column][et_pb_column type=\u00a0\u00bb1_5&Prime; _builder_version=\u00a0\u00bb4.27.4&Prime; _module_preset=\u00a0\u00bbdefault\u00a0\u00bb global_colors_info=\u00a0\u00bb{}\u00a0\u00bb][\/et_pb_column][et_pb_column type=\u00a0\u00bb1_5&Prime; _builder_version=\u00a0\u00bb4.27.4&Prime; _module_preset=\u00a0\u00bbdefault\u00a0\u00bb global_colors_info=\u00a0\u00bb{}\u00a0\u00bb][\/et_pb_column][et_pb_column type=\u00a0\u00bb1_5&Prime; _builder_version=\u00a0\u00bb4.27.4&Prime; _module_preset=\u00a0\u00bbdefault\u00a0\u00bb global_colors_info=\u00a0\u00bb{}\u00a0\u00bb][\/et_pb_column][\/et_pb_row][\/et_pb_section][et_pb_section fb_built=\u00a0\u00bb1&Prime; module_id=\u00a0\u00bbvilla\u00a0\u00bb _builder_version=\u00a0\u00bb4.27.4&Prime; _module_preset=\u00a0\u00bbdefault\u00a0\u00bb custom_padding=\u00a0\u00bb1px||4px|||\u00a0\u00bb global_colors_info=\u00a0\u00bb{}\u00a0\u00bb collapsed=\u00a0\u00bbon\u00a0\u00bb][et_pb_row _builder_version=\u00a0\u00bb4.27.4&Prime; _module_preset=\u00a0\u00bbdefault\u00a0\u00bb global_colors_info=\u00a0\u00bb{}\u00a0\u00bb][et_pb_column type=\u00a0\u00bb4_4&Prime; _builder_version=\u00a0\u00bb4.27.4&Prime; _module_preset=\u00a0\u00bbdefault\u00a0\u00bb global_colors_info=\u00a0\u00bb{}\u00a0\u00bb][et_pb_text _builder_version=\u00a0\u00bb4.27.4&Prime; _module_preset=\u00a0\u00bbdefault\u00a0\u00bb header_2_font_size=\u00a0\u00bb22px\u00a0\u00bb custom_margin=\u00a0\u00bb||-3px|||\u00a0\u00bb global_colors_info=\u00a0\u00bb{}\u00a0\u00bb]<\/p>\n<h2><strong>R\u00e9servez toute la villa  <\/strong><\/h2>\n<p><strong>max. 11 personnes (5 chambres) <\/strong><\/p>\n<p>R\u00e9servez la villa enti\u00e8re et profitez de Siempre Azul en toute intimit\u00e9.<br data-start=\"325\" data-end=\"328\">Un s\u00e9jour paisible et exclusif pour partager des moments sp\u00e9ciaux avec votre propre groupe &#8211; entour\u00e9 de nature, de confort et d&rsquo;espace.<\/p>\n<p>S\u00e9lectionnez la p\u00e9riode souhait\u00e9e dans le calendrier et remplissez le formulaire.<\/p>\n<p>[\/et_pb_text][\/et_pb_column][\/et_pb_row][et_pb_row column_structure=\u00a0\u00bb1_2,1_2&Prime; module_id=\u00a0\u00bbvilla\u00a0\u00bb _builder_version=\u00a0\u00bb4.27.4&Prime; _module_preset=\u00a0\u00bbdefault\u00a0\u00bb custom_padding=\u00a0\u00bb0px|||||\u00a0\u00bb global_colors_info=\u00a0\u00bb{}\u00a0\u00bb][et_pb_column type=\u00a0\u00bb1_2&Prime; _builder_version=\u00a0\u00bb4.27.4&Prime; _module_preset=\u00a0\u00bbdefault\u00a0\u00bb global_colors_info=\u00a0\u00bb{}\u00a0\u00bb][wpbs_divi_single_calendar id=\u00a0\u00bb9&Prime; form_id=\u00a0\u00bb1&Prime; title=\u00a0\u00bbnon\u00a0\u00bb legend_position=\u00a0\u00bbbottom\u00a0\u00bb show_prices=\u00a0\u00bbyes\u00a0\u00bb minimum_days=\u00a0\u00bb3&Prime; show_date_selection=\u00a0\u00bbyes\u00a0\u00bb admin_label=\u00a0\u00bbVilla rental\u00a0\u00bb _builder_version=\u00a0\u00bb4.27.4&Prime; _module_preset=\u00a0\u00bbdefault\u00a0\u00bb custom_css_main_element=\u00a0\u00bbdisplay: flex;||gap: 20px;    \u00a0\u00bb global_colors_info=\u00a0\u00bb{}\u00a0\u00bb custom_css_main_element_last_edited=\u00a0\u00bbon|desktop\u00a0\u00bb custom_css_main_element_phone=\u00a0\u00bbdisplay: flex;||gap: 20px;  ||flex-wrap: wrap;||\u00a0\u00bb custom_css_main_element_tablet=\u00a0\u00bbdisplay: flex;||gap: 20px;    \u00ab\u00a0][\/wpbs_divi_single_calendar][\/et_pb_column][et_pb_column type=\u00a0\u00bb1_2&Prime; _builder_version=\u00a0\u00bb4.27.4&Prime; _module_preset=\u00a0\u00bbdefault\u00a0\u00bb global_colors_info=\u00a0\u00bb{}\u00a0\u00bb][et_pb_text _builder_version=\u00a0\u00bb4.27.4&Prime; _module_preset=\u00a0\u00bbdefault\u00a0\u00bb header_2_font=\u00a0\u00bb|600|||||||\u00a0\u00bb header_2_font_size=\u00a0\u00bb22px\u00a0\u00bb global_colors_info=\u00a0\u00bb{}\u00a0\u00bb]<\/p>\n<h2>Informations sur les r\u00e9servations et les s\u00e9jours<\/h2>\n<p>[\/et_pb_text][et_pb_text _builder_version=\u00a0\u00bb4.27.4&Prime; _module_preset=\u00a0\u00bbdefault\u00a0\u00bb text_font_size=\u00a0\u00bb14px\u00a0\u00bb header_2_font=\u00a0\u00bb|600|||||||\u00a0\u00bb header_2_text_color=\u00a0\u00bb#666666&Prime; header_2_font_size=\u00a0\u00bb22px\u00a0\u00bb header_3_font=\u00a0\u00bb|600|||||||\u00a0\u00bb header_3_text_color=\u00a0\u00bb#666666&Prime; header_3_font_size=\u00a0\u00bb16px\u00a0\u00bb custom_padding=\u00a0\u00bb20px|20px|20px|20px|true|true\u00a0\u00bb border_radii=\u00a0\u00bbon|20px|20px|20px|20px\u00a0\u00bb border_width_all=\u00a0\u00bb1px\u00a0\u00bb global_colors_info=\u00a0\u00bb{}\u00a0\u00bb]<\/p>\n<h3>Politique de paiement et d&rsquo;annulation<\/h3>\n<p>Le paiement int\u00e9gral est exig\u00e9 au moment de la r\u00e9servation.<br \/><strong><\/strong><\/p>\n<p><strong>En cas d&rsquo;annulation :<\/strong><\/p>\n<ul>\n<li>Plus de 6 semaines avant la p\u00e9riode de location : Remboursement \u00e0 100%.<\/li>\n<li>Dans les 6 semaines pr\u00e9c\u00e9dant l&rsquo;arriv\u00e9e : 50% du prix de la location seront retenus.<\/li>\n<li>Les annulations effectu\u00e9es apr\u00e8s cette p\u00e9riode ne sont pas remboursables.<\/li>\n<\/ul>\n<ul><\/ul>\n<p>[\/et_pb_text][et_pb_text _builder_version=\u00a0\u00bb4.27.4&Prime; _module_preset=\u00a0\u00bbdefault\u00a0\u00bb text_font_size=\u00a0\u00bb14px\u00a0\u00bb header_2_font=\u00a0\u00bb|600|||||||\u00a0\u00bb header_2_text_color=\u00a0\u00bb#666666&Prime; header_2_font_size=\u00a0\u00bb22px\u00a0\u00bb header_3_font=\u00a0\u00bb|600|||||||\u00a0\u00bb header_3_text_color=\u00a0\u00bb#666666&Prime; header_3_font_size=\u00a0\u00bb16px\u00a0\u00bb custom_padding=\u00a0\u00bb20px|20px|20px|20px|true|true\u00a0\u00bb border_radii=\u00a0\u00bbon|20px|20px|20px|20px\u00a0\u00bb border_width_all=\u00a0\u00bb1px\u00a0\u00bb global_colors_info=\u00a0\u00bb{}\u00a0\u00bb]<\/p>\n<h3>Co\u00fbts inclus et suppl\u00e9mentaires<\/h3>\n<ul>\n<li>Le bois de chauffage pour la chemin\u00e9e est inclus<\/li>\n<li>Un forfait de nettoyage final de 300 \u20ac est factur\u00e9 par s\u00e9jour.<\/li>\n<li>Le linge de lit, les draps et les serviettes de bain sont inclus.<\/li>\n<li>Climatisation et chauffage dans toute la propri\u00e9t\u00e9<\/li>\n<li>Chemin\u00e9e disponible (bois inclus)<\/li>\n<li>Cuisine enti\u00e8rement \u00e9quip\u00e9e<\/li>\n<\/ul>\n<ul><\/ul>\n<p>[\/et_pb_text][et_pb_text _builder_version=\u00a0\u00bb4.27.4&Prime; _module_preset=\u00a0\u00bbdefault\u00a0\u00bb text_font_size=\u00a0\u00bb14px\u00a0\u00bb header_2_font=\u00a0\u00bb|600|||||||\u00a0\u00bb header_2_text_color=\u00a0\u00bb#666666&Prime; header_2_font_size=\u00a0\u00bb22px\u00a0\u00bb header_3_font=\u00a0\u00bb|600|||||||\u00a0\u00bb header_3_text_color=\u00a0\u00bb#666666&Prime; header_3_font_size=\u00a0\u00bb16px\u00a0\u00bb custom_padding=\u00a0\u00bb20px|20px|20px|20px|true|true\u00a0\u00bb border_radii=\u00a0\u00bbon|20px|20px|20px|20px\u00a0\u00bb border_width_all=\u00a0\u00bb1px\u00a0\u00bb global_colors_info=\u00a0\u00bb{}\u00a0\u00bb]<\/p>\n<h3>Installations et services<\/h3>\n<ul>\n<li><strong>Piscine<\/strong><br \/>Veuillez noter que la piscine n&rsquo;est pas \u00e0 l&rsquo;\u00e9preuve des enfants. Les enfants doivent \u00eatre surveill\u00e9s en permanence.<\/li>\n<li><strong>\u00c9quipements pour enfants<\/strong><br \/>Un lit de voyage pour b\u00e9b\u00e9 et une chaise haute sont disponibles sur demande.<\/li>\n<li><strong>Service de blanchisserie<\/strong><br \/>Disponible moyennant un suppl\u00e9ment.<br \/>15 \u20ac par charge (lavage et s\u00e9chage) ou 20 \u20ac avec pliage.<\/li>\n<li><strong>Petit-d\u00e9jeuner et d\u00eener<\/strong><br \/>Le petit-d\u00e9jeuner et le d\u00eener peuvent \u00eatre command\u00e9s sur place, sous r\u00e9serve de disponibilit\u00e9.<\/li>\n<li><strong>Parking<\/strong><br \/>Un vaste parking priv\u00e9 est disponible sur la propri\u00e9t\u00e9.<\/li>\n<\/ul>\n<p>[\/et_pb_text][\/et_pb_column][\/et_pb_row][\/et_pb_section][et_pb_section fb_built=\u00a0\u00bb1&Prime; module_id=\u00a0\u00bbchambre\u00a0\u00bb _builder_version=\u00a0\u00bb4.27.4&Prime; _module_preset=\u00a0\u00bbdefault\u00a0\u00bb custom_padding=\u00a0\u00bb9px||3px|||\u00a0\u00bb global_colors_info=\u00a0\u00bb{}\u00a0\u00bb collapsed=\u00a0\u00bbon\u00a0\u00bb][et_pb_row _builder_version=\u00a0\u00bb4.27.4&Prime; _module_preset=\u00a0\u00bbdefault\u00a0\u00bb global_colors_info=\u00a0\u00bb{}\u00a0\u00bb][et_pb_column type=\u00a0\u00bb4_4&Prime; _builder_version=\u00a0\u00bb4.27.4&Prime; _module_preset=\u00a0\u00bbdefault\u00a0\u00bb global_colors_info=\u00a0\u00bb{}\u00a0\u00bb][et_pb_text _builder_version=\u00a0\u00bb4.27.4&Prime; _module_preset=\u00a0\u00bbdefault\u00a0\u00bb header_2_font_size=\u00a0\u00bb22px\u00a0\u00bb global_colors_info=\u00a0\u00bb{}\u00a0\u00bb]<\/p>\n<h2><strong>R\u00e9server une chambre<\/strong><\/h2>\n<p><strong>max. 7 pers. (3 pi\u00e8ces)<\/strong><br \/>R\u00e9servez une chambre priv\u00e9e et profitez de l&rsquo;atmosph\u00e8re de Siempre Azul tout en partageant la villa avec d&rsquo;autres personnes partageant les m\u00eames id\u00e9es.<br \/>Une fa\u00e7on d\u00e9tendue et personnelle de s\u00e9journer &#8211; avec votre propre espace et des moments partag\u00e9s.<\/p>\n<p>S\u00e9lectionnez la p\u00e9riode souhait\u00e9e dans le calendrier et remplissez le formulaire.<\/p>\n<p>[\/et_pb_text][\/et_pb_column][\/et_pb_row][et_pb_row column_structure=\u00a0\u00bb1_2,1_2&Prime; module_id=\u00a0\u00bbroom\u00a0\u00bb _builder_version=\u00a0\u00bb4.27.4&Prime; _module_preset=\u00a0\u00bbdefault\u00a0\u00bb custom_padding=\u00a0\u00bb11px|||||\u00a0\u00bb global_colors_info=\u00a0\u00bb{}\u00a0\u00bb][et_pb_column type=\u00a0\u00bb1_2&Prime; _builder_version=\u00a0\u00bb4.27.4&Prime; _module_preset=\u00a0\u00bbdefault\u00a0\u00bb global_colors_info=\u00a0\u00bb{}\u00a0\u00bb][wpbs_divi_single_calendar id=\u00a0\u00bb8&Prime; form_id=\u00a0\u00bb1&Prime; title=\u00a0\u00bbnon\u00a0\u00bb legend_position=\u00a0\u00bbbottom\u00a0\u00bb show_prices=\u00a0\u00bbyes\u00a0\u00bb minimum_days=\u00a0\u00bb3&Prime; show_date_selection=\u00a0\u00bbyes\u00a0\u00bb admin_label=\u00a0\u00bbroom rental\u00a0\u00bb _builder_version=\u00a0\u00bb4.27.4&Prime; _module_preset=\u00a0\u00bbdefault\u00a0\u00bb global_colors_info=\u00a0\u00bb{}\u00a0\u00bb][\/wpbs_divi_single_calendar][\/et_pb_column][et_pb_column type=\u00a0\u00bb1_2&Prime; _builder_version=\u00a0\u00bb4.27.4&Prime; _module_preset=\u00a0\u00bbdefault\u00a0\u00bb global_colors_info=\u00a0\u00bb{}\u00a0\u00bb][et_pb_text _builder_version=\u00a0\u00bb4.27.4&Prime; _module_preset=\u00a0\u00bbdefault\u00a0\u00bb header_2_font=\u00a0\u00bb|600|||||||\u00a0\u00bb header_2_font_size=\u00a0\u00bb22px\u00a0\u00bb global_colors_info=\u00a0\u00bb{}\u00a0\u00bb]<\/p>\n<h2>Informations sur les r\u00e9servations et les s\u00e9jours<\/h2>\n<p>[\/et_pb_text][et_pb_text _builder_version=\u00a0\u00bb4.27.4&Prime; _module_preset=\u00a0\u00bbdefault\u00a0\u00bb text_font_size=\u00a0\u00bb14px\u00a0\u00bb header_2_font=\u00a0\u00bb|600|||||||\u00a0\u00bb header_2_text_color=\u00a0\u00bb#666666&Prime; header_2_font_size=\u00a0\u00bb22px\u00a0\u00bb header_3_font=\u00a0\u00bb|600|||||||\u00a0\u00bb header_3_text_color=\u00a0\u00bb#666666&Prime; header_3_font_size=\u00a0\u00bb16px\u00a0\u00bb custom_padding=\u00a0\u00bb20px|20px|20px|20px|true|true\u00a0\u00bb border_radii=\u00a0\u00bbon|20px|20px|20px|20px\u00a0\u00bb border_width_all=\u00a0\u00bb1px\u00a0\u00bb global_colors_info=\u00a0\u00bb{}\u00a0\u00bb]<\/p>\n<h3>Politique de paiement et d&rsquo;annulation<\/h3>\n<p>Le paiement int\u00e9gral est exig\u00e9 au moment de la r\u00e9servation.<br \/><strong><\/strong><\/p>\n<p><strong>En cas d&rsquo;annulation :<\/strong><\/p>\n<ul>\n<li>Plus de 6 semaines avant la p\u00e9riode de location : Remboursement \u00e0 100%.<\/li>\n<li>Dans les 6 semaines pr\u00e9c\u00e9dant l&rsquo;arriv\u00e9e : 50% du prix de la location seront retenus.<\/li>\n<li>Les annulations effectu\u00e9es apr\u00e8s cette p\u00e9riode ne sont pas remboursables.<\/li>\n<\/ul>\n<ul><\/ul>\n<p>[\/et_pb_text][et_pb_text _builder_version=\u00a0\u00bb4.27.4&Prime; _module_preset=\u00a0\u00bbdefault\u00a0\u00bb text_font_size=\u00a0\u00bb14px\u00a0\u00bb header_2_font=\u00a0\u00bb|600|||||||\u00a0\u00bb header_2_text_color=\u00a0\u00bb#666666&Prime; header_2_font_size=\u00a0\u00bb22px\u00a0\u00bb header_3_font=\u00a0\u00bb|600|||||||\u00a0\u00bb header_3_text_color=\u00a0\u00bb#666666&Prime; header_3_font_size=\u00a0\u00bb16px\u00a0\u00bb custom_padding=\u00a0\u00bb20px|20px|20px|20px|true|true\u00a0\u00bb border_radii=\u00a0\u00bbon|20px|20px|20px|20px\u00a0\u00bb border_width_all=\u00a0\u00bb1px\u00a0\u00bb global_colors_info=\u00a0\u00bb{}\u00a0\u00bb]<\/p>\n<h3>Co\u00fbts inclus et suppl\u00e9mentaires<\/h3>\n<ul>\n<li>Le bois de chauffage pour la chemin\u00e9e est inclus<\/li>\n<li>Un forfait de nettoyage final de 300 \u20ac est factur\u00e9 par s\u00e9jour.<\/li>\n<li>Le linge de lit, les draps et les serviettes de bain sont inclus.<\/li>\n<li>Climatisation et chauffage dans toute la propri\u00e9t\u00e9<\/li>\n<li>Chemin\u00e9e disponible (bois inclus)<\/li>\n<li>Cuisine enti\u00e8rement \u00e9quip\u00e9e<\/li>\n<\/ul>\n<ul><\/ul>\n<p>[\/et_pb_text][et_pb_text _builder_version=\u00a0\u00bb4.27.4&Prime; _module_preset=\u00a0\u00bbdefault\u00a0\u00bb text_font_size=\u00a0\u00bb14px\u00a0\u00bb header_2_font=\u00a0\u00bb|600|||||||\u00a0\u00bb header_2_text_color=\u00a0\u00bb#666666&Prime; header_2_font_size=\u00a0\u00bb22px\u00a0\u00bb header_3_font=\u00a0\u00bb|600|||||||\u00a0\u00bb header_3_text_color=\u00a0\u00bb#666666&Prime; header_3_font_size=\u00a0\u00bb16px\u00a0\u00bb custom_padding=\u00a0\u00bb20px|20px|20px|20px|true|true\u00a0\u00bb border_radii=\u00a0\u00bbon|20px|20px|20px|20px\u00a0\u00bb border_width_all=\u00a0\u00bb1px\u00a0\u00bb global_colors_info=\u00a0\u00bb{}\u00a0\u00bb]<\/p>\n<h3>Installations et services<\/h3>\n<ul>\n<li><strong>Piscine<\/strong><br \/>Veuillez noter que la piscine n&rsquo;est pas \u00e0 l&rsquo;\u00e9preuve des enfants. Les enfants doivent \u00eatre surveill\u00e9s en permanence.<\/li>\n<li><strong>\u00c9quipements pour enfants<\/strong><br \/>Un lit de voyage pour b\u00e9b\u00e9 et une chaise haute sont disponibles sur demande.<\/li>\n<li><strong>Service de blanchisserie<\/strong><br \/>Disponible moyennant un suppl\u00e9ment.<br \/>15 \u20ac par charge (lavage et s\u00e9chage) ou 20 \u20ac avec pliage.<\/li>\n<li><strong>Petit-d\u00e9jeuner et d\u00eener<\/strong><br \/>Le petit-d\u00e9jeuner et le d\u00eener peuvent \u00eatre command\u00e9s sur place, sous r\u00e9serve de disponibilit\u00e9.<\/li>\n<li><strong>Parking<\/strong><br \/>Un vaste parking priv\u00e9 est disponible sur la propri\u00e9t\u00e9.<\/li>\n<\/ul>\n<p>[\/et_pb_text][\/et_pb_column][\/et_pb_row][\/et_pb_section]<\/p>\n","protected":false},"excerpt":{"rendered":"<p>R\u00e9servez vos vacances \u00e0 la Villa FloresChoisissez votre mode de s\u00e9jour Notre villa peut \u00eatre r\u00e9serv\u00e9e de mani\u00e8re exclusive ou par chambre individuelle. Veuillez s\u00e9lectionner l&rsquo;option qui convient le mieux \u00e0 votre s\u00e9jour avant de continuer. R\u00e9servation par chambre : maximum 7 personnes R\u00e9servation de la villa enti\u00e8re : jusqu&rsquo;\u00e0 11 personnes (7 + 4)Maison [&hellip;]<\/p>\n","protected":false},"author":1,"featured_media":0,"parent":0,"menu_order":0,"comment_status":"closed","ping_status":"closed","template":"","meta":{"_et_pb_use_builder":"on","_et_pb_old_content":"","_et_gb_content_width":"","footnotes":""},"class_list":["post-2062","page","type-page","status-publish","hentry"],"_links":{"self":[{"href":"https:\/\/siempre-azul.com\/fr\/wp-json\/wp\/v2\/pages\/2062","targetHints":{"allow":["GET"]}}],"collection":[{"href":"https:\/\/siempre-azul.com\/fr\/wp-json\/wp\/v2\/pages"}],"about":[{"href":"https:\/\/siempre-azul.com\/fr\/wp-json\/wp\/v2\/types\/page"}],"author":[{"embeddable":true,"href":"https:\/\/siempre-azul.com\/fr\/wp-json\/wp\/v2\/users\/1"}],"replies":[{"embeddable":true,"href":"https:\/\/siempre-azul.com\/fr\/wp-json\/wp\/v2\/comments?post=2062"}],"version-history":[{"count":18,"href":"https:\/\/siempre-azul.com\/fr\/wp-json\/wp\/v2\/pages\/2062\/revisions"}],"predecessor-version":[{"id":3080,"href":"https:\/\/siempre-azul.com\/fr\/wp-json\/wp\/v2\/pages\/2062\/revisions\/3080"}],"wp:attachment":[{"href":"https:\/\/siempre-azul.com\/fr\/wp-json\/wp\/v2\/media?parent=2062"}],"curies":[{"name":"wp","href":"https:\/\/api.w.org\/{rel}","templated":true}]}}