{"id":2022,"date":"2023-12-14T00:09:50","date_gmt":"2023-12-14T00:09:50","guid":{"rendered":"https:\/\/siempre-azul.com\/conditions-generales-dutilisation\/"},"modified":"2023-12-14T01:18:49","modified_gmt":"2023-12-14T01:18:49","slug":"conditions-generales-dutilisation","status":"publish","type":"page","link":"https:\/\/siempre-azul.com\/fr\/conditions-generales-dutilisation\/","title":{"rendered":"Conditions g\u00e9n\u00e9rales d&rsquo;utilisation"},"content":{"rendered":"<p>[et_pb_section fb_built=\u00a0\u00bb1&Prime; _builder_version=\u00a0\u00bb4.23.1&Prime; _module_preset=\u00a0\u00bbdefault\u00a0\u00bb global_colors_info=\u00a0\u00bb{}\u00a0\u00bb][et_pb_row _builder_version=\u00a0\u00bb4.23.1&Prime; _module_preset=\u00a0\u00bbdefault\u00a0\u00bb global_colors_info=\u00a0\u00bb{}\u00a0\u00bb][et_pb_column type=\u00a0\u00bb4_4&Prime; _builder_version=\u00a0\u00bb4.23.1&Prime; _module_preset=\u00a0\u00bbdefault\u00a0\u00bb global_colors_info=\u00a0\u00bb{}\u00a0\u00bb][et_pb_text _builder_version=\u00a0\u00bb4.23.1&Prime; _module_preset=\u00a0\u00bbdefault\u00a0\u00bb global_colors_info=\u00a0\u00bb{}\u00a0\u00bb]<\/p>\n<h1>Conditions g\u00e9n\u00e9rales d&rsquo;utilisation<\/h1>\n<p>[\/et_pb_text][et_pb_divider color=\u00a0\u00bb#579A66&Prime; divider_weight=\u00a0\u00bb4px\u00a0\u00bb _builder_version=\u00a0\u00bb4.23.1&Prime; _module_preset=\u00a0\u00bbdefault\u00a0\u00bb width=\u00a0\u00bb15%\u00a0\u00bb module_alignment=\u00a0\u00bbleft\u00a0\u00bb custom_padding=\u00a0\u00bb25px||||false|false\u00a0\u00bb global_colors_info=\u00a0\u00bb{}\u00a0\u00bb theme_builder_area=\u00a0\u00bbpost_content\u00a0\u00bb][\/et_pb_divider][et_pb_accordion _builder_version=\u00a0\u00bb4.23.1&Prime; _module_preset=\u00a0\u00bbdefault\u00a0\u00bb hover_enabled=\u00a0\u00bb0&Prime; global_colors_info=\u00a0\u00bb{}\u00a0\u00bb sticky_enabled=\u00a0\u00bb0&Prime; icon_color=\u00a0\u00bb#579A66&Prime; closed_toggle_background_color=\u00a0\u00bbrgba(87,154,102,0.14)\u00a0\u00bb toggle_font_size=\u00a0\u00bb16px\u00a0\u00bb body_font=\u00a0\u00bb|300|||||||\u00a0\u00bb body_font_size=\u00a0\u00bb14px\u00a0\u00bb border_width_all=\u00a0\u00bb0px\u00a0\u00bb][et_pb_accordion_item title=\u00a0\u00bbPolitique d&apos;annulation\u00a0\u00bb open=\u00a0\u00bbon\u00a0\u00bb _builder_version=\u00a0\u00bb4.23.1&Prime; _module_preset=\u00a0\u00bbdefault\u00a0\u00bb global_colors_info=\u00a0\u00bb{}\u00a0\u00bb]<\/p>\n<p>Remboursement int\u00e9gral en cas d&rsquo;annulation jusqu&rsquo;\u00e0 30 jours avant l&rsquo;arriv\u00e9e. Si vous r\u00e9servez moins de 30 jours avant votre arriv\u00e9e, vous serez int\u00e9gralement rembours\u00e9 si vous annulez dans les 48 heures suivant la r\u00e9servation et au moins 14 jours avant l&rsquo;arriv\u00e9e. Ensuite, si vous annulez jusqu&rsquo;\u00e0 sept jours avant l&rsquo;arriv\u00e9e, vous obtenez un remboursement de 50 %. Si vous attendez encore plus longtemps, vous ne serez pas rembours\u00e9.<\/p>\n<p>[\/et_pb_accordion_item][et_pb_accordion_item title=\u00a0\u00bbR\u00e9servation directe\u00a0\u00bb _builder_version=\u00a0\u00bb4.23.1&Prime; _module_preset=\u00a0\u00bbdefault\u00a0\u00bb global_colors_info=\u00a0\u00bb{}\u00a0\u00bb open=\u00a0\u00bboff\u00a0\u00bb]<\/p>\n<div id=\"how-guests-book-title\" class=\"_13gqvrv\">Lors de la r\u00e9servation de votre s\u00e9jour, l&rsquo;h\u00f4te dispose d&rsquo;un droit de r\u00e9tractation de 7 jours sans conditions suppl\u00e9mentaires. Le montant pay\u00e9 lors de la r\u00e9servation n&rsquo;est transf\u00e9r\u00e9 de votre compte qu&rsquo;apr\u00e8s ces 7 jours.<\/div>\n<p>[\/et_pb_accordion_item][et_pb_accordion_item title=\u00a0\u00bbR\u00e8glement int\u00e9rieur\u00a0\u00bb _builder_version=\u00a0\u00bb4.23.1&Prime; _module_preset=\u00a0\u00bbdefault\u00a0\u00bb global_colors_info=\u00a0\u00bb{}\u00a0\u00bb open=\u00a0\u00bboff\u00a0\u00bb]<\/p>\n<p>Les h\u00f4tes sont tenus de se conformer \u00e0 vos r\u00e8gles et de traiter le logement avec respect. La non-conformit\u00e9 ou les dommages peuvent entra\u00eener des frais.<\/p>\n<p>[\/et_pb_accordion_item][et_pb_accordion_item title=\u00a0\u00bbAnimaux autoris\u00e9s\u00a0\u00bb _builder_version=\u00a0\u00bb4.23.1&Prime; _module_preset=\u00a0\u00bbdefault\u00a0\u00bb global_colors_info=\u00a0\u00bb{}\u00a0\u00bb open=\u00a0\u00bboff\u00a0\u00bb]<\/p>\n<p>Les animaux de compagnie bien \u00e9lev\u00e9s sont admis dans la propri\u00e9t\u00e9, mais pas dans les si\u00e8ges ni dans les lits ; tout dommage sera factur\u00e9.<\/p>\n<p>[\/et_pb_accordion_item][et_pb_accordion_item title=\u00a0\u00bbLes partis\u00a0\u00bb _builder_version=\u00a0\u00bb4.23.1&Prime; _module_preset=\u00a0\u00bbdefault\u00a0\u00bb global_colors_info=\u00a0\u00bb{}\u00a0\u00bb open=\u00a0\u00bboff\u00a0\u00bb]<\/p>\n<p>Les f\u00eates ne sont pas autoris\u00e9es.<\/p>\n<p>[\/et_pb_accordion_item][et_pb_accordion_item title=\u00a0\u00bbFumer\u00a0\u00bb _builder_version=\u00a0\u00bb4.23.1&Prime; _module_preset=\u00a0\u00bbdefault\u00a0\u00bb global_colors_info=\u00a0\u00bb{}\u00a0\u00bb open=\u00a0\u00bboff\u00a0\u00bb]<\/p>\n<p>Fumer, vaping et e-cigarettes autoris\u00e9s dans le patio ou \u00e0 l&rsquo;ext\u00e9rieur sur la terrasse. Il est interdit de fumer sur la propri\u00e9t\u00e9 en raison des risques d&rsquo;incendie et par respect pour la nature.<\/p>\n<p>[\/et_pb_accordion_item][\/et_pb_accordion][\/et_pb_column][\/et_pb_row][\/et_pb_section]<\/p>\n","protected":false},"excerpt":{"rendered":"<p>Conditions g\u00e9n\u00e9rales d&rsquo;utilisationRemboursement int\u00e9gral en cas d&rsquo;annulation jusqu&rsquo;\u00e0 30 jours avant l&rsquo;arriv\u00e9e. Si vous r\u00e9servez moins de 30 jours avant votre arriv\u00e9e, vous serez int\u00e9gralement rembours\u00e9 si vous annulez dans les 48 heures suivant la r\u00e9servation et au moins 14 jours avant l&rsquo;arriv\u00e9e. Ensuite, si vous annulez jusqu&rsquo;\u00e0 sept jours avant l&rsquo;arriv\u00e9e, vous obtenez un [&hellip;]<\/p>\n","protected":false},"author":2,"featured_media":0,"parent":0,"menu_order":0,"comment_status":"closed","ping_status":"closed","template":"","meta":{"_et_pb_use_builder":"on","_et_pb_old_content":"","_et_gb_content_width":"","footnotes":""},"class_list":["post-2022","page","type-page","status-publish","hentry"],"_links":{"self":[{"href":"https:\/\/siempre-azul.com\/fr\/wp-json\/wp\/v2\/pages\/2022","targetHints":{"allow":["GET"]}}],"collection":[{"href":"https:\/\/siempre-azul.com\/fr\/wp-json\/wp\/v2\/pages"}],"about":[{"href":"https:\/\/siempre-azul.com\/fr\/wp-json\/wp\/v2\/types\/page"}],"author":[{"embeddable":true,"href":"https:\/\/siempre-azul.com\/fr\/wp-json\/wp\/v2\/users\/2"}],"replies":[{"embeddable":true,"href":"https:\/\/siempre-azul.com\/fr\/wp-json\/wp\/v2\/comments?post=2022"}],"version-history":[{"count":2,"href":"https:\/\/siempre-azul.com\/fr\/wp-json\/wp\/v2\/pages\/2022\/revisions"}],"predecessor-version":[{"id":2031,"href":"https:\/\/siempre-azul.com\/fr\/wp-json\/wp\/v2\/pages\/2022\/revisions\/2031"}],"wp:attachment":[{"href":"https:\/\/siempre-azul.com\/fr\/wp-json\/wp\/v2\/media?parent=2022"}],"curies":[{"name":"wp","href":"https:\/\/api.w.org\/{rel}","templated":true}]}}