{"id":1978,"date":"2023-11-14T01:09:34","date_gmt":"2023-11-14T01:09:34","guid":{"rendered":"https:\/\/siempre-azul.com\/bienvenue-a-la-villa-flores\/"},"modified":"2024-04-20T03:24:43","modified_gmt":"2024-04-20T03:24:43","slug":"bienvenue-a-la-villa-flores","status":"publish","type":"page","link":"https:\/\/siempre-azul.com\/fr\/","title":{"rendered":"Bienvenue \u00e0 la Villa Flores"},"content":{"rendered":"<p>[et_pb_section fb_built=\u00a0\u00bb1&Prime; fullwidth=\u00a0\u00bbon\u00a0\u00bb _builder_version=\u00a0\u00bb4.23.1&Prime; _module_preset=\u00a0\u00bbdefault\u00a0\u00bb background_color=\u00a0\u00bbRGBA(255,255,255,0)\u00a0\u00bb background_image=\u00a0\u00bbhttps:\/\/siempre-azul.com\/wp-content\/uploads\/2023\/11\/CASA_AIRBNB-98.jpg\u00a0\u00bb parallax=\u00a0\u00bbon\u00a0\u00bb global_colors_info=\u00a0\u00bb{}\u00a0\u00bb][et_pb_fullwidth_header text_orientation=\u00a0\u00bbcenter\u00a0\u00bb header_fullscreen=\u00a0\u00bbon\u00a0\u00bb background_overlay_color=\u00a0\u00bbrgba(0,0,0,0.65)\u00a0\u00bb logo_image_url=\u00a0\u00bbhttps:\/\/siempre-azul.com\/wp-content\/uploads\/2024\/04\/logo-Villa-Flores-white.png\u00a0\u00bb _builder_version=\u00a0\u00bb4.23.1&Prime; _module_preset=\u00a0\u00bbdefault\u00a0\u00bb background_enable_color=\u00a0\u00bboff\u00a0\u00bb background_image=\u00a0\u00bbhttps:\/\/siempre-azul.com\/wp-content\/uploads\/2023\/12\/CASA_AIRBNB_S2-15.jpg\u00a0\u00bb hover_enabled=\u00a0\u00bb0&Prime; global_colors_info=\u00a0\u00bb{}\u00a0\u00bb title_text=\u00a0\u00bblogo-Villa-Flores-white\u00a0\u00bb sticky_enabled=\u00a0\u00bb0&Prime;][\/et_pb_fullwidth_header][\/et_pb_section][et_pb_section fb_built=\u00a0\u00bb1&Prime; _builder_version=\u00a0\u00bb4.23.1&Prime; _module_preset=\u00a0\u00bbdefault\u00a0\u00bb background_color=\u00a0\u00bb#579A66&Prime; custom_margin=\u00a0\u00bb0px||0px||true|false\u00a0\u00bb custom_padding=\u00a0\u00bb0px||0px|||\u00a0\u00bb global_colors_info=\u00a0\u00bb{}\u00a0\u00bb][et_pb_row _builder_version=\u00a0\u00bb4.23.1&Prime; _module_preset=\u00a0\u00bbdefault\u00a0\u00bb background_enable_color=\u00a0\u00bboff\u00a0\u00bb width=\u00a0\u00bb100%\u00a0\u00bb max_width=\u00a0\u00bb1920px\u00a0\u00bb custom_margin=\u00a0\u00bb0px||0px||true|false\u00a0\u00bb custom_padding=\u00a0\u00bb0px||0px||true|\u00a0\u00bb global_colors_info=\u00a0\u00bb{%22gcid-feabd8e4-82da-4fdc-846a-35409b5fefc6%22:%91%22background_color%22%93}\u00a0\u00bb][et_pb_column type=\u00a0\u00bb4_4&Prime; _builder_version=\u00a0\u00bb4.23.1&Prime; _module_preset=\u00a0\u00bbdefault\u00a0\u00bb global_colors_info=\u00a0\u00bb{}\u00a0\u00bb][wpbs_s_divi_calendar_search minimum_stay=\u00a0\u00bb7&Prime; results_layout=\u00a0\u00bbgrid\u00a0\u00bb redirect=\u00a0\u00bb\/book\u00a0\u00bb _builder_version=\u00a0\u00bb4.23.1&Prime; _module_preset=\u00a0\u00bbdefault\u00a0\u00bb module_font=\u00a0\u00bb|300|||||||\u00a0\u00bb module_text_color=\u00a0\u00bb#FFFFFF\u00a0\u00bb custom_margin=\u00a0\u00bb2%|8%|2%|8%|true|true\u00a0\u00bb global_colors_info=\u00a0\u00bb{}\u00a0\u00bb][\/wpbs_s_divi_calendar_search][\/et_pb_column][\/et_pb_row][\/et_pb_section][et_pb_section fb_built=\u00a0\u00bb1&Prime; custom_padding_last_edited=\u00a0\u00bbon|phone\u00a0\u00bb _builder_version=\u00a0\u00bb4.23.1&Prime; _module_preset=\u00a0\u00bbdefault\u00a0\u00bb custom_padding=\u00a0\u00bb||3px|||\u00a0\u00bb custom_padding_tablet=\u00a0\u00bb||3px|||\u00a0\u00bb custom_padding_phone=\u00a0\u00bb0px||0px||true|false\u00a0\u00bb global_colors_info=\u00a0\u00bb{}\u00a0\u00bb][et_pb_row custom_padding_last_edited=\u00a0\u00bbon|phone\u00a0\u00bb _builder_version=\u00a0\u00bb4.23.1&Prime; _module_preset=\u00a0\u00bbdefault\u00a0\u00bb custom_padding_tablet=\u00a0\u00bb\u00a0\u00bb custom_padding_phone=\u00a0\u00bb||0px||false|false\u00a0\u00bb global_colors_info=\u00a0\u00bb{}\u00a0\u00bb][et_pb_column type=\u00a0\u00bb4_4&Prime; _builder_version=\u00a0\u00bb4.23.1&Prime; _module_preset=\u00a0\u00bbdefault\u00a0\u00bb global_colors_info=\u00a0\u00bb{}\u00a0\u00bb][et_pb_text _builder_version=\u00a0\u00bb4.23.1&Prime; _module_preset=\u00a0\u00bbdefault\u00a0\u00bb header_font=\u00a0\u00bb|600|||||||\u00a0\u00bb header_text_align=\u00a0\u00bbcenter\u00a0\u00bb header_font_size=\u00a0\u00bb3em\u00a0\u00bb header_line_height=\u00a0\u00bb1.4em\u00a0\u00bb min_height=\u00a0\u00bb43px\u00a0\u00bb custom_margin_tablet=\u00a0\u00bb\u00a0\u00bb custom_margin_phone=\u00a0\u00bb||0px||false|false\u00a0\u00bb custom_margin_last_edited=\u00a0\u00bbon|phone\u00a0\u00bb custom_padding_tablet=\u00a0\u00bb\u00a0\u00bb custom_padding_phone=\u00a0\u00bb||0px||false|false\u00a0\u00bb custom_padding_last_edited=\u00a0\u00bbon|phone\u00a0\u00bb header_font_size_tablet=\u00a0\u00bb3em\u00a0\u00bb header_font_size_phone=\u00a0\u00bb1.5em\u00a0\u00bb header_font_size_last_edited=\u00a0\u00bbon|phone\u00a0\u00bb global_colors_info=\u00a0\u00bb{}\u00a0\u00bb]<\/p>\n<h1>Bienvenue \u00e0 la Villa Flores<\/h1>\n<p>[\/et_pb_text][et_pb_divider color=\u00a0\u00bb#579A66&Prime; divider_weight=\u00a0\u00bb4px\u00a0\u00bb _builder_version=\u00a0\u00bb4.23.1&Prime; _module_preset=\u00a0\u00bbdefault\u00a0\u00bb width=\u00a0\u00bb15%\u00a0\u00bb module_alignment=\u00a0\u00bbcenter\u00a0\u00bb custom_padding=\u00a0\u00bb25px||||false|false\u00a0\u00bb global_colors_info=\u00a0\u00bb{}\u00a0\u00bb][\/et_pb_divider][\/et_pb_column][\/et_pb_row][et_pb_row column_structure=\u00a0\u00bb2_5,3_5&Prime; custom_padding_last_edited=\u00a0\u00bbon|phone\u00a0\u00bb _builder_version=\u00a0\u00bb4.23.1&Prime; _module_preset=\u00a0\u00bbdefault\u00a0\u00bb width=\u00a0\u00bb90%\u00a0\u00bb max_width=\u00a0\u00bb1920px\u00a0\u00bb custom_padding_tablet=\u00a0\u00bb\u00a0\u00bb custom_padding_phone=\u00a0\u00bb0px||||false|false\u00a0\u00bb global_colors_info=\u00a0\u00bb{}\u00a0\u00bb][et_pb_column type=\u00a0\u00bb2_5&Prime; _builder_version=\u00a0\u00bb4.23.1&Prime; _module_preset=\u00a0\u00bbdefault\u00a0\u00bb global_colors_info=\u00a0\u00bb{}\u00a0\u00bb][et_pb_image src=\u00a0\u00bbhttps:\/\/siempre-azul.com\/wp-content\/uploads\/2023\/11\/CASA_AIRBNB-69.jpg\u00a0\u00bb title_text=\u00a0\u00bbCASA_AIRBNB-69&Prime; _builder_version=\u00a0\u00bb4.23.1&Prime; _module_preset=\u00a0\u00bbdefault\u00a0\u00bb global_colors_info=\u00a0\u00bb{}\u00a0\u00bb][\/et_pb_image][\/et_pb_column][et_pb_column type=\u00a0\u00bb3_5&Prime; _builder_version=\u00a0\u00bb4.23.1&Prime; _module_preset=\u00a0\u00bbdefault\u00a0\u00bb global_colors_info=\u00a0\u00bb{}\u00a0\u00bb][et_pb_text _builder_version=\u00a0\u00bb4.23.1&Prime; _module_preset=\u00a0\u00bbdefault\u00a0\u00bb text_font=\u00a0\u00bbRaleway|300|||||||\u00a0\u00bb text_line_height=\u00a0\u00bb1.8em\u00a0\u00bb custom_margin=\u00a0\u00bb|10%|23px||false|false\u00a0\u00bb global_colors_info=\u00a0\u00bb{}\u00a0\u00bb]<\/p>\n<p>La VILLA FLORES est une superbe villa hors r\u00e9seau situ\u00e9e dans la magnifique r\u00e9gion ensoleill\u00e9e d&rsquo;Andalousie, dans le sud de l&rsquo;Espagne. Nich\u00e9e en pleine nature, cette villa offre une intimit\u00e9 totale et des vues \u00e0 couper le souffle sur les montagnes de Casarabonella. Le cadre serein et idyllique de cette r\u00e9gion ne manquera pas de captiver votre imagination et d&rsquo;inspirer un large \u00e9ventail d&rsquo;activit\u00e9s et de projets.<\/p>\n<p>[\/et_pb_text][et_pb_text _builder_version=\u00a0\u00bb4.23.1&Prime; _module_preset=\u00a0\u00bbdefault\u00a0\u00bb text_font=\u00a0\u00bbRaleway|300|||||||\u00a0\u00bb text_line_height=\u00a0\u00bb1.8em\u00a0\u00bb custom_margin=\u00a0\u00bb||28px|||\u00a0\u00bb global_colors_info=\u00a0\u00bb{}\u00a0\u00bb]<\/p>\n<p>Si vous \u00eates \u00e0 la recherche d&rsquo;une retraite paisible qui vous permette de vous d\u00e9connecter du monde, la Villa Flores est l&rsquo;endroit id\u00e9al. Il constitue un sanctuaire pour les \u00e9crivains, les artistes et les musiciens, offrant un environnement propice \u00e0 la cr\u00e9ativit\u00e9 et \u00e0 l&rsquo;inspiration. Les montagnes environnantes garantissent une brise l\u00e9g\u00e8re et constante. L&rsquo;\u00e9quipe du village et de l&rsquo;h\u00f4tel veille \u00e0 ce que votre s\u00e9jour soit confortable et agr\u00e9able. Avec ouverture, il vous accueillera et r\u00e9pondra \u00e0 tous vos besoins, pour que vous vous sentiez comme chez vous.  <\/p>\n<p>[\/et_pb_text][et_pb_text _builder_version=\u00a0\u00bb4.23.1&Prime; _module_preset=\u00a0\u00bbdefault\u00a0\u00bb text_font=\u00a0\u00bb|300|||||||\u00a0\u00bb custom_margin=\u00a0\u00bb12px||18px|||\u00a0\u00bb global_colors_info=\u00a0\u00bb{}\u00a0\u00bb]<\/p>\n<p>La Villa Flores peut accueillir des groupes de 6 \u00e0 12 personnes, ce qui la rend id\u00e9ale pour les familles, les amis ou m\u00eame les retraites d&rsquo;entreprise. Que vous soyez \u00e0 la recherche d&rsquo;une escapade paisible ou d&rsquo;un lieu pour lib\u00e9rer votre cr\u00e9ativit\u00e9, la Villa Flores vous offre tout cela.<\/p>\n<p>[\/et_pb_text][et_pb_text _builder_version=\u00a0\u00bb4.23.1&Prime; _module_preset=\u00a0\u00bbdefault\u00a0\u00bb text_font=\u00a0\u00bb|300|||||||\u00a0\u00bb text_text_color=\u00a0\u00bb#579A66&Prime; text_font_size=\u00a0\u00bb12px\u00a0\u00bb custom_margin=\u00a0\u00bb0px||||false|false\u00a0\u00bb custom_padding=\u00a0\u00bb4px||23px||false|false\u00a0\u00bb global_colors_info=\u00a0\u00bb{}\u00a0\u00bb]R\u00e9union de famille | Vacances entre amis | Yoga retraite | Band music writhing[\/et_pb_text][\/et_pb_column][\/et_pb_row][et_pb_row use_custom_gutter=\u00a0\u00bbon\u00a0\u00bb gutter_width=\u00a0\u00bb1&Prime; custom_padding_last_edited=\u00a0\u00bbon|phone\u00a0\u00bb _builder_version=\u00a0\u00bb4.23.1&Prime; _module_preset=\u00a0\u00bbdefault\u00a0\u00bb width=\u00a0\u00bb100%\u00a0\u00bb max_width=\u00a0\u00bb1920px\u00a0\u00bb custom_padding=\u00a0\u00bb||3px|||\u00a0\u00bb custom_padding_tablet=\u00a0\u00bb||3px|||\u00a0\u00bb custom_padding_phone=\u00a0\u00bb0px||0px||true|false\u00a0\u00bb global_colors_info=\u00a0\u00bb{}\u00a0\u00bb][et_pb_column type=\u00a0\u00bb4_4&Prime; _builder_version=\u00a0\u00bb4.23.1&Prime; _module_preset=\u00a0\u00bbdefault\u00a0\u00bb global_colors_info=\u00a0\u00bb{}\u00a0\u00bb][et_pb_cta title=\u00a0\u00bbProfiter et se d\u00e9tendre, c&apos;est le moment de prendre des vitamines pour les vacances\u00a0\u00bb button_url=\u00a0\u00bb@ET-DC@eyJkeW5hbWljIjp0cnVlLCJjb250ZW50IjoicG9zdF9saW5rX3VybF9wYWdlIiwic2V0dGluZ3MiOnsicG9zdF9pZCI6IjQ3OCJ9fQ==@\u00a0\u00bb button_text=\u00a0\u00bbD\u00e9couvrir l&apos;h\u00e9bergement\u00a0\u00bb _builder_version=\u00a0\u00bb4.23.1&Prime; _dynamic_attributes=\u00a0\u00bbbutton_url\u00a0\u00bb _module_preset=\u00a0\u00bbdefault\u00a0\u00bb background_image=\u00a0\u00bbhttps:\/\/siempre-azul.com\/wp-content\/uploads\/2023\/12\/CASA_AIRBNB_S2-53.jpg\u00a0\u00bb custom_button=\u00a0\u00bbon\u00a0\u00bb button_text_color=\u00a0\u00bb#FFFFFF\u00a0\u00bb button_bg_color=\u00a0\u00bb#579A66&Prime; button_alignment=\u00a0\u00bbcenter\u00a0\u00bb min_height=\u00a0\u00bb60vh\u00a0\u00bb custom_padding=\u00a0\u00bb10%||10%||true|false\u00a0\u00bb custom_padding_tablet=\u00a0\u00bb10%||10%||true|false\u00a0\u00bb custom_padding_phone=\u00a0\u00bb32%||||false|false\u00a0\u00bb custom_padding_last_edited=\u00a0\u00bbon|phone\u00a0\u00bb header_text_shadow_style=\u00a0\u00bbpreset3&Prime; global_colors_info=\u00a0\u00bb{}\u00a0\u00bb custom_margin__hover_enabled=\u00a0\u00bbon|desktop\u00a0\u00bb][\/et_pb_cta][\/et_pb_column][\/et_pb_row][\/et_pb_section]<\/p>\n","protected":false},"excerpt":{"rendered":"<p><div class=\"et_pb_module wpbs_s_divi_calendar_search wpbs_s_divi_calendar_search_0\">\n\t\t\t\t\n\t\t\t\t\n\t\t\t\t\n\t\t\t\t\n\t\t\t\t\n\t\t\t\t\n\t\t\t\t<div class=\"et_pb_module_inner\">\n\t\t\t\t\t<div class=\"wpbs_s-search-widget wpbs_s-search-widget-multiple-date-search\" data-calendars=\"all\" data-language=\"fr\" data-title=\"yes\" data-mark_selection=\"yes\" data-start_day=\"1\" data-selection_type=\"multiple\" data-minimum_stay=\"7\" data-featured_image=\"no\" data-starting_price=\"no\" data-results_layout=\"grid\" data-results_per_page=\"10\" data-show_results_on_load=\"no\" data-redirect=\"\/book\" ><div class=\"wpbs_s-search-widget-form-wrap\">\r\n<h2>Chercher<\/h2>\r\n\r\n<form action=\"\/book\" method=\"GET\" class=\"wpbs_s-search-widget-form wpbs_s-search-widget-form-fields-2\" autocomplete=\"off\">\r\n\r\n    \r\n    <div class=\"wpbs_s-search-widget-field wpbs-search-widget-field-start-date\">\r\n        <label for=\"wpbs_s-search-widget-datepicker-start-date-95d85e74\">Date d'arriv\u00e9e<\/label>\r\n        <input type=\"text\" placeholder=\"\" value=\"\" id=\"wpbs_s-search-widget-datepicker-start-date-95d85e74\" class=\"wpbs_s-search-widget-datepicker wpbs_s-search-widget-datepicker-start-date\" name=\"start-date\" readonly \/>\r\n        <input type=\"hidden\" value=\"\" id=\"wpbs_s-search-widget-datepicker-standard-format-start-date-95d85e74\" class=\"wpbs_s-search-widget-datepicker-standard-format-start-date\" name=\"wpbs-search-start-date\" \/>\r\n    <\/div>\r\n\r\n    \r\n        <div class=\"wpbs_s-search-widget-field wpbs-search-widget-field-end-date\">\r\n            <label for=\"wpbs_s-search-widget-datepicker-end-date-95d85e74\">Date de d\u00e9part<\/label>\r\n            <input type=\"text\" placeholder=\"\" value=\"\" id=\"wpbs_s-search-widget-datepicker-end-date-95d85e74\" class=\"wpbs_s-search-widget-datepicker wpbs_s-search-widget-datepicker-end-date\" name=\"end-date\" readonly \/>\r\n            <input type=\"hidden\" value=\"\" id=\"wpbs_s-search-widget-datepicker-standard-format-end-date-95d85e74\" class=\"wpbs_s-search-widget-datepicker-standard-format-end-date\" name=\"wpbs-search-end-date\" \/>\r\n        <\/div>\r\n\r\n    \r\n    \r\n    <div class=\"wpbs_s-search-widget-field wpbs_s-search-widget-field-submit\">\r\n        <button class=\"wpbs_s-search-widget-datepicker-submit\">Chercher<\/button>\r\n    <\/div>\r\n\r\n<\/form>\r\n<\/div><div class=\"wpbs_s-search-widget-results-wrap\" data-label-previous=\"Pr\u00e9c\u00e9dent \" data-label-next=\"Suivant\"><\/div><div class=\"wpbs-search-container-loaded\" data-just-loaded=\"1\"><\/div><\/div>\n\t\t\t\t<\/div>\n\t\t\t<\/div>Bienvenue \u00e0 la Villa FloresLa VILLA FLORES est une superbe villa hors r\u00e9seau situ\u00e9e dans la magnifique r\u00e9gion ensoleill\u00e9e d&rsquo;Andalousie, dans le sud de l&rsquo;Espagne. Nich\u00e9e en pleine nature, cette villa offre une intimit\u00e9 totale et des vues \u00e0 couper le souffle sur les montagnes de [&hellip;]<\/p>\n","protected":false},"author":1,"featured_media":0,"parent":0,"menu_order":0,"comment_status":"closed","ping_status":"open","template":"","meta":{"_et_pb_use_builder":"on","_et_pb_old_content":"<!-- wp:paragraph -->\r\n<p>This is an example page. It's different from a blog post because it will stay in one place and will show up in your site navigation (in most themes). Most people start with an About page that introduces them to potential site visitors. It might say something like this:<\/p>\r\n<!-- \/wp:paragraph --><!-- wp:quote -->\r\n<blockquote class=\"wp-block-quote\">\r\n<p>Hi there! I'm a bike messenger by day, aspiring actor by night, and this is my website. I live in Los Angeles, have a great dog named Jack, and I like pi\u00f1a coladas. (And gettin' caught in the rain.)<\/p>\r\n<\/blockquote>\r\n<!-- \/wp:quote --><!-- wp:paragraph -->\r\n<p>...or something like this:<\/p>\r\n<!-- \/wp:paragraph --><!-- wp:quote -->\r\n<blockquote class=\"wp-block-quote\">\r\n<p>The XYZ Doohickey Company was founded in 1971, and has been providing quality doohickeys to the public ever since. Located in Gotham City, XYZ employs over 2,000 people and does all kinds of awesome things for the Gotham community.<\/p>\r\n<\/blockquote>\r\n<!-- \/wp:quote --><!-- wp:paragraph -->\r\n<p>As a new WordPress user, you should go to <a href=\"https:\/\/siempre-azul.com\/wp-admin\/\">your dashboard<\/a> to delete this page and create new pages for your content. Have fun!<\/p>\r\n<!-- \/wp:paragraph -->","_et_gb_content_width":"","footnotes":""},"class_list":["post-1978","page","type-page","status-publish","hentry"],"_links":{"self":[{"href":"https:\/\/siempre-azul.com\/fr\/wp-json\/wp\/v2\/pages\/1978","targetHints":{"allow":["GET"]}}],"collection":[{"href":"https:\/\/siempre-azul.com\/fr\/wp-json\/wp\/v2\/pages"}],"about":[{"href":"https:\/\/siempre-azul.com\/fr\/wp-json\/wp\/v2\/types\/page"}],"author":[{"embeddable":true,"href":"https:\/\/siempre-azul.com\/fr\/wp-json\/wp\/v2\/users\/1"}],"replies":[{"embeddable":true,"href":"https:\/\/siempre-azul.com\/fr\/wp-json\/wp\/v2\/comments?post=1978"}],"version-history":[{"count":11,"href":"https:\/\/siempre-azul.com\/fr\/wp-json\/wp\/v2\/pages\/1978\/revisions"}],"predecessor-version":[{"id":2685,"href":"https:\/\/siempre-azul.com\/fr\/wp-json\/wp\/v2\/pages\/1978\/revisions\/2685"}],"wp:attachment":[{"href":"https:\/\/siempre-azul.com\/fr\/wp-json\/wp\/v2\/media?parent=1978"}],"curies":[{"name":"wp","href":"https:\/\/api.w.org\/{rel}","templated":true}]}}