{"id":2028,"date":"2023-12-14T00:09:50","date_gmt":"2023-12-14T00:09:50","guid":{"rendered":"https:\/\/siempre-azul.com\/condiciones-generales\/"},"modified":"2023-12-14T01:18:50","modified_gmt":"2023-12-14T01:18:50","slug":"condiciones-generales","status":"publish","type":"page","link":"https:\/\/siempre-azul.com\/es\/condiciones-generales\/","title":{"rendered":"Condiciones generales"},"content":{"rendered":"<p>[et_pb_section fb_built=\u00bb1&#8243; _builder_version=\u00bb4.23.1&#8243; _module_preset=\u00bbdefault\u00bb global_colors_info=\u00bb{}\u00bb][et_pb_row _builder_version=\u00bb4.23.1&#8243; _module_preset=\u00bbdefault\u00bb global_colors_info=\u00bb{}\u00bb][et_pb_column type=\u00bb4_4&#8243; _builder_version=\u00bb4.23.1&#8243; _module_preset=\u00bbdefault\u00bb global_colors_info=\u00bb{}\u00bb][et_pb_text _builder_version=\u00bb4.23.1&#8243; _module_preset=\u00bbdefault\u00bb global_colors_info=\u00bb{}\u00bb]<\/p>\n<h1>Condiciones generales<\/h1>\n<p>[\/et_pb_text][et_pb_divider color=\u00bb#579A66&#8243; divider_weight=\u00bb4px\u00bb _builder_version=\u00bb4.23.1&#8243; _module_preset=\u00bbdefault\u00bb width=\u00bb15%\u00bb module_alignment=\u00bbleft\u00bb custom_padding=\u00bb25px||||false|false\u00bb global_colors_info=\u00bb{}\u00bb theme_builder_area=\u00bbpost_content\u00bb][\/et_pb_divider][et_pb_accordion _builder_version=\u00bb4.23.1&#8243; _module_preset=\u00bbdefault\u00bb hover_enabled=\u00bb0&#8243; global_colors_info=\u00bb{}\u00bb sticky_enabled=\u00bb0&#8243; icon_color=\u00bb#579A66&#8243; closed_toggle_background_color=\u00bbrgba(87,154,102,0.14)\u00bb toggle_font_size=\u00bb16px\u00bb body_font=\u00bb|300|||||||\u00bb body_font_size=\u00bb14px\u00bb border_width_all=\u00bb0px\u00bb][et_pb_accordion_item title=\u00bbPol\u00edtica de anulaci\u00f3n\u00bb open=\u00bbon\u00bb _builder_version=\u00bb4.23.1&#8243; _module_preset=\u00bbdefault\u00bb global_colors_info=\u00bb{}\u00bb]<\/p>\n<p>Reembolso completo si cancela hasta 30 d\u00edas antes de la llegada. Si reserva con menos de 30 d\u00edas de antelaci\u00f3n a la llegada, obtendr\u00e1 un reembolso completo si cancela en las 48 horas siguientes a la reserva y al menos 14 d\u00edas antes de la llegada. Despu\u00e9s, si cancela hasta siete d\u00edas antes de la llegada, obtendr\u00e1 un reembolso del 50%. Si espera a\u00fan m\u00e1s, no recibir\u00e1 ning\u00fan reembolso.<\/p>\n<p>[\/et_pb_accordion_item][et_pb_accordion_item title=\u00bbReserva directa\u00bb _builder_version=\u00bb4.23.1&#8243; _module_preset=\u00bbdefault\u00bb global_colors_info=\u00bb{}\u00bb open=\u00bboff\u00bb]<\/p>\n<div id=\"how-guests-book-title\" class=\"_13gqvrv\">Al reservar su estancia, el anfitri\u00f3n dispone de 7 d\u00edas de derecho de desistimiento sin condiciones adicionales. El importe pagado al hacer la reserva se transfiere de su cuenta s\u00f3lo despu\u00e9s de estos 7 d\u00edas.<\/div>\n<p>[\/et_pb_accordion_item][et_pb_accordion_item title=\u00bbNormas de la casa\u00bb _builder_version=\u00bb4.23.1&#8243; _module_preset=\u00bbdefault\u00bb global_colors_info=\u00bb{}\u00bb open=\u00bboff\u00bb]<\/p>\n<p>Se espera que los hu\u00e9spedes acaten sus normas y traten el alojamiento con respeto. El incumplimiento o los da\u00f1os pueden dar lugar a cargos.<\/p>\n<p>[\/et_pb_accordion_item][et_pb_accordion_item title=\u00bbSe admiten mascotas\u00bb _builder_version=\u00bb4.23.1&#8243; _module_preset=\u00bbdefault\u00bb global_colors_info=\u00bb{}\u00bb open=\u00bboff\u00bb]<\/p>\n<p>Se admiten mascotas bien educadas en la propiedad, pero no en los asientos ni en las camas; se cobrar\u00e1 cualquier desperfecto.<\/p>\n<p>[\/et_pb_accordion_item][et_pb_accordion_item title=\u00bbFiestas\u00bb _builder_version=\u00bb4.23.1&#8243; _module_preset=\u00bbdefault\u00bb global_colors_info=\u00bb{}\u00bb open=\u00bboff\u00bb]<\/p>\n<p>No se permiten fiestas.<\/p>\n<p>[\/et_pb_accordion_item][et_pb_accordion_item title=\u00bbFumar\u00bb _builder_version=\u00bb4.23.1&#8243; _module_preset=\u00bbdefault\u00bb global_colors_info=\u00bb{}\u00bb open=\u00bboff\u00bb]<\/p>\n<p>Se permite fumar, vaporizar y utilizar cigarrillos electr\u00f3nicos en el patio o en la terraza. No est\u00e1 permitido fumar en la propiedad debido al riesgo de incendio por respeto a la naturaleza.<\/p>\n<p>[\/et_pb_accordion_item][\/et_pb_accordion][\/et_pb_column][\/et_pb_row][\/et_pb_section]<\/p>\n","protected":false},"excerpt":{"rendered":"<p>Condiciones generalesReembolso completo si cancela hasta 30 d\u00edas antes de la llegada. Si reserva con menos de 30 d\u00edas de antelaci\u00f3n a la llegada, obtendr\u00e1 un reembolso completo si cancela en las 48 horas siguientes a la reserva y al menos 14 d\u00edas antes de la llegada. Despu\u00e9s, si cancela hasta siete d\u00edas antes de [&hellip;]<\/p>\n","protected":false},"author":2,"featured_media":0,"parent":0,"menu_order":0,"comment_status":"closed","ping_status":"closed","template":"","meta":{"_et_pb_use_builder":"on","_et_pb_old_content":"","_et_gb_content_width":"","footnotes":""},"class_list":["post-2028","page","type-page","status-publish","hentry"],"_links":{"self":[{"href":"https:\/\/siempre-azul.com\/es\/wp-json\/wp\/v2\/pages\/2028","targetHints":{"allow":["GET"]}}],"collection":[{"href":"https:\/\/siempre-azul.com\/es\/wp-json\/wp\/v2\/pages"}],"about":[{"href":"https:\/\/siempre-azul.com\/es\/wp-json\/wp\/v2\/types\/page"}],"author":[{"embeddable":true,"href":"https:\/\/siempre-azul.com\/es\/wp-json\/wp\/v2\/users\/2"}],"replies":[{"embeddable":true,"href":"https:\/\/siempre-azul.com\/es\/wp-json\/wp\/v2\/comments?post=2028"}],"version-history":[{"count":2,"href":"https:\/\/siempre-azul.com\/es\/wp-json\/wp\/v2\/pages\/2028\/revisions"}],"predecessor-version":[{"id":2035,"href":"https:\/\/siempre-azul.com\/es\/wp-json\/wp\/v2\/pages\/2028\/revisions\/2035"}],"wp:attachment":[{"href":"https:\/\/siempre-azul.com\/es\/wp-json\/wp\/v2\/media?parent=2028"}],"curies":[{"name":"wp","href":"https:\/\/api.w.org\/{rel}","templated":true}]}}