{"id":2021,"date":"2023-11-15T20:31:03","date_gmt":"2023-11-15T20:31:03","guid":{"rendered":"https:\/\/siempre-azul.com\/actividades\/"},"modified":"2024-06-25T06:59:05","modified_gmt":"2024-06-25T06:59:05","slug":"actividades","status":"publish","type":"page","link":"https:\/\/siempre-azul.com\/es\/actividades\/","title":{"rendered":"Actividades"},"content":{"rendered":"<p>[et_pb_section fb_built=\u00bb1&#8243; custom_padding_last_edited=\u00bbon|phone\u00bb _builder_version=\u00bb4.23.1&#8243; _module_preset=\u00bbdefault\u00bb custom_padding=\u00bb||99px|||\u00bb custom_padding_tablet=\u00bb\u00bb custom_padding_phone=\u00bb0px||||false|false\u00bb global_colors_info=\u00bb{}\u00bb][et_pb_row use_custom_gutter=\u00bbon\u00bb _builder_version=\u00bb4.23.1&#8243; _module_preset=\u00bbdefault\u00bb width=\u00bb90%\u00bb max_width=\u00bb1920px\u00bb custom_margin=\u00bb0px||||false|false\u00bb custom_margin_tablet=\u00bb140px||||false|false\u00bb custom_margin_phone=\u00bb0px||||false|false\u00bb custom_margin_last_edited=\u00bbon|phone\u00bb global_colors_info=\u00bb{}\u00bb][et_pb_column type=\u00bb4_4&#8243; _builder_version=\u00bb4.23.1&#8243; _module_preset=\u00bbdefault\u00bb global_colors_info=\u00bb{}\u00bb][et_pb_text _builder_version=\u00bb4.23.1&#8243; _module_preset=\u00bbdefault\u00bb custom_margin=\u00bb||1px|||\u00bb header_font_size_tablet=\u00bb\u00bb header_font_size_phone=\u00bb30px\u00bb header_font_size_last_edited=\u00bbon|phone\u00bb global_colors_info=\u00bb{}\u00bb]<\/p>\n<h1>Actividades<\/h1>\n<p>[\/et_pb_text][et_pb_divider color=\u00bb#579A66&#8243; divider_weight=\u00bb4px\u00bb _builder_version=\u00bb4.23.1&#8243; _module_preset=\u00bbdefault\u00bb width=\u00bb4%\u00bb width_tablet=\u00bb4%\u00bb width_phone=\u00bb15%\u00bb width_last_edited=\u00bbon|phone\u00bb module_alignment=\u00bbleft\u00bb custom_padding=\u00bb25px||||false|false\u00bb custom_padding_tablet=\u00bb25px||||false|false\u00bb custom_padding_phone=\u00bb15px||||false|false\u00bb custom_padding_last_edited=\u00bbon|phone\u00bb global_colors_info=\u00bb{}\u00bb][\/et_pb_divider][et_pb_text _builder_version=\u00bb4.23.1&#8243; _module_preset=\u00bbdefault\u00bb text_font=\u00bb|300|||||||\u00bb custom_margin_tablet=\u00bb\u00bb custom_margin_phone=\u00bb-20px||||false|false\u00bb custom_margin_last_edited=\u00bbon|phone\u00bb custom_padding=\u00bb||||false|false\u00bb custom_padding_tablet=\u00bb||||false|false\u00bb custom_padding_phone=\u00bb||||false|false\u00bb custom_padding_last_edited=\u00bbon|phone\u00bb global_colors_info=\u00bb{}\u00bb]<\/p>\n<p>Hay una amplia gama de emocionantes actividades alrededor de Villa Flores que garantizan que sus vacaciones sean inolvidables. Tanto si es un adicto a la adrenalina en busca de emocionantes aventuras como si busca experiencias relajantes y envolventes, tenemos algo para todos los gustos. Explore los impresionantes paisajes de nuestros bellos destinos y disfrute de actividades como senderismo, buceo, kayak y mucho m\u00e1s. Nuestro anfitri\u00f3n local velar\u00e1 por su seguridad y le proporcionar\u00e1 conocimientos especializados sobre la flora, la fauna y el patrimonio cultural locales. Prep\u00e1rese para crear recuerdos para toda la vida y embarcarse en un viaje verdaderamente extraordinario en Villa Flores.<\/p>\n<p>Hemos hecho una peque\u00f1a colecci\u00f3n para usted:<\/p>\n<p>[\/et_pb_text][\/et_pb_column][\/et_pb_row][et_pb_row column_structure=\u00bb1_3,1_3,1_3&#8243; use_custom_gutter=\u00bbon\u00bb gutter_width=\u00bb1&#8243; make_equal=\u00bbon\u00bb _builder_version=\u00bb4.23.1&#8243; _module_preset=\u00bbdefault\u00bb width=\u00bb100%\u00bb max_width=\u00bb1532px\u00bb global_colors_info=\u00bb{}\u00bb][et_pb_column type=\u00bb1_3&#8243; _builder_version=\u00bb4.23.1&#8243; _module_preset=\u00bbdefault\u00bb global_colors_info=\u00bb{}\u00bb][dipl_image_card title=\u00bbSunset Catamaran Tour\u00bb show_button=\u00bbon\u00bb button_text=\u00bbvisit website\u00bb button_url=\u00bbhttps:\/\/www.getyourguide.es\/malaga-l402\/malaga-paseo-en-catamaran-al-atardecer-t399877\/\u00bb button_url_new_window=\u00bbon\u00bb content_custom_padding=\u00bb40px|40px|40px|40px|true|true\u00bb content_bg_use_color_gradient=\u00bbon\u00bb content_bg_color_gradient_stops=\u00bbrgba(0,0,0,0.45) 0%|rgba(0,0,0,0.07) 99%\u00bb content_bg_color_gradient_overlays_image=\u00bbon\u00bb content_bg_image=\u00bbhttps:\/\/siempre-azul.com\/wp-content\/uploads\/2023\/11\/Villa-flores-malage-catamaran.webp\u00bb _builder_version=\u00bb4.23.1&#8243; _module_preset=\u00bbdefault\u00bb title_font=\u00bbOswald||||||||\u00bb title_text_color=\u00bb#FFFFFF\u00bb title_font_size=\u00bb24px\u00bb content_font=\u00bb|300|||||||\u00bb content_text_color=\u00bb#FFFFFF\u00bb background_color=\u00bb#000000&#8243; custom_button=\u00bbon\u00bb button_text_color=\u00bb#FFFFFF\u00bb button_bg_color=\u00bb#579A66&#8243; button_border_width=\u00bb0px\u00bb border_width_all=\u00bb3px\u00bb border_color_all=\u00bb#FFFFFF\u00bb global_colors_info=\u00bb{}\u00bb content_bg_color__hover_enabled=\u00bbon|desktop\u00bb content_bg_color_gradient_stops__hover=\u00bb#000000 0%|rgba(0,0,0,0.69) 98%\u00bb content_bg_use_color_gradient__hover=\u00bbon\u00bb]<\/p>\n<p>Experience the enchantment of a breathtaking sunset on our Catamaran Tour in Malaga. Sail along the stunning coastline, be captivated by the vibrant colors painting the sky, and let the gentle sea breeze carry your worries away.<\/p>\n<p>[\/dipl_image_card][dipl_image_card title=\u00bbHorse Riding\u00bb show_button=\u00bbon\u00bb button_text=\u00bbvisit website\u00bb button_url=\u00bbhttps:\/\/www.tripadvisor.com\/Attraction_Review-g1591356-d19113549-Reviews-Cortijo_el_Chenil_Caballos-Casarabonela_Province_of_Malaga_Andalucia.html\u00bb button_url_new_window=\u00bbon\u00bb content_custom_padding=\u00bb40px|40px|40px|40px|true|true\u00bb content_bg_use_color_gradient=\u00bbon\u00bb content_bg_color_gradient_stops=\u00bbrgba(0,0,0,0.34) 1%|rgba(0,0,0,0.07) 99%\u00bb content_bg_color_gradient_overlays_image=\u00bbon\u00bb content_bg_image=\u00bbhttps:\/\/siempre-azul.com\/wp-content\/uploads\/2023\/11\/villa-flores-horse-riding-malaga-andalucia-1.webp\u00bb _builder_version=\u00bb4.23.1&#8243; _module_preset=\u00bbdefault\u00bb title_font=\u00bbOswald||||||||\u00bb title_text_color=\u00bb#FFFFFF\u00bb title_font_size=\u00bb24px\u00bb content_font=\u00bb|300|||||||\u00bb content_text_color=\u00bb#FFFFFF\u00bb background_color=\u00bb#000000&#8243; custom_button=\u00bbon\u00bb button_text_color=\u00bb#FFFFFF\u00bb button_bg_color=\u00bb#579A66&#8243; button_border_width=\u00bb0px\u00bb border_width_all=\u00bb3px\u00bb border_color_all=\u00bb#FFFFFF\u00bb global_colors_info=\u00bb{}\u00bb content_bg_color__hover_enabled=\u00bbon|hover\u00bb content_bg_color_gradient_stops__hover=\u00bbrgba(0,0,0,0.77) 0%|rgba(0,0,0,0.76) 100%\u00bb content_bg_use_color_gradient__hover=\u00bbon\u00bb]<\/p>\n<p>Experience the ultimate adventure of horse riding amidst the breathtaking Andalucian landscape. Immerse yourself in the picturesque surroundings, where the charming white village of Casares unveils mesmerizing vistas of the sea, stretching towards Gibraltar and the enchanting North African coast.<\/p>\n<p>[\/dipl_image_card][et_pb_icon font_icon=\u00bb&#xf2e7;||fa||900&#8243; icon_width=\u00bb39px\u00bb align=\u00bbleft\u00bb _builder_version=\u00bb4.23.1&#8243; _module_preset=\u00bbdefault\u00bb custom_margin=\u00bb40px|||40px|false|false\u00bb global_colors_info=\u00bb{}\u00bb][\/et_pb_icon][et_pb_text admin_label=\u00bbrestaurants\u00bb _builder_version=\u00bb4.23.1&#8243; _module_preset=\u00bbdefault\u00bb header_2_font=\u00bbMontserrat|||on|||||\u00bb custom_margin=\u00bb17px|||40px|false|false\u00bb global_colors_info=\u00bb{}\u00bb]<\/p>\n<h2>Restaurantes<\/h2>\n<p>[\/et_pb_text][et_pb_divider color=\u00bb#579A66&#8243; divider_weight=\u00bb4px\u00bb _builder_version=\u00bb4.23.1&#8243; _module_preset=\u00bbdefault\u00bb width=\u00bb15%\u00bb module_alignment=\u00bbleft\u00bb custom_padding=\u00bb25px|||40px|false|false\u00bb global_colors_info=\u00bb{}\u00bb][\/et_pb_divider][et_pb_text admin_label=\u00bbPizza\u00bb _builder_version=\u00bb4.23.1&#8243; _module_preset=\u00bbdefault\u00bb link_font=\u00bb|||||||#579A66|\u00bb custom_padding=\u00bb||0px|40px|false|false\u00bb link_option_url=\u00bbhttps:\/\/maps.app.goo.gl\/y52ngxtkL5ctcnRr9&#8243; link_option_url_new_window=\u00bbon\u00bb global_colors_info=\u00bb{}\u00bb]<\/p>\n<p>Pizza di mora, Casarabonela<\/p>\n<p>[\/et_pb_text][et_pb_button button_url=\u00bbhttps:\/\/maps.app.goo.gl\/7EmgmLhtCUKsTY4F6&#8243; url_new_window=\u00bbon\u00bb button_text=\u00bbC\u00f3mo llegar\u00bb button_alignment=\u00bbright\u00bb button_alignment_tablet=\u00bbright\u00bb button_alignment_phone=\u00bbleft\u00bb button_alignment_last_edited=\u00bbon|phone\u00bb _builder_version=\u00bb4.23.1&#8243; _module_preset=\u00bbdefault\u00bb custom_button=\u00bbon\u00bb button_text_size=\u00bb14px\u00bb button_border_width=\u00bb0px\u00bb button_font=\u00bb||||||||\u00bb button_icon=\u00bb&#x24;||divi||400&#8243; button_icon_color=\u00bb#579A66&#8243; button_on_hover=\u00bboff\u00bb custom_margin=\u00bb-28px||||false|false\u00bb custom_margin_tablet=\u00bb-28px||||false|false\u00bb custom_margin_phone=\u00bb0px||||false|false\u00bb custom_margin_last_edited=\u00bbon|phone\u00bb custom_padding=\u00bb|||40px|false|false\u00bb custom_padding_tablet=\u00bb|||40px|false|false\u00bb custom_padding_phone=\u00bb|||40px|false|false\u00bb custom_padding_last_edited=\u00bbon|phone\u00bb global_colors_info=\u00bb{}\u00bb][\/et_pb_button][et_pb_divider color=\u00bbrgba(0,0,0,0.08)\u00bb _builder_version=\u00bb4.23.1&#8243; _module_preset=\u00bbdefault\u00bb custom_padding=\u00bb|||40px|false|false\u00bb global_colors_info=\u00bb{}\u00bb][\/et_pb_divider][et_pb_text _builder_version=\u00bb4.23.1&#8243; _module_preset=\u00bbdefault\u00bb link_font=\u00bb|||||||#579A66|\u00bb custom_padding=\u00bb||0px|40px|false|false\u00bb link_option_url=\u00bbhttps:\/\/maps.app.goo.gl\/fA6rWZvJsBnr9ReU9&#8243; link_option_url_new_window=\u00bbon\u00bb global_colors_info=\u00bb{}\u00bb]<\/p>\n<p>Restaurante Bar Nuevo (Excelentes tapas)<\/p>\n<p>[\/et_pb_text][et_pb_button button_url=\u00bbhttps:\/\/maps.app.goo.gl\/usijDqQhwNSHLtfc8&#8243; url_new_window=\u00bbon\u00bb button_text=\u00bbC\u00f3mo llegar\u00bb button_alignment=\u00bbright\u00bb button_alignment_tablet=\u00bbright\u00bb button_alignment_phone=\u00bbleft\u00bb button_alignment_last_edited=\u00bbon|phone\u00bb _builder_version=\u00bb4.23.1&#8243; _module_preset=\u00bbdefault\u00bb custom_button=\u00bbon\u00bb button_text_size=\u00bb14px\u00bb button_border_width=\u00bb0px\u00bb button_font=\u00bb||||||||\u00bb button_icon=\u00bb&#x24;||divi||400&#8243; button_icon_color=\u00bb#579A66&#8243; button_on_hover=\u00bboff\u00bb custom_margin=\u00bb-28px||||false|false\u00bb custom_margin_tablet=\u00bb-28px||||false|false\u00bb custom_margin_phone=\u00bb0px||||false|false\u00bb custom_margin_last_edited=\u00bbon|phone\u00bb custom_padding=\u00bb|||40px|false|false\u00bb custom_padding_tablet=\u00bb|||40px|false|false\u00bb custom_padding_phone=\u00bb|||40px|false|false\u00bb custom_padding_last_edited=\u00bbon|phone\u00bb global_colors_info=\u00bb{}\u00bb][\/et_pb_button][et_pb_divider color=\u00bbrgba(0,0,0,0.08)\u00bb _builder_version=\u00bb4.23.1&#8243; _module_preset=\u00bbdefault\u00bb custom_padding=\u00bb|||40px|false|false\u00bb global_colors_info=\u00bb{}\u00bb][\/et_pb_divider][et_pb_text _builder_version=\u00bb4.23.1&#8243; _module_preset=\u00bbdefault\u00bb link_font=\u00bb|||||||#579A66|\u00bb custom_padding=\u00bb|||40px|false|false\u00bb link_option_url=\u00bbhttps:\/\/maps.app.goo.gl\/xFTzctutnWcQkBSs8&#8243; link_option_url_new_window=\u00bbon\u00bb global_colors_info=\u00bb{}\u00bb]<\/p>\n<p>Bar La Parada (Muy buena comida)<\/p>\n<p>[\/et_pb_text][et_pb_button button_url=\u00bbhttps:\/\/maps.app.goo.gl\/78THus1Ts6uGpnMa8&#8243; url_new_window=\u00bbon\u00bb button_text=\u00bbC\u00f3mo llegar\u00bb button_alignment=\u00bbright\u00bb button_alignment_tablet=\u00bbright\u00bb button_alignment_phone=\u00bbleft\u00bb button_alignment_last_edited=\u00bbon|phone\u00bb _builder_version=\u00bb4.23.1&#8243; _module_preset=\u00bbdefault\u00bb custom_button=\u00bbon\u00bb button_text_size=\u00bb14px\u00bb button_border_width=\u00bb0px\u00bb button_font=\u00bb||||||||\u00bb button_icon=\u00bb&#x24;||divi||400&#8243; button_icon_color=\u00bb#579A66&#8243; button_on_hover=\u00bboff\u00bb custom_margin=\u00bb-29px||||false|false\u00bb custom_margin_tablet=\u00bb-29px||||false|false\u00bb custom_margin_phone=\u00bb0px||||false|false\u00bb custom_margin_last_edited=\u00bbon|phone\u00bb custom_padding=\u00bb|||40px|false|false\u00bb custom_padding_tablet=\u00bb|||40px|false|false\u00bb custom_padding_phone=\u00bb|||40px|false|false\u00bb custom_padding_last_edited=\u00bbon|phone\u00bb global_colors_info=\u00bb{}\u00bb][\/et_pb_button][et_pb_divider color=\u00bbrgba(0,0,0,0.08)\u00bb _builder_version=\u00bb4.23.1&#8243; _module_preset=\u00bbdefault\u00bb custom_padding=\u00bb|||40px|false|false\u00bb global_colors_info=\u00bb{}\u00bb][\/et_pb_divider][\/et_pb_column][et_pb_column type=\u00bb1_3&#8243; _builder_version=\u00bb4.23.1&#8243; _module_preset=\u00bbdefault\u00bb global_colors_info=\u00bb{}\u00bb][dipl_image_card title=\u00bbCuevas de Nerja\u00bb show_button=\u00bbon\u00bb button_text=\u00bbvisit website\u00bb button_url=\u00bbhttps:\/\/www.getyourguide.es\/malaga-l402\/desde-malaga-excursion-de-un-dia-a-la-cueva-de-nerja-nerja-y-frigiliana-t518384\/\u00bb button_url_new_window=\u00bbon\u00bb content_custom_padding=\u00bb40px|40px|40px|40px|true|true\u00bb content_bg_use_color_gradient=\u00bbon\u00bb content_bg_color_gradient_stops=\u00bbrgba(0,0,0,0.36) 0%|rgba(0,0,0,0.07) 99%\u00bb content_bg_color_gradient_overlays_image=\u00bbon\u00bb content_bg_image=\u00bbhttps:\/\/siempre-azul.com\/wp-content\/uploads\/2023\/11\/villa-flores-Nerja-Caves.webp\u00bb _builder_version=\u00bb4.23.1&#8243; _module_preset=\u00bbdefault\u00bb title_font=\u00bbOswald||||||||\u00bb title_text_color=\u00bb#FFFFFF\u00bb title_font_size=\u00bb24px\u00bb content_font=\u00bb|300|||||||\u00bb content_text_color=\u00bb#FFFFFF\u00bb background_color=\u00bb#000000&#8243; custom_button=\u00bbon\u00bb button_text_color=\u00bb#FFFFFF\u00bb button_bg_color=\u00bb#579A66&#8243; button_border_width=\u00bb0px\u00bb border_width_all=\u00bb3px\u00bb border_color_all=\u00bb#FFFFFF\u00bb global_colors_info=\u00bb{}\u00bb content_bg_color__hover_enabled=\u00bbon|hover\u00bb content_bg_color_gradient_stops__hover=\u00bb#000000 0%|rgba(0,0,0,0.71) 100%\u00bb content_bg_use_color_gradient__hover=\u00bbon\u00bb]<\/p>\n<p>Descubre las Cuevas de Nerja, llamadas la \u00abCatedral Natural de la Costa del Sol\u00bb, admira las formaciones rocosas y visita dos bellos y t\u00edpicos pueblos andaluces en una excursi\u00f3n guiada de un d\u00eda desde M\u00e1laga<\/p>\n<p>[\/dipl_image_card][dipl_image_card title=\u00bbCaminito de Rey\u00bb show_button=\u00bbon\u00bb button_text=\u00bbvisit website\u00bb button_url=\u00bbhttps:\/\/www.getyourguide.es\/caminito-del-rey-l89646\/caminito-del-rey-tour-guiado-con-transporte-t207921\/\u00bb button_url_new_window=\u00bbon\u00bb content_custom_padding=\u00bb40px|40px|40px|40px|true|true\u00bb content_bg_use_color_gradient=\u00bbon\u00bb content_bg_color_gradient_stops=\u00bbrgba(0,0,0,0.4) 0%|rgba(0,0,0,0.07) 99%\u00bb content_bg_color_gradient_overlays_image=\u00bbon\u00bb content_bg_image=\u00bbhttps:\/\/siempre-azul.com\/wp-content\/uploads\/2023\/11\/villa-flores-hiking-malaga-1.webp\u00bb _builder_version=\u00bb4.23.1&#8243; _module_preset=\u00bbdefault\u00bb title_font=\u00bbOswald||||||||\u00bb title_text_color=\u00bb#FFFFFF\u00bb title_font_size=\u00bb24px\u00bb content_font=\u00bb|300|||||||\u00bb content_text_color=\u00bb#FFFFFF\u00bb background_color=\u00bb#000000&#8243; custom_button=\u00bbon\u00bb button_text_color=\u00bb#FFFFFF\u00bb button_bg_color=\u00bb#579A66&#8243; button_border_width=\u00bb0px\u00bb border_width_all=\u00bb3px\u00bb border_color_all=\u00bb#FFFFFF\u00bb global_colors_info=\u00bb{}\u00bb content_bg_color__hover_enabled=\u00bbon|hover\u00bb content_bg_color_gradient_stops__hover=\u00bbrgba(0,0,0,0.81) 0%|rgba(0,0,0,0.75) 99%\u00bb content_bg_use_color_gradient__hover=\u00bbon\u00bb]<\/p>\n<p>Experimente el extraordinario Caminito del Rey con transporte desde M\u00e1laga y un gu\u00eda local. Disfrute del paisaje, el r\u00edo, la flora y la fauna, y aprenda datos interesantes en este paseo \u00fanico.<\/p>\n<p>[\/dipl_image_card][dipl_interactive_image_card title=\u00bbYoga y meditaci\u00f3n\u00bb image=\u00bbhttps:\/\/siempre-azul.com\/wp-content\/uploads\/2023\/11\/villa-flores-malaga-yoga-2-1.webp\u00bb select_layout=\u00bbeffect-oscar\u00bb image_opacity=\u00bb1&#8243; border_size=\u00bb0px\u00bb admin_label=\u00bbYoga retrait\u00bb _builder_version=\u00bb4.23.1&#8243; _module_preset=\u00bbdefault\u00bb title_font=\u00bbOswald||||||||\u00bb title_text_color=\u00bb#FFFFFF\u00bb content_font=\u00bb|300|||||||\u00bb max_height=\u00bb650px\u00bb custom_padding=\u00bb0px||||false|false\u00bb link_option_url_new_window=\u00bbon\u00bb border_width_all=\u00bb4px\u00bb border_color_all=\u00bb#FFFFFF\u00bb global_colors_info=\u00bb{}\u00bb title_font_size__hover_enabled=\u00bbon|hover\u00bb]<\/p>\n<p>Villa Flores es un santuario id\u00edlico enclavado en medio de la naturaleza, lo que la convierte en el destino ideal para celebrar sus retiros de meditaci\u00f3n y yoga para grupos reducidos. Con su tranquilo entorno, esta joya escondida ofrece el ambiente perfecto para la relajaci\u00f3n, la introspecci\u00f3n y el rejuvenecimiento.<br \/>Sum\u00e9rjase en la serenidad de Villa Flores mientras disfruta de sesiones diarias de yoga, meditaciones guiadas y pr\u00e1cticas de atenci\u00f3n plena. Los exuberantes jardines y las impresionantes vistas crean una atm\u00f3sfera serena que fomenta la conexi\u00f3n profunda y la paz interior.<br \/>Dise\u00f1ada pensando en la comodidad y la tranquilidad, Villa Flores ofrece alojamientos espaciosos que se adaptan a grupos peque\u00f1os. \u00bfLe gustar\u00eda organizar su propio retiro en Villa Flores? P\u00f3ngase en contacto con nosotros para m\u00e1s informaci\u00f3n y precios.<\/p>\n[et_pb_section global_module=\"652\"][\/et_pb_section]\n<p>[\/dipl_interactive_image_card][\/et_pb_column][et_pb_column type=\u00bb1_3&#8243; _builder_version=\u00bb4.23.1&#8243; _module_preset=\u00bbdefault\u00bb global_colors_info=\u00bb{}\u00bb][dipl_image_card title=\u00bbBicicleta de monta\u00f1a\u00bb show_button=\u00bbon\u00bb button_text=\u00bbvisit website\u00bb button_url=\u00bbhttps:\/\/www.bike2malaga.com\/en\/guided-cycling-tours-malaga\u00bb button_url_new_window=\u00bbon\u00bb content_custom_padding=\u00bb40px|40px|40px|40px|true|true\u00bb content_bg_use_color_gradient=\u00bbon\u00bb content_bg_color_gradient_stops=\u00bbrgba(0,0,0,0.57) 0%|rgba(0,0,0,0.07) 99%\u00bb content_bg_color_gradient_overlays_image=\u00bbon\u00bb content_bg_image=\u00bbhttps:\/\/siempre-azul.com\/wp-content\/uploads\/2023\/11\/villa-flores-mountain-biking-andalucia-1.webp\u00bb _builder_version=\u00bb4.23.1&#8243; _module_preset=\u00bbdefault\u00bb title_font=\u00bbOswald||||||||\u00bb title_text_color=\u00bb#FFFFFF\u00bb title_font_size=\u00bb24px\u00bb content_font=\u00bb|300|||||||\u00bb content_text_color=\u00bb#FFFFFF\u00bb background_color=\u00bb#000000&#8243; custom_button=\u00bbon\u00bb button_text_color=\u00bb#FFFFFF\u00bb button_bg_color=\u00bb#579A66&#8243; button_border_width=\u00bb0px\u00bb border_width_all=\u00bb3px\u00bb border_color_all=\u00bb#FFFFFF\u00bb global_colors_info=\u00bb{}\u00bb content_bg_color__hover_enabled=\u00bbon|hover\u00bb content_bg_color_gradient_stops__hover=\u00bbrgba(0,0,0,0.85) 0%|rgba(0,0,0,0.73) 98%\u00bb content_bg_use_color_gradient__hover=\u00bbon\u00bb]<\/p>\n<p>Explora las rutas en bicicleta de monta\u00f1a m\u00e1s populares de M\u00e1laga con mapas e instrucciones detalladas de c\u00f3mo llegar, as\u00ed como comentarios y fotos de excursionistas, campistas y amantes de la naturaleza como t\u00fa.<\/p>\n<p>[\/dipl_image_card][dipl_image_card title=\u00bbVisita M\u00e1laga\u00bb show_button=\u00bbon\u00bb button_text=\u00bbvisit website\u00bb button_url=\u00bbhttps:\/\/www.spain.info\/en\/destination\/malaga\/\u00bb button_url_new_window=\u00bbon\u00bb content_custom_padding=\u00bb40px|40px|40px|40px|true|true\u00bb content_bg_use_color_gradient=\u00bbon\u00bb content_bg_color_gradient_stops=\u00bbrgba(0,0,0,0.55) 0%|rgba(0,0,0,0.07) 99%\u00bb content_bg_color_gradient_overlays_image=\u00bbon\u00bb content_bg_image=\u00bbhttps:\/\/siempre-azul.com\/wp-content\/uploads\/2023\/11\/villa-flores-cathedral-malaga-1.webp\u00bb _builder_version=\u00bb4.23.1&#8243; _module_preset=\u00bbdefault\u00bb title_font=\u00bbOswald||||||||\u00bb title_text_color=\u00bb#FFFFFF\u00bb title_font_size=\u00bb24px\u00bb content_font=\u00bb|300|||||||\u00bb content_text_color=\u00bb#FFFFFF\u00bb background_color=\u00bb#000000&#8243; custom_button=\u00bbon\u00bb button_text_color=\u00bb#FFFFFF\u00bb button_bg_color=\u00bb#579A66&#8243; button_border_width=\u00bb0px\u00bb border_width_all=\u00bb3px\u00bb border_color_all=\u00bb#FFFFFF\u00bb global_colors_info=\u00bb{}\u00bb content_bg_color__hover_enabled=\u00bbon|hover\u00bb content_bg_color_gradient_stops__hover=\u00bbrgba(0,0,0,0.83) 0%|rgba(0,0,0,0.83) 97%\u00bb content_bg_use_color_gradient__hover=\u00bbon\u00bb]<\/p>\n<p>Cuando planifique un viaje a Andaluc\u00eda, aseg\u00farese de incluir en su itinerario una visita a la Catedral de M\u00e1laga. Esta magn\u00edfica iglesia cat\u00f3lica romana, construida en estilo renacentista, est\u00e1 considerada uno de los lugares m\u00e1s destacados de M\u00e1laga.<\/p>\n<p>[\/dipl_image_card][dipl_image_card title=\u00bbMuseo Picasso\u00bb show_button=\u00bbon\u00bb button_text=\u00bbvisit website\u00bb button_url=\u00bbhttps:\/\/www.getyourguide.es\/museo-picasso-malaga-l5011\/tickets-museo-picasso-malaga-t32477\/\u00bb button_url_new_window=\u00bbon\u00bb content_custom_padding=\u00bb40px|40px|40px|40px|true|true\u00bb content_bg_use_color_gradient=\u00bbon\u00bb content_bg_color_gradient_stops=\u00bbrgba(0,0,0,0.56) 0%|rgba(0,0,0,0.07) 99%\u00bb content_bg_color_gradient_overlays_image=\u00bbon\u00bb content_bg_image=\u00bbhttps:\/\/siempre-azul.com\/wp-content\/uploads\/2023\/11\/villa-flores-picasso-museum-malaga-1.webp\u00bb _builder_version=\u00bb4.23.1&#8243; _module_preset=\u00bbdefault\u00bb title_font=\u00bbOswald||||||||\u00bb title_text_color=\u00bb#FFFFFF\u00bb title_font_size=\u00bb24px\u00bb content_font=\u00bb|300|||||||\u00bb content_text_color=\u00bb#FFFFFF\u00bb background_color=\u00bb#000000&#8243; custom_button=\u00bbon\u00bb button_text_color=\u00bb#FFFFFF\u00bb button_bg_color=\u00bb#579A66&#8243; button_border_width=\u00bb0px\u00bb border_width_all=\u00bb3px\u00bb border_color_all=\u00bb#FFFFFF\u00bb global_colors_info=\u00bb{}\u00bb content_bg_color__hover_enabled=\u00bbon|hover\u00bb content_bg_color_gradient_stops__hover=\u00bbrgba(0,0,0,0.82) 1%|rgba(0,0,0,0.8) 99%\u00bb content_bg_use_color_gradient__hover=\u00bbon\u00bb]<\/p>\n<p>Explora las colecciones que ofrecen una gran visi\u00f3n del arte de Picasso en el Museo Picasso de M\u00e1laga. Contemple m\u00e1s de 200 obras del creador del cubismo, as\u00ed como apasionantes exposiciones temporales.<\/p>\n<p>[\/dipl_image_card][dipl_image_card title=\u00bbPlaya del promontorio\u00bb show_button=\u00bbon\u00bb button_text=\u00bbexplore\u00bb button_url=\u00bbhttps:\/\/beach-searcher.com\/en\/beach\/724351033\/playa-del-promontorio\u00bb button_url_new_window=\u00bbon\u00bb content_custom_padding=\u00bb40px|40px|40px|40px|true|true\u00bb content_bg_use_color_gradient=\u00bbon\u00bb content_bg_color_gradient_stops=\u00bbrgba(0,0,0,0.56) 0%|rgba(0,0,0,0.07) 99%\u00bb content_bg_color_gradient_overlays_image=\u00bbon\u00bb content_bg_image=\u00bbhttps:\/\/siempre-azul.com\/wp-content\/uploads\/2024\/06\/Playa-del-promontorio.jpg\u00bb _builder_version=\u00bb4.23.1&#8243; _module_preset=\u00bbdefault\u00bb title_font=\u00bbOswald||||||||\u00bb title_text_color=\u00bb#FFFFFF\u00bb title_font_size=\u00bb24px\u00bb content_font=\u00bb|300|||||||\u00bb content_text_color=\u00bb#FFFFFF\u00bb background_color=\u00bb#000000&#8243; custom_button=\u00bbon\u00bb button_text_color=\u00bb#FFFFFF\u00bb button_bg_color=\u00bb#579A66&#8243; button_border_width=\u00bb0px\u00bb hover_enabled=\u00bb0&#8243; border_width_all=\u00bb3px\u00bb border_color_all=\u00bb#FFFFFF\u00bb global_colors_info=\u00bb{}\u00bb content_bg_color__hover_enabled=\u00bbon|hover\u00bb content_bg_color_gradient_stops__hover=\u00bbrgba(0,0,0,0.82) 1%|rgba(0,0,0,0.8) 99%\u00bb content_bg_use_color_gradient__hover=\u00bbon\u00bb title_text=\u00bbPlaya del promontorio\u00bb sticky_enabled=\u00bb0&#8243;]<\/p>\n<p>Una costa espaciosa con aguas cristalinas de color turquesa y cubierta de arena brillante y rocas, por lo que se recomienda llevar calzado especial. La nitidez al entrar en el agua es bastante normal. Esta playa es adecuada para distintas categor\u00edas de personas, viajeros solitarios, amantes de las escapadas de relax, etc. No es un lugar muy concurrido durante la temporada.<\/p>\n<p>Playa del promontorio. La costa es libre para todos. No tiene servicios, s\u00f3lo naturaleza. .<\/p>\n<p>Adem\u00e1s de nadar y tomar el sol, tambi\u00e9n puedes participar en otras actividades, sup-surf, kayak de mar.<\/p>\n<p>Esta playa es de f\u00e1cil acceso, est\u00e1 situada muy cerca de la carretera. El aparcamiento se encuentra a cierta distancia, a menos de 300 metros.<\/p>\n<p>[\/dipl_image_card][\/et_pb_column][\/et_pb_row][\/et_pb_section]<\/p>\n","protected":false},"excerpt":{"rendered":"<p>ActividadesHay una amplia gama de emocionantes actividades alrededor de Villa Flores que garantizan que sus vacaciones sean inolvidables. Tanto si es un adicto a la adrenalina en busca de emocionantes aventuras como si busca experiencias relajantes y envolventes, tenemos algo para todos los gustos. Explore los impresionantes paisajes de nuestros bellos destinos y disfrute de [&hellip;]<\/p>\n","protected":false},"author":1,"featured_media":0,"parent":0,"menu_order":0,"comment_status":"closed","ping_status":"closed","template":"","meta":{"_et_pb_use_builder":"on","_et_pb_old_content":"","_et_gb_content_width":"","footnotes":""},"class_list":["post-2021","page","type-page","status-publish","hentry"],"_links":{"self":[{"href":"https:\/\/siempre-azul.com\/es\/wp-json\/wp\/v2\/pages\/2021","targetHints":{"allow":["GET"]}}],"collection":[{"href":"https:\/\/siempre-azul.com\/es\/wp-json\/wp\/v2\/pages"}],"about":[{"href":"https:\/\/siempre-azul.com\/es\/wp-json\/wp\/v2\/types\/page"}],"author":[{"embeddable":true,"href":"https:\/\/siempre-azul.com\/es\/wp-json\/wp\/v2\/users\/1"}],"replies":[{"embeddable":true,"href":"https:\/\/siempre-azul.com\/es\/wp-json\/wp\/v2\/comments?post=2021"}],"version-history":[{"count":28,"href":"https:\/\/siempre-azul.com\/es\/wp-json\/wp\/v2\/pages\/2021\/revisions"}],"predecessor-version":[{"id":2793,"href":"https:\/\/siempre-azul.com\/es\/wp-json\/wp\/v2\/pages\/2021\/revisions\/2793"}],"wp:attachment":[{"href":"https:\/\/siempre-azul.com\/es\/wp-json\/wp\/v2\/media?parent=2021"}],"curies":[{"name":"wp","href":"https:\/\/api.w.org\/{rel}","templated":true}]}}