{"id":2020,"date":"2023-11-28T22:54:47","date_gmt":"2023-11-28T22:54:47","guid":{"rendered":"https:\/\/siempre-azul.com\/ubicacion\/"},"modified":"2026-01-21T15:22:07","modified_gmt":"2026-01-21T15:22:07","slug":"ubicacion","status":"publish","type":"page","link":"https:\/\/siempre-azul.com\/es\/ubicacion\/","title":{"rendered":"Ubicaci\u00f3n"},"content":{"rendered":"<p>[et_pb_section fb_built=\u00bb1&#8243; fullwidth=\u00bbon\u00bb disabled_on=\u00bbon|off|off\u00bb _builder_version=\u00bb4.23.1&#8243; _module_preset=\u00bbdefault\u00bb global_colors_info=\u00bb{}\u00bb][et_pb_fullwidth_image src=\u00bbhttps:\/\/siempre-azul.com\/wp-content\/uploads\/2023\/12\/CASA_AIRBNB_S2-45.jpg\u00bb title_text=\u00bbCASA_AIRBNB_S2-45&#8243; _builder_version=\u00bb4.23.1&#8243; _module_preset=\u00bbdefault\u00bb global_colors_info=\u00bb{}\u00bb][\/et_pb_fullwidth_image][\/et_pb_section][et_pb_section fb_built=\u00bb1&#8243; disabled_on=\u00bboff|on|on\u00bb _builder_version=\u00bb4.23.1&#8243; _module_preset=\u00bbdefault\u00bb background_image=\u00bbhttps:\/\/siempre-azul.com\/wp-content\/uploads\/2023\/12\/CASA_AIRBNB_S2-45.jpg\u00bb custom_padding=\u00bb150px||150px||true|false\u00bb global_colors_info=\u00bb{}\u00bb][et_pb_row _builder_version=\u00bb4.23.1&#8243; _module_preset=\u00bbdefault\u00bb global_colors_info=\u00bb{}\u00bb][et_pb_column type=\u00bb4_4&#8243; _builder_version=\u00bb4.23.1&#8243; _module_preset=\u00bbdefault\u00bb global_colors_info=\u00bb{}\u00bb][\/et_pb_column][\/et_pb_row][\/et_pb_section][et_pb_section fb_built=\u00bb1&#8243; custom_padding_last_edited=\u00bbon|phone\u00bb _builder_version=\u00bb4.23.1&#8243; _module_preset=\u00bbdefault\u00bb custom_padding=\u00bb||5px|||\u00bb custom_padding_tablet=\u00bb||5px|||\u00bb custom_padding_phone=\u00bb0px||||false|false\u00bb global_colors_info=\u00bb{}\u00bb][et_pb_row _builder_version=\u00bb4.23.1&#8243; _module_preset=\u00bbdefault\u00bb width=\u00bb90%\u00bb max_width=\u00bb1920px\u00bb custom_margin_tablet=\u00bb\u00bb custom_margin_phone=\u00bb||0px||false|false\u00bb custom_margin_last_edited=\u00bbon|tablet\u00bb custom_padding=\u00bb||0px||false|false\u00bb global_colors_info=\u00bb{}\u00bb custom_margin__hover_enabled=\u00bbon|desktop\u00bb][et_pb_column type=\u00bb4_4&#8243; _builder_version=\u00bb4.23.1&#8243; _module_preset=\u00bbdefault\u00bb global_colors_info=\u00bb{}\u00bb][et_pb_text _builder_version=\u00bb4.23.1&#8243; _module_preset=\u00bbdefault\u00bb header_font=\u00bb||||||||\u00bb custom_margin=\u00bb||-1px|||\u00bb header_font_size_tablet=\u00bb\u00bb header_font_size_phone=\u00bb30px\u00bb header_font_size_last_edited=\u00bbon|phone\u00bb global_colors_info=\u00bb{}\u00bb]<\/p>\n<h1>Ubicaci\u00f3n<\/h1>\n<p>[\/et_pb_text][et_pb_divider color=\u00bb#579A66&#8243; divider_weight=\u00bb4px\u00bb _builder_version=\u00bb4.23.1&#8243; _module_preset=\u00bbdefault\u00bb width=\u00bb4%\u00bb width_tablet=\u00bb4%\u00bb width_phone=\u00bb15%\u00bb width_last_edited=\u00bbon|phone\u00bb module_alignment=\u00bbleft\u00bb custom_padding=\u00bb25px||||false|false\u00bb custom_padding_tablet=\u00bb25px||||false|false\u00bb custom_padding_phone=\u00bb10px||||false|false\u00bb custom_padding_last_edited=\u00bbon|phone\u00bb global_colors_info=\u00bb{}\u00bb][\/et_pb_divider][et_pb_text _builder_version=\u00bb4.23.1&#8243; _module_preset=\u00bbdefault\u00bb text_font=\u00bb|300|||||||\u00bb custom_margin_tablet=\u00bb\u00bb custom_margin_phone=\u00bb-20px||||false|false\u00bb custom_margin_last_edited=\u00bbon|phone\u00bb custom_padding_tablet=\u00bb\u00bb custom_padding_phone=\u00bb0px||||false|false\u00bb custom_padding_last_edited=\u00bbon|phone\u00bb global_colors_info=\u00bb{}\u00bb]<\/p>\n<p>50 min Marbella &#8211; 50 min Aeropuerto de M\u00e1laga<br \/>Villa Flores est\u00e1 situada entre Casarabonella y Ardales.<\/p>\n<p>[\/et_pb_text][et_pb_db_show_hide_button button_text=\u00bbshow directions\u00bb db_active_text=\u00bbClose directions\u00bb db_hide_on_load=\u00bb#route\u00bb _builder_version=\u00bb4.27.4&#8243; _module_preset=\u00bbdefault\u00bb custom_margin=\u00bb||-8px|||\u00bb hover_enabled=\u00bb0&#8243; global_colors_info=\u00bb{}\u00bb db_toggle_on_click=\u00bb#route\u00bb sticky_enabled=\u00bb0&#8243;][\/et_pb_db_show_hide_button][dipl_button inline_buttons=\u00bbon\u00bb _builder_version=\u00bb4.27.4&#8243; _module_preset=\u00bbdefault\u00bb global_colors_info=\u00bb{}\u00bb][\/dipl_button][\/et_pb_column][\/et_pb_row][et_pb_row column_structure=\u00bb1_2,1_2&#8243; module_id=\u00bbroute\u00bb _builder_version=\u00bb4.27.4&#8243; _module_preset=\u00bbdefault\u00bb width=\u00bb90%\u00bb max_width=\u00bb1920px\u00bb global_colors_info=\u00bb{}\u00bb][et_pb_column type=\u00bb1_2&#8243; _builder_version=\u00bb4.27.4&#8243; _module_preset=\u00bbdefault\u00bb global_colors_info=\u00bb{}\u00bb][et_pb_text _builder_version=\u00bb4.27.4&#8243; _module_preset=\u00bbdefault\u00bb text_font=\u00bb|300|||||||\u00bb header_font=\u00bb|600|||||||\u00bb header_2_font=\u00bb|600|||||||\u00bb header_2_text_color=\u00bb#579A66&#8243; header_2_font_size=\u00bb22px\u00bb header_3_font=\u00bb|||on|||||\u00bb header_3_font_size=\u00bb18px\u00bb global_colors_info=\u00bb{}\u00bb]<\/p>\n<h2>C\u00f3mo llegar &#8211; Desde el aeropuerto de M\u00e1laga<\/h2>\n<h3><\/h3>\n<h3>En coche<\/h3>\n<p>Siempre Azul est\u00e1 a unos 50 minutos en coche del Aeropuerto de M\u00e1laga (AGP).<br \/>Desde el aeropuerto, sigue las carreteras principales hacia M\u00e1laga \/ Casabermeja \/ Casarabonela. La ruta es sencilla hasta llegar a Casarabonela. <\/p>\n<p><strong>Importante &#8211; parte final de la ruta<\/strong><\/p>\n<p>A partir de Casarabonela, la carretera se vuelve estrecha, sinuosa y en constante ascenso a medida que te adentras en las monta\u00f1as. La propiedad est\u00e1 situada a m\u00e1s de 1.000 metros de altitud. <\/p>\n<p><strong>\u26a0\ufe0f Aviso importante sobre navegaci\u00f3n<\/strong><br \/>Por favor, no conf\u00edes en Google Maps o Waze para la parte final del trayecto, ya que estas aplicaciones pueden sugerirte rutas alternativas m\u00e1s empinadas, dif\u00edciles o inadecuadas.<\/p>\n<p>En lugar de eso, sigue cuidadosamente la carretera y los hitos kilom\u00e9tricos.<\/p>\n<p>Tras pasar el punto kilom\u00e9trico 11, gira a la derecha por un camino sin asfaltar.<\/p>\n<p>El tramo final est\u00e1 sin asfaltar y es una bajada muy empinada; por favor, conduce despacio y con precauci\u00f3n.<\/p>\n<p>Se puede acceder a la propiedad en coche, pero te recomendamos encarecidamente que llegues de d\u00eda, sobre todo si no est\u00e1s familiarizado con las carreteras de monta\u00f1a.<\/p>\n<p>Te daremos indicaciones detalladas despu\u00e9s de hacer la reserva, y siempre estaremos disponibles si necesitas ayuda durante el viaje.<\/p>\n<p>[\/et_pb_text][\/et_pb_column][et_pb_column type=\u00bb1_2&#8243; _builder_version=\u00bb4.27.4&#8243; _module_preset=\u00bbdefault\u00bb global_colors_info=\u00bb{}\u00bb][\/et_pb_column][\/et_pb_row][et_pb_row column_structure=\u00bb1_2,1_2&#8243; custom_padding_last_edited=\u00bbon|phone\u00bb _builder_version=\u00bb4.23.1&#8243; _module_preset=\u00bbdefault\u00bb width=\u00bb90%\u00bb max_width=\u00bb1920px\u00bb custom_margin=\u00bb10px|auto||auto||\u00bb custom_padding_tablet=\u00bb\u00bb custom_padding_phone=\u00bb0px||||false|false\u00bb global_colors_info=\u00bb{}\u00bb][et_pb_column type=\u00bb1_2&#8243; _builder_version=\u00bb4.23.1&#8243; _module_preset=\u00bbdefault\u00bb global_colors_info=\u00bb{}\u00bb][et_pb_text _builder_version=\u00bb4.23.1&#8243; _module_preset=\u00bbdefault\u00bb text_font=\u00bb|300|||||||\u00bb global_colors_info=\u00bb{}\u00bb]<\/p>\n<p>La zona entre Casarabonela y Ardales es preciosa y ofrece muchas oportunidades para los amantes de la naturaleza y los aventureros.<\/p>\n<p>Casarabonela es un pintoresco pueblo situado en la provincia de M\u00e1laga, en el sur de Espa\u00f1a. Est\u00e1 rodeado de monta\u00f1as y ofrece impresionantes vistas de la campi\u00f1a circundante. El pueblo en s\u00ed tiene calles estrechas y casas encaladas, t\u00edpicas de la arquitectura andaluza. Tambi\u00e9n encontrar\u00e1 varios monumentos hist\u00f3ricos, como el castillo \u00e1rabe que se alza sobre el pueblo.<\/p>\n<p>Desde Casarabonela se puede emprender una hermosa ruta hasta Ardales. Esta ruta le llevar\u00e1 a trav\u00e9s del Parque Natural de la Sierra de las Nieves, conocido por su flora y fauna \u00fanicas. El parque tiene picos escarpados, valles profundos y bosques densos, por lo que es ideal para excursionistas y observadores de aves.<\/p>\n<p>Por el camino, tambi\u00e9n pasar\u00e1 por el famoso Caminito del Rey, una espectacular ruta de senderismo conocida como la \u00abCarretera del Rey\u00bb.<\/p>\n<p>[\/et_pb_text][\/et_pb_column][et_pb_column type=\u00bb1_2&#8243; _builder_version=\u00bb4.23.1&#8243; _module_preset=\u00bbdefault\u00bb global_colors_info=\u00bb{}\u00bb][supreme_leaflet_map use_custom_latlng=\u00bbon\u00bb address_custom_lat=\u00bb36.799770&#8243; address_custom_lng=\u00bb-4.843620&#8243; address_custom_zoom=\u00bb13&#8243; marker_cluster=\u00bbon\u00bb _builder_version=\u00bb4.23.1&#8243; _module_preset=\u00bbdefault\u00bb global_colors_info=\u00bb{}\u00bb][supreme_leaflet_map_item title=\u00bbVilla Flores\u00bb pin_address=\u00bbVilla Flores\u00bb use_custom_latlng=\u00bbon\u00bb address_custom_lat=\u00bb18.033020&#8243; address_custom_lng=\u00bb-96.913380&#8243; use_marker_custom=\u00bbon\u00bb marker_icon_src=\u00bbhttps:\/\/siempre-azul.com\/wp-content\/uploads\/2023\/11\/location-dot-sharp-solid.png\u00bb marker_height=\u00bb32&#8243; _builder_version=\u00bb4.23.1&#8243; _module_preset=\u00bbdefault\u00bb global_colors_info=\u00bb{}\u00bb][\/supreme_leaflet_map_item][supreme_leaflet_map_item title=\u00bbAeropuerto de M\u00e1laga\u00bb pin_address=\u00bbAv. del Comandante Garc\u00eda Morato, s\/n, 29004, M\u00e1laga, Spanje\u00bb use_custom_latlng=\u00bbon\u00bb address_custom_lat=\u00bb36.676050&#8243; address_custom_lng=\u00bb-4.488750&#8243; use_marker_custom=\u00bbon\u00bb marker_icon_src=\u00bbhttps:\/\/siempre-azul.com\/wp-content\/uploads\/2023\/11\/plane-sharp-solid.png\u00bb _builder_version=\u00bb4.23.1&#8243; _module_preset=\u00bbdefault\u00bb global_colors_info=\u00bb{}\u00bb][\/supreme_leaflet_map_item][\/supreme_leaflet_map][\/et_pb_column][\/et_pb_row][\/et_pb_section][et_pb_section fb_built=\u00bb1&#8243; _builder_version=\u00bb4.23.1&#8243; _module_preset=\u00bbdefault\u00bb custom_padding=\u00bb0px||2px|||\u00bb global_colors_info=\u00bb{}\u00bb][et_pb_row use_custom_gutter=\u00bbon\u00bb gutter_width=\u00bb1&#8243; make_equal=\u00bbon\u00bb _builder_version=\u00bb4.23.1&#8243; _module_preset=\u00bbdefault\u00bb width=\u00bb100%\u00bb max_width=\u00bb2560px\u00bb custom_padding=\u00bb||1px|||\u00bb global_colors_info=\u00bb{}\u00bb][et_pb_column type=\u00bb4_4&#8243; _builder_version=\u00bb4.23.1&#8243; _module_preset=\u00bbdefault\u00bb global_colors_info=\u00bb{}\u00bb][dsm_image_accordion image_accordion_animation_sequence=\u00bbon\u00bb _builder_version=\u00bb4.23.1&#8243; _module_preset=\u00bbdefault\u00bb global_colors_info=\u00bb{}\u00bb][dsm_image_accordion_child image_accordion_src=\u00bbhttps:\/\/siempre-azul.com\/wp-content\/uploads\/2023\/11\/Casarabonela-waterfall.webp\u00bb _builder_version=\u00bb4.23.1&#8243; _module_preset=\u00bbdefault\u00bb global_colors_info=\u00bb{}\u00bb][\/dsm_image_accordion_child][dsm_image_accordion_child image_accordion_src=\u00bbhttps:\/\/siempre-azul.com\/wp-content\/uploads\/2023\/11\/Casarabonela-village.webp\u00bb _builder_version=\u00bb4.23.1&#8243; _module_preset=\u00bbdefault\u00bb global_colors_info=\u00bb{}\u00bb][\/dsm_image_accordion_child][dsm_image_accordion_child image_accordion_src=\u00bbhttps:\/\/siempre-azul.com\/wp-content\/uploads\/2023\/11\/Casarabonela-hiking.webp\u00bb _builder_version=\u00bb4.23.1&#8243; _module_preset=\u00bbdefault\u00bb global_colors_info=\u00bb{}\u00bb][\/dsm_image_accordion_child][dsm_image_accordion_child image_accordion_src=\u00bbhttps:\/\/siempre-azul.com\/wp-content\/uploads\/2023\/11\/Casarabonela-centro.webp\u00bb _builder_version=\u00bb4.23.1&#8243; _module_preset=\u00bbdefault\u00bb global_colors_info=\u00bb{}\u00bb][\/dsm_image_accordion_child][dsm_image_accordion_child image_accordion_src=\u00bbhttps:\/\/siempre-azul.com\/wp-content\/uploads\/2023\/11\/Casarabonela-cactus.webp\u00bb _builder_version=\u00bb4.23.1&#8243; _module_preset=\u00bbdefault\u00bb global_colors_info=\u00bb{}\u00bb][\/dsm_image_accordion_child][\/dsm_image_accordion][\/et_pb_column][\/et_pb_row][\/et_pb_section]<\/p>\n","protected":false},"excerpt":{"rendered":"<p>Ubicaci\u00f3n50 min Marbella &#8211; 50 min Aeropuerto de M\u00e1lagaVilla Flores est\u00e1 situada entre Casarabonella y Ardales.<div class=\"et_pb_module dipl_button dipl_button_0\">\n\t\t\t\t\n\t\t\t\t\n\t\t\t\t\n\t\t\t\t\n\t\t\t\t\n\t\t\t\t\n\t\t\t\t<div class=\"et_pb_module_inner\">\n\t\t\t\t\t\n\t\t\t\t<\/div>\n\t\t\t<\/div>C\u00f3mo llegar &#8211; Desde el aeropuerto de M\u00e1laga En coche Siempre Azul est\u00e1 a unos 50 minutos en coche del Aeropuerto de M\u00e1laga (AGP).Desde el aeropuerto, sigue las carreteras principales hacia M\u00e1laga \/ Casabermeja \/ Casarabonela. [&hellip;]<\/p>\n","protected":false},"author":1,"featured_media":0,"parent":0,"menu_order":0,"comment_status":"closed","ping_status":"closed","template":"","meta":{"_et_pb_use_builder":"on","_et_pb_old_content":"","_et_gb_content_width":"","footnotes":""},"class_list":["post-2020","page","type-page","status-publish","hentry"],"_links":{"self":[{"href":"https:\/\/siempre-azul.com\/es\/wp-json\/wp\/v2\/pages\/2020","targetHints":{"allow":["GET"]}}],"collection":[{"href":"https:\/\/siempre-azul.com\/es\/wp-json\/wp\/v2\/pages"}],"about":[{"href":"https:\/\/siempre-azul.com\/es\/wp-json\/wp\/v2\/types\/page"}],"author":[{"embeddable":true,"href":"https:\/\/siempre-azul.com\/es\/wp-json\/wp\/v2\/users\/1"}],"replies":[{"embeddable":true,"href":"https:\/\/siempre-azul.com\/es\/wp-json\/wp\/v2\/comments?post=2020"}],"version-history":[{"count":4,"href":"https:\/\/siempre-azul.com\/es\/wp-json\/wp\/v2\/pages\/2020\/revisions"}],"predecessor-version":[{"id":3025,"href":"https:\/\/siempre-azul.com\/es\/wp-json\/wp\/v2\/pages\/2020\/revisions\/3025"}],"wp:attachment":[{"href":"https:\/\/siempre-azul.com\/es\/wp-json\/wp\/v2\/media?parent=2020"}],"curies":[{"name":"wp","href":"https:\/\/api.w.org\/{rel}","templated":true}]}}