{"id":1991,"date":"2023-11-15T20:31:24","date_gmt":"2023-11-15T20:31:24","guid":{"rendered":"https:\/\/siempre-azul.com\/reserve\/"},"modified":"2026-01-21T15:24:12","modified_gmt":"2026-01-21T15:24:12","slug":"reserve","status":"publish","type":"page","link":"https:\/\/siempre-azul.com\/es\/reserve\/","title":{"rendered":"Libro-2"},"content":{"rendered":"<p>[et_pb_section fb_built=\u00bb1&#8243; _builder_version=\u00bb4.27.4&#8243; _module_preset=\u00bbdefault\u00bb custom_margin=\u00bb64px||||false|false\u00bb custom_margin_tablet=\u00bb250px||||false|false\u00bb custom_margin_phone=\u00bb20px||||false|false\u00bb custom_margin_last_edited=\u00bbon|phone\u00bb custom_padding=\u00bb3px||4px|||\u00bb global_colors_info=\u00bb{}\u00bb collapsed=\u00bbon\u00bb][et_pb_row _builder_version=\u00bb4.23.1&#8243; _module_preset=\u00bbdefault\u00bb custom_padding=\u00bb||3px|||\u00bb global_colors_info=\u00bb{}\u00bb][et_pb_column type=\u00bb4_4&#8243; _builder_version=\u00bb4.23.1&#8243; _module_preset=\u00bbdefault\u00bb global_colors_info=\u00bb{}\u00bb][et_pb_text disabled_on=\u00bboff|off|off\u00bb _builder_version=\u00bb4.27.4&#8243; _module_preset=\u00bbdefault\u00bb custom_margin_tablet=\u00bb\u00bb custom_margin_phone=\u00bb0px||||false|false\u00bb custom_margin_last_edited=\u00bbon|phone\u00bb custom_padding_tablet=\u00bb\u00bb custom_padding_phone=\u00bb0px||||false|false\u00bb custom_padding_last_edited=\u00bbon|phone\u00bb header_font_size_tablet=\u00bb\u00bb header_font_size_phone=\u00bb30px\u00bb header_font_size_last_edited=\u00bbon|phone\u00bb global_colors_info=\u00bb{}\u00bb]<\/p>\n<h1>Reserva tus vacaciones <br \/>en Villa Flores<\/h1>\n<p>[\/et_pb_text][et_pb_divider color=\u00bb#579A66&#8243; divider_weight=\u00bb4px\u00bb _builder_version=\u00bb4.23.1&#8243; _module_preset=\u00bbdefault\u00bb width=\u00bb15%\u00bb module_alignment=\u00bbleft\u00bb custom_padding=\u00bb24px||||false|false\u00bb custom_padding_tablet=\u00bb0px||||false|false\u00bb custom_padding_phone=\u00bb0px||||false|false\u00bb custom_padding_last_edited=\u00bbon|phone\u00bb global_colors_info=\u00bb{}\u00bb][\/et_pb_divider][\/et_pb_column][\/et_pb_row][et_pb_row _builder_version=\u00bb4.27.4&#8243; _module_preset=\u00bbdefault\u00bb global_colors_info=\u00bb{}\u00bb][et_pb_column type=\u00bb4_4&#8243; _builder_version=\u00bb4.27.4&#8243; _module_preset=\u00bbdefault\u00bb global_colors_info=\u00bb{}\u00bb][et_pb_text _builder_version=\u00bb4.27.4&#8243; _module_preset=\u00bbdefault\u00bb custom_margin=\u00bb||-12px|||\u00bb global_colors_info=\u00bb{}\u00bb]Elige c\u00f3mo quieres alojarte con nosotros<br \/>\nNuestra villa puede reservarse exclusivamente en su totalidad o por habitaciones individuales.<br \/>\nSelecciona la opci\u00f3n que mejor se adapte a tu estancia antes de continuar.<\/p>\n<p>Reserva por habitaciones: m\u00e1ximo 7 hu\u00e9spedes<br \/>\nReserva de toda la villa: hasta 11 hu\u00e9spedes (7 + 4)[\/et_pb_text][\/et_pb_column][\/et_pb_row][et_pb_row column_structure=\u00bb1_2,1_2&#8243; disabled_on=\u00bbon|on|on\u00bb _builder_version=\u00bb4.27.4&#8243; _module_preset=\u00bbdefault\u00bb disabled=\u00bbon\u00bb global_colors_info=\u00bb{}\u00bb][et_pb_column type=\u00bb1_2&#8243; _builder_version=\u00bb4.27.4&#8243; _module_preset=\u00bbdefault\u00bb global_colors_info=\u00bb{}\u00bb][et_pb_text _builder_version=\u00bb4.27.4&#8243; _module_preset=\u00bbdefault\u00bb text_font_size=\u00bb14px\u00bb header_2_font=\u00bb|600|||||||\u00bb header_2_text_color=\u00bb#666666&#8243; header_2_font_size=\u00bb22px\u00bb header_3_font=\u00bb|600|||||||\u00bb header_3_text_color=\u00bb#666666&#8243; header_3_font_size=\u00bb16px\u00bb custom_margin=\u00bb||5px|||\u00bb global_colors_info=\u00bb{}\u00bb]<\/p>\n<h3>Casa principal<\/h3>\n<ul>\n<li><strong>Dormitorio 1<\/strong><br \/>Dos camas individuales (o una cama de matrimonio), cuarto de ba\u00f1o privado con lavabo, inodoro y ba\u00f1era con opci\u00f3n de ducha.<\/li>\n<li><strong>Habitaci\u00f3n 2<\/strong><br \/>Tres camas individuales o una cama doble m\u00e1s una cama individual, cuarto de ba\u00f1o con lavabo, inodoro y ducha.<\/li>\n<li><strong>Dormitorio 3<\/strong><br \/>Una cama doble.<\/li>\n<\/ul>\n<p>[\/et_pb_text][\/et_pb_column][et_pb_column type=\u00bb1_2&#8243; _builder_version=\u00bb4.27.4&#8243; _module_preset=\u00bbdefault\u00bb global_colors_info=\u00bb{}\u00bb][et_pb_text _builder_version=\u00bb4.27.4&#8243; _module_preset=\u00bbdefault\u00bb text_font_size=\u00bb14px\u00bb header_2_font=\u00bb|600|||||||\u00bb header_2_text_color=\u00bb#666666&#8243; header_2_font_size=\u00bb22px\u00bb header_3_font=\u00bb|600|||||||\u00bb header_3_text_color=\u00bb#666666&#8243; header_3_font_size=\u00bb16px\u00bb global_colors_info=\u00bb{}\u00bb]<\/p>\n<h3>Casa de Hu\u00e9spedes \/ Anexo<\/h3>\n<ul>\n<li><strong>Dormitorio 1<\/strong><br \/>Una cama doble con cuarto de ba\u00f1o privado (lavabo, retrete y ducha).<\/li>\n<li><strong>Dormitorio 2<\/strong><br \/>Dos camas individuales o una cama de matrimonio, cuarto de ba\u00f1o privado (lavabo, retrete y ducha).<\/li>\n<\/ul>\n<p>[\/et_pb_text][\/et_pb_column][\/et_pb_row][et_pb_row column_structure=\u00bb1_5,1_5,1_5,1_5,1_5&#8243; use_custom_gutter=\u00bbon\u00bb gutter_width=\u00bb2&#8243; _builder_version=\u00bb4.27.4&#8243; _module_preset=\u00bbdefault\u00bb custom_padding=\u00bb0px||0px|||\u00bb global_colors_info=\u00bb{}\u00bb][et_pb_column type=\u00bb1_5&#8243; _builder_version=\u00bb4.27.4&#8243; _module_preset=\u00bbdefault\u00bb global_colors_info=\u00bb{}\u00bb][et_pb_db_show_hide_button button_text=\u00bbbook entire villa\u00bb db_show_on_click=\u00bb#villa\u00bb db_hide_on_click=\u00bb#room\u00bb _builder_version=\u00bb4.27.4&#8243; _module_preset=\u00bbdefault\u00bb custom_css_main_element=\u00bbdisplay: flex;||gap: 20px;           \/* ruimte tussen modules *\/||align-items: center; \/* optioneel *\/||\u00bb global_colors_info=\u00bb{}\u00bb][\/et_pb_db_show_hide_button][\/et_pb_column][et_pb_column type=\u00bb1_5&#8243; _builder_version=\u00bb4.27.4&#8243; _module_preset=\u00bbdefault\u00bb global_colors_info=\u00bb{}\u00bb][et_pb_db_show_hide_button button_text=\u00bbBook a room\u00bb db_show_on_click=\u00bb#room\u00bb db_hide_on_click=\u00bb#villa\u00bb _builder_version=\u00bb4.27.4&#8243; _module_preset=\u00bbdefault\u00bb custom_css_main_element=\u00bbdisplay: flex;||gap: 20px;           \/* ruimte tussen modules *\/||align-items: center; \/* optioneel *\/||\u00bb global_colors_info=\u00bb{}\u00bb][\/et_pb_db_show_hide_button][\/et_pb_column][et_pb_column type=\u00bb1_5&#8243; _builder_version=\u00bb4.27.4&#8243; _module_preset=\u00bbdefault\u00bb global_colors_info=\u00bb{}\u00bb][\/et_pb_column][et_pb_column type=\u00bb1_5&#8243; _builder_version=\u00bb4.27.4&#8243; _module_preset=\u00bbdefault\u00bb global_colors_info=\u00bb{}\u00bb][\/et_pb_column][et_pb_column type=\u00bb1_5&#8243; _builder_version=\u00bb4.27.4&#8243; _module_preset=\u00bbdefault\u00bb global_colors_info=\u00bb{}\u00bb][\/et_pb_column][\/et_pb_row][\/et_pb_section][et_pb_section fb_built=\u00bb1&#8243; module_id=\u00bbvilla\u00bb _builder_version=\u00bb4.27.4&#8243; _module_preset=\u00bbdefault\u00bb custom_padding=\u00bb1px||4px|||\u00bb global_colors_info=\u00bb{}\u00bb collapsed=\u00bbon\u00bb][et_pb_row _builder_version=\u00bb4.27.4&#8243; _module_preset=\u00bbdefault\u00bb global_colors_info=\u00bb{}\u00bb][et_pb_column type=\u00bb4_4&#8243; _builder_version=\u00bb4.27.4&#8243; _module_preset=\u00bbdefault\u00bb global_colors_info=\u00bb{}\u00bb][et_pb_text _builder_version=\u00bb4.27.4&#8243; _module_preset=\u00bbdefault\u00bb header_2_font_size=\u00bb22px\u00bb custom_margin=\u00bb||-3px|||\u00bb global_colors_info=\u00bb{}\u00bb]<\/p>\n<h2><strong>Reservar todo el chalet  <\/strong><\/h2>\n<p><strong>m\u00e1x. 11 personas (5 habitaciones) <\/strong><\/p>\n<p>Reserva toda la villa y disfruta de Siempre Azul con total privacidad.<br data-start=\"325\" data-end=\"328\">Una estancia tranquila y exclusiva para compartir momentos especiales con tu propio grupo, rodeados de naturaleza, comodidad y espacio.<\/p>\n<p>Selecciona el periodo deseado en el calendario y rellena el formulario.<\/p>\n<p>[\/et_pb_text][\/et_pb_column][\/et_pb_row][et_pb_row column_structure=\u00bb1_2,1_2&#8243; module_id=\u00bbvilla\u00bb _builder_version=\u00bb4.27.4&#8243; _module_preset=\u00bbdefault\u00bb custom_padding=\u00bb0px|||||\u00bb global_colors_info=\u00bb{}\u00bb][et_pb_column type=\u00bb1_2&#8243; _builder_version=\u00bb4.27.4&#8243; _module_preset=\u00bbdefault\u00bb global_colors_info=\u00bb{}\u00bb][wpbs_divi_single_calendar id=\u00bb9&#8243; form_id=\u00bb1&#8243; title=\u00bbno\u00bb legend_position=\u00bbbottom\u00bb show_prices=\u00bbyes\u00bb minimum_days=\u00bb3&#8243; show_date_selection=\u00bbyes\u00bb admin_label=\u00bbVilla rental\u00bb _builder_version=\u00bb4.27.4&#8243; _module_preset=\u00bbdefault\u00bb custom_css_main_element=\u00bbdisplay: flex;||gap: 20px;    \u00bb global_colors_info=\u00bb{}\u00bb custom_css_main_element_last_edited=\u00bbon|desktop\u00bb custom_css_main_element_phone=\u00bbdisplay: flex;||gap: 20px;  ||flex-wrap: wrap;||\u00bb custom_css_main_element_tablet=\u00bbdisplay: flex;||gap: 20px;    \u00ab][\/wpbs_divi_single_calendar][\/et_pb_column][et_pb_column type=\u00bb1_2&#8243; _builder_version=\u00bb4.27.4&#8243; _module_preset=\u00bbdefault\u00bb global_colors_info=\u00bb{}\u00bb][et_pb_text _builder_version=\u00bb4.27.4&#8243; _module_preset=\u00bbdefault\u00bb header_2_font=\u00bb|600|||||||\u00bb header_2_font_size=\u00bb22px\u00bb global_colors_info=\u00bb{}\u00bb]<\/p>\n<h2>Informaci\u00f3n sobre reservas y estancias<\/h2>\n<p>[\/et_pb_text][et_pb_text _builder_version=\u00bb4.27.4&#8243; _module_preset=\u00bbdefault\u00bb text_font_size=\u00bb14px\u00bb header_2_font=\u00bb|600|||||||\u00bb header_2_text_color=\u00bb#666666&#8243; header_2_font_size=\u00bb22px\u00bb header_3_font=\u00bb|600|||||||\u00bb header_3_text_color=\u00bb#666666&#8243; header_3_font_size=\u00bb16px\u00bb custom_padding=\u00bb20px|20px|20px|20px|true|true\u00bb border_radii=\u00bbon|20px|20px|20px|20px\u00bb border_width_all=\u00bb1px\u00bb global_colors_info=\u00bb{}\u00bb]<\/p>\n<h3>Pol\u00edtica de pago y cancelaci\u00f3n<\/h3>\n<p>Se requiere el pago completo en el momento de la reserva.<br \/><strong><\/strong><\/p>\n<p><strong>En caso de cancelaci\u00f3n:<\/strong><\/p>\n<ul>\n<li>M\u00e1s de 6 semanas antes del periodo de alquiler: Reembolso del 100%.<\/li>\n<li>Dentro de las 6 semanas anteriores a la llegada: se retendr\u00e1 el 50% del precio del alquiler<\/li>\n<li>Las cancelaciones realizadas despu\u00e9s de este periodo no son reembolsables.<\/li>\n<\/ul>\n<ul><\/ul>\n<p>[\/et_pb_text][et_pb_text _builder_version=\u00bb4.27.4&#8243; _module_preset=\u00bbdefault\u00bb text_font_size=\u00bb14px\u00bb header_2_font=\u00bb|600|||||||\u00bb header_2_text_color=\u00bb#666666&#8243; header_2_font_size=\u00bb22px\u00bb header_3_font=\u00bb|600|||||||\u00bb header_3_text_color=\u00bb#666666&#8243; header_3_font_size=\u00bb16px\u00bb custom_padding=\u00bb20px|20px|20px|20px|true|true\u00bb border_radii=\u00bbon|20px|20px|20px|20px\u00bb border_width_all=\u00bb1px\u00bb global_colors_info=\u00bb{}\u00bb]<\/p>\n<h3>Costes incluidos y adicionales<\/h3>\n<ul>\n<li>La le\u00f1a para la chimenea est\u00e1 incluida<\/li>\n<li>Se cobra una tasa fija de limpieza final de 300 euros por estancia<\/li>\n<li>Se incluye ropa de cama, s\u00e1banas y toallas de ba\u00f1o<\/li>\n<li>Aire acondicionado y calefacci\u00f3n en toda la propiedad<\/li>\n<li>Chimenea disponible (le\u00f1a incluida)<\/li>\n<li>Cocina totalmente equipada<\/li>\n<\/ul>\n<ul><\/ul>\n<p>[\/et_pb_text][et_pb_text _builder_version=\u00bb4.27.4&#8243; _module_preset=\u00bbdefault\u00bb text_font_size=\u00bb14px\u00bb header_2_font=\u00bb|600|||||||\u00bb header_2_text_color=\u00bb#666666&#8243; header_2_font_size=\u00bb22px\u00bb header_3_font=\u00bb|600|||||||\u00bb header_3_text_color=\u00bb#666666&#8243; header_3_font_size=\u00bb16px\u00bb custom_padding=\u00bb20px|20px|20px|20px|true|true\u00bb border_radii=\u00bbon|20px|20px|20px|20px\u00bb border_width_all=\u00bb1px\u00bb global_colors_info=\u00bb{}\u00bb]<\/p>\n<h3>Instalaciones y servicios<\/h3>\n<ul>\n<li><strong>Piscina<\/strong><br \/>Atenci\u00f3n: la piscina no es segura para los ni\u00f1os. Los ni\u00f1os deben estar vigilados en todo momento. <\/li>\n<li><strong>Instalaciones para ni\u00f1os<\/strong><br \/>Hay una cuna de viaje para beb\u00e9s y una trona disponibles previa petici\u00f3n.<\/li>\n<li><strong>Servicio de lavander\u00eda<\/strong><br \/>Disponible por un coste adicional.<br \/>15 \u20ac por carga (lavado y secado) o 20 \u20ac con plegado incluido<\/li>\n<li><strong>Desayuno y cena<\/strong><br \/>El desayuno y la cena se pueden pedir in situ, seg\u00fan disponibilidad.<\/li>\n<li><strong>Aparcamiento<\/strong><br \/>Hay un amplio aparcamiento privado en la propiedad.<\/li>\n<\/ul>\n<p>[\/et_pb_text][\/et_pb_column][\/et_pb_row][\/et_pb_section][et_pb_section fb_built=\u00bb1&#8243; module_id=\u00bbhabitaci\u00f3n\u00bb _builder_version=\u00bb4.27.4&#8243; _module_preset=\u00bbdefault\u00bb custom_padding=\u00bb9px||3px|||\u00bb global_colors_info=\u00bb{}\u00bb collapsed=\u00bbon\u00bb][et_pb_row _builder_version=\u00bb4.27.4&#8243; _module_preset=\u00bbdefault\u00bb global_colors_info=\u00bb{}\u00bb][et_pb_column type=\u00bb4_4&#8243; _builder_version=\u00bb4.27.4&#8243; _module_preset=\u00bbdefault\u00bb global_colors_info=\u00bb{}\u00bb][et_pb_text _builder_version=\u00bb4.27.4&#8243; _module_preset=\u00bbdefault\u00bb header_2_font_size=\u00bb22px\u00bb global_colors_info=\u00bb{}\u00bb]<\/p>\n<h2><strong>Reserva una habitaci\u00f3n<\/strong><\/h2>\n<p><strong>m\u00e1x. 7 pers. (3 habitaciones)  <\/strong><br \/>Reserva una habitaci\u00f3n privada y disfruta del ambiente de Siempre Azul mientras compartes la villa con otros hu\u00e9spedes afines.<br \/>Una forma relajada y personal de alojarte, con tu propio espacio y momentos compartidos.<\/p>\n<p>Selecciona el periodo deseado en el calendario y rellena el formulario.<\/p>\n<p>[\/et_pb_text][\/et_pb_column][\/et_pb_row][et_pb_row column_structure=\u00bb1_2,1_2&#8243; module_id=\u00bbroom\u00bb _builder_version=\u00bb4.27.4&#8243; _module_preset=\u00bbdefault\u00bb custom_padding=\u00bb11px|||||\u00bb global_colors_info=\u00bb{}\u00bb][et_pb_column type=\u00bb1_2&#8243; _builder_version=\u00bb4.27.4&#8243; _module_preset=\u00bbdefault\u00bb global_colors_info=\u00bb{}\u00bb][wpbs_divi_single_calendar id=\u00bb8&#8243; form_id=\u00bb1&#8243; title=\u00bbno\u00bb legend_position=\u00bbbottom\u00bb show_prices=\u00bbyes\u00bb minimum_days=\u00bb3&#8243; show_date_selection=\u00bbyes\u00bb admin_label=\u00bbroom rental\u00bb _builder_version=\u00bb4.27.4&#8243; _module_preset=\u00bbdefault\u00bb global_colors_info=\u00bb{}\u00bb][\/wpbs_divi_single_calendar][\/et_pb_column][et_pb_column type=\u00bb1_2&#8243; _builder_version=\u00bb4.27.4&#8243; _module_preset=\u00bbdefault\u00bb global_colors_info=\u00bb{}\u00bb][et_pb_text _builder_version=\u00bb4.27.4&#8243; _module_preset=\u00bbdefault\u00bb header_2_font=\u00bb|600|||||||\u00bb header_2_font_size=\u00bb22px\u00bb global_colors_info=\u00bb{}\u00bb]<\/p>\n<h2>Informaci\u00f3n sobre reservas y estancias<\/h2>\n<p>[\/et_pb_text][et_pb_text _builder_version=\u00bb4.27.4&#8243; _module_preset=\u00bbdefault\u00bb text_font_size=\u00bb14px\u00bb header_2_font=\u00bb|600|||||||\u00bb header_2_text_color=\u00bb#666666&#8243; header_2_font_size=\u00bb22px\u00bb header_3_font=\u00bb|600|||||||\u00bb header_3_text_color=\u00bb#666666&#8243; header_3_font_size=\u00bb16px\u00bb custom_padding=\u00bb20px|20px|20px|20px|true|true\u00bb border_radii=\u00bbon|20px|20px|20px|20px\u00bb border_width_all=\u00bb1px\u00bb global_colors_info=\u00bb{}\u00bb]<\/p>\n<h3>Pol\u00edtica de pago y cancelaci\u00f3n<\/h3>\n<p>Se requiere el pago completo en el momento de la reserva.<br \/><strong><\/strong><\/p>\n<p><strong>En caso de cancelaci\u00f3n:<\/strong><\/p>\n<ul>\n<li>M\u00e1s de 6 semanas antes del periodo de alquiler: Reembolso del 100%.<\/li>\n<li>Dentro de las 6 semanas anteriores a la llegada: se retendr\u00e1 el 50% del precio del alquiler<\/li>\n<li>Las cancelaciones realizadas despu\u00e9s de este periodo no son reembolsables.<\/li>\n<\/ul>\n<ul><\/ul>\n<p>[\/et_pb_text][et_pb_text _builder_version=\u00bb4.27.4&#8243; _module_preset=\u00bbdefault\u00bb text_font_size=\u00bb14px\u00bb header_2_font=\u00bb|600|||||||\u00bb header_2_text_color=\u00bb#666666&#8243; header_2_font_size=\u00bb22px\u00bb header_3_font=\u00bb|600|||||||\u00bb header_3_text_color=\u00bb#666666&#8243; header_3_font_size=\u00bb16px\u00bb custom_padding=\u00bb20px|20px|20px|20px|true|true\u00bb border_radii=\u00bbon|20px|20px|20px|20px\u00bb border_width_all=\u00bb1px\u00bb global_colors_info=\u00bb{}\u00bb]<\/p>\n<h3>Costes incluidos y adicionales<\/h3>\n<ul>\n<li>La le\u00f1a para la chimenea est\u00e1 incluida<\/li>\n<li>Se cobra una tasa fija de limpieza final de 300 euros por estancia<\/li>\n<li>Se incluye ropa de cama, s\u00e1banas y toallas de ba\u00f1o<\/li>\n<li>Aire acondicionado y calefacci\u00f3n en toda la propiedad<\/li>\n<li>Chimenea disponible (le\u00f1a incluida)<\/li>\n<li>Cocina totalmente equipada<\/li>\n<\/ul>\n<ul><\/ul>\n<p>[\/et_pb_text][et_pb_text _builder_version=\u00bb4.27.4&#8243; _module_preset=\u00bbdefault\u00bb text_font_size=\u00bb14px\u00bb header_2_font=\u00bb|600|||||||\u00bb header_2_text_color=\u00bb#666666&#8243; header_2_font_size=\u00bb22px\u00bb header_3_font=\u00bb|600|||||||\u00bb header_3_text_color=\u00bb#666666&#8243; header_3_font_size=\u00bb16px\u00bb custom_padding=\u00bb20px|20px|20px|20px|true|true\u00bb border_radii=\u00bbon|20px|20px|20px|20px\u00bb border_width_all=\u00bb1px\u00bb global_colors_info=\u00bb{}\u00bb]<\/p>\n<h3>Instalaciones y servicios<\/h3>\n<ul>\n<li><strong>Piscina<\/strong><br \/>Atenci\u00f3n: la piscina no es segura para los ni\u00f1os. Los ni\u00f1os deben estar vigilados en todo momento. <\/li>\n<li><strong>Instalaciones para ni\u00f1os<\/strong><br \/>Hay una cuna de viaje para beb\u00e9s y una trona disponibles previa petici\u00f3n.<\/li>\n<li><strong>Servicio de lavander\u00eda<\/strong><br \/>Disponible por un coste adicional.<br \/>15 \u20ac por carga (lavado y secado) o 20 \u20ac con plegado incluido<\/li>\n<li><strong>Desayuno y cena<\/strong><br \/>El desayuno y la cena se pueden pedir in situ, seg\u00fan disponibilidad.<\/li>\n<li><strong>Aparcamiento<\/strong><br \/>Hay un amplio aparcamiento privado en la propiedad.<\/li>\n<\/ul>\n<p>[\/et_pb_text][\/et_pb_column][\/et_pb_row][\/et_pb_section]<\/p>\n","protected":false},"excerpt":{"rendered":"<p>Reserva tus vacaciones en Villa FloresElige c\u00f3mo quieres alojarte con nosotros Nuestra villa puede reservarse exclusivamente en su totalidad o por habitaciones individuales. Selecciona la opci\u00f3n que mejor se adapte a tu estancia antes de continuar. Reserva por habitaciones: m\u00e1ximo 7 hu\u00e9spedes Reserva de toda la villa: hasta 11 hu\u00e9spedes (7 + 4)Casa principal Dormitorio [&hellip;]<\/p>\n","protected":false},"author":1,"featured_media":0,"parent":0,"menu_order":0,"comment_status":"closed","ping_status":"closed","template":"","meta":{"_et_pb_use_builder":"on","_et_pb_old_content":"","_et_gb_content_width":"","footnotes":""},"class_list":["post-1991","page","type-page","status-publish","hentry"],"_links":{"self":[{"href":"https:\/\/siempre-azul.com\/es\/wp-json\/wp\/v2\/pages\/1991","targetHints":{"allow":["GET"]}}],"collection":[{"href":"https:\/\/siempre-azul.com\/es\/wp-json\/wp\/v2\/pages"}],"about":[{"href":"https:\/\/siempre-azul.com\/es\/wp-json\/wp\/v2\/types\/page"}],"author":[{"embeddable":true,"href":"https:\/\/siempre-azul.com\/es\/wp-json\/wp\/v2\/users\/1"}],"replies":[{"embeddable":true,"href":"https:\/\/siempre-azul.com\/es\/wp-json\/wp\/v2\/comments?post=1991"}],"version-history":[{"count":7,"href":"https:\/\/siempre-azul.com\/es\/wp-json\/wp\/v2\/pages\/1991\/revisions"}],"predecessor-version":[{"id":3079,"href":"https:\/\/siempre-azul.com\/es\/wp-json\/wp\/v2\/pages\/1991\/revisions\/3079"}],"wp:attachment":[{"href":"https:\/\/siempre-azul.com\/es\/wp-json\/wp\/v2\/media?parent=1991"}],"curies":[{"name":"wp","href":"https:\/\/api.w.org\/{rel}","templated":true}]}}